{"id":15449,"date":"2022-08-11T12:06:50","date_gmt":"2022-08-11T15:06:50","guid":{"rendered":"https:\/\/comprenowhats.com.br\/arezzoanaliafranco\/produto\/tnis-slip-on-bege-couro-flatform-elsticos-arezzo\/"},"modified":"2023-12-20T13:24:06","modified_gmt":"2023-12-20T16:24:06","slug":"tnis-slip-on-bege-couro-flatform-elsticos-arezzo","status":"publish","type":"product","link":"https:\/\/comprenowhats.com.br\/arezzoanaliafranco\/produto\/tnis-slip-on-bege-couro-flatform-elsticos-arezzo\/","title":{"rendered":"T&ecirc;nis Slip On Bege Couro Flatform El&aacute;sticos | Arezzo"},"content":{"rendered":"<p class=\"ty-message\">T\u00eanis slip on bege nude de couro. O modelo tem solado alto emborrachado branco com frente texturizada e biqueira tamb\u00e9m de borracha. Traz quatro el\u00e1sticos m\u00e9dios bege com grava\u00e7\u00e3o ZZ sobre o cabedal. De bico redondo, o t\u00eanis tem borda do cano bombada e tira com puxador no calcanhar, que facilita o calce. <\/p>\n<p><b>Porque Apostar<\/b><\/br><\/br> O slip on aposta no detalhe dos el\u00e1sticos, que confere um toque charmoso ao modelo. \u00c9 super pr\u00e1tico de cal\u00e7ar e garantia de muito conforto para os p\u00e9s. Possui um design minimalista e urbano, cria looks despojados e combina com as mais diversas pe\u00e7as, do jeans \u00e0 alfaiataria. A melhor op\u00e7\u00e3o para acompanhar a rotina com estilo, aposte!<\/p>\n<div style='text-align: center'><img src='https:\/\/secure-static.arezzo.com.br\/medias\/sys_master\/arezzo\/arezzo\/hbb\/h98\/h00\/h00\/10543114813470\/1121800300016U-01-BASEIMAGE-Hires.jpg' style='max-height: 400px' \/><img src='https:\/\/secure-static.arezzo.com.br\/medias\/sys_master\/arezzo\/arezzo\/h20\/hc9\/h00\/h00\/10543115010078\/1121800300016U-03-BASEIMAGE-Hires.jpg' style='max-height: 400px' \/><img src='https:\/\/secure-static.arezzo.com.br\/medias\/sys_master\/arezzo\/arezzo\/hf9\/hc3\/h00\/h00\/10543115206686\/1121800300016U-04-BASEIMAGE-Hires.jpg' style='max-height: 400px' \/><img src='https:\/\/secure-static.arezzo.com.br\/medias\/sys_master\/arezzo\/arezzo\/he4\/hf9\/h00\/h00\/10543115403294\/1121800300016U-05-BASEIMAGE-Hires.jpg' style='max-height: 400px' \/><img src='https:\/\/secure-static.arezzo.com.br\/medias\/sys_master\/arezzo\/arezzo\/h7d\/hf3\/h00\/h00\/10543115599902\/1121800300016U-06-BASEIMAGE-Hires.jpg' style='max-height: 400px' \/><img src='https:\/\/secure-static.arezzo.com.br\/medias\/sys_master\/arezzo\/arezzo\/h5b\/hb1\/h00\/h00\/10543115796510\/1121800300016U-07-BASEIMAGE-Hires.jpg' style='max-height: 400px' \/><img src='https:\/\/secure-static.arezzo.com.br\/medias\/sys_master\/arezzo\/arezzo\/he9\/h6c\/h00\/h00\/10543115993118\/1121800300016U-08-BASEIMAGE-Hires.jpg' style='max-height: 400px' \/><\/div>\n<p>* Entre em contato por WhatsApp para verificar a disponibilidade do produto. Ref.: A1121800300016<\/p>\n","protected":false},"excerpt":{"rendered":"<p>Estoque dispon\u00edvel nos tamanhos: ULTIMA_ESTACAO, 34, 35, 36, 37, 38, 39.<br \/><small>atualizado em 20\/12\/2023.<\/p>\n","protected":false},"featured_media":15448,"template":"","meta":[],"product_brand":[],"product_cat":[57],"product_tag":[42,43,44,45,46,47,628],"class_list":{"0":"post-15449","1":"product","2":"type-product","3":"status-publish","4":"has-post-thumbnail","6":"product_cat-tenis-sapatos","7":"product_tag-42","8":"product_tag-43","9":"product_tag-44","10":"product_tag-45","11":"product_tag-46","12":"product_tag-47","13":"product_tag-ultima_estacao","15":"first","16":"instock","17":"shipping-taxable","18":"purchasable","19":"product-type-simple"},"_links":{"self":[{"href":"https:\/\/comprenowhats.com.br\/arezzoanaliafranco\/wp-json\/wp\/v2\/product\/15449","targetHints":{"allow":["GET"]}}],"collection":[{"href":"https:\/\/comprenowhats.com.br\/arezzoanaliafranco\/wp-json\/wp\/v2\/product"}],"about":[{"href":"https:\/\/comprenowhats.com.br\/arezzoanaliafranco\/wp-json\/wp\/v2\/types\/product"}],"wp:featuredmedia":[{"embeddable":true,"href":"https:\/\/comprenowhats.com.br\/arezzoanaliafranco\/wp-json\/wp\/v2\/media\/15448"}],"wp:attachment":[{"href":"https:\/\/comprenowhats.com.br\/arezzoanaliafranco\/wp-json\/wp\/v2\/media?parent=15449"}],"wp:term":[{"taxonomy":"product_brand","embeddable":true,"href":"https:\/\/comprenowhats.com.br\/arezzoanaliafranco\/wp-json\/wp\/v2\/product_brand?post=15449"},{"taxonomy":"product_cat","embeddable":true,"href":"https:\/\/comprenowhats.com.br\/arezzoanaliafranco\/wp-json\/wp\/v2\/product_cat?post=15449"},{"taxonomy":"product_tag","embeddable":true,"href":"https:\/\/comprenowhats.com.br\/arezzoanaliafranco\/wp-json\/wp\/v2\/product_tag?post=15449"}],"curies":[{"name":"wp","href":"https:\/\/api.w.org\/{rel}","templated":true}]}}