{"id":15410,"date":"2022-08-11T12:06:10","date_gmt":"2022-08-11T15:06:10","guid":{"rendered":"https:\/\/comprenowhats.com.br\/arezzoanaliafranco\/produto\/sandlia-rasteira-preta-couro-tiras-n-arezzo\/"},"modified":"2023-12-20T13:21:56","modified_gmt":"2023-12-20T16:21:56","slug":"sandlia-rasteira-preta-couro-tiras-n-arezzo","status":"publish","type":"product","link":"https:\/\/comprenowhats.com.br\/arezzoanaliafranco\/produto\/sandlia-rasteira-preta-couro-tiras-n-arezzo\/","title":{"rendered":"Sand&aacute;lia Rasteira Preta Couro Tiras N&oacute; | Arezzo"},"content":{"rendered":"<p class=\"ty-message\">Sand\u00e1lia preta de couro. O modelo tem salto rasteiro e bico redondo. Traz tr\u00eas tiras finas e bombadas sobre os dedos, unidas por enlace central. Possui tira fina em torno do calcanhar e mais duas tiras bombadas no tornozelo com ponteiras met\u00e1licas e fecho em n\u00f3 frontal. Com palmilha da cor do modelo e inscri\u00e7\u00e3o do nome da marca. A sand\u00e1lia exibe todo o p\u00e9. <\/p>\n<p><b>Porque Apostar<\/b><\/br><\/br> A sand\u00e1lia rasteira de tiras bombadas j\u00e1 \u00e9 um cl\u00e1ssico! Comp\u00f5e tanto produ\u00e7\u00f5es mais s\u00f3brias como tamb\u00e9m looks despojados e vai do escrit\u00f3rio ao passeio com muito conforto. O modelo surge atualizado nas cores da temporada e \u00e9 aquele item vers\u00e1til para apostar sem medo!<\/p>\n<div style='text-align: center'><img src='https:\/\/secure-static.arezzo.com.br\/medias\/sys_master\/arezzo\/arezzo\/h84\/h1b\/h00\/h00\/10543585886238\/0448506750012U-01-BASEIMAGE-Hires.jpg' style='max-height: 400px' \/><img src='https:\/\/secure-static.arezzo.com.br\/medias\/sys_master\/arezzo\/arezzo\/h9a\/h24\/h00\/h00\/10543586213918\/0448506750012U-03-BASEIMAGE-Hires.jpg' style='max-height: 400px' \/><img src='https:\/\/secure-static.arezzo.com.br\/medias\/sys_master\/arezzo\/arezzo\/h85\/h2c\/h00\/h00\/10543586541598\/0448506750012U-04-BASEIMAGE-Hires.jpg' style='max-height: 400px' \/><img src='https:\/\/secure-static.arezzo.com.br\/medias\/sys_master\/arezzo\/arezzo\/hd6\/h8e\/h00\/h00\/10543586869278\/0448506750012U-05-BASEIMAGE-Hires.jpg' style='max-height: 400px' \/><img src='https:\/\/secure-static.arezzo.com.br\/medias\/sys_master\/arezzo\/arezzo\/hf9\/hd8\/h00\/h00\/10543587196958\/0448506750012U-06-BASEIMAGE-Hires.jpg' style='max-height: 400px' \/><img src='https:\/\/secure-static.arezzo.com.br\/medias\/sys_master\/arezzo\/arezzo\/h29\/h36\/h00\/h00\/10543587524638\/0448506750012U-07-BASEIMAGE-Hires.jpg' style='max-height: 400px' \/><img src='https:\/\/secure-static.arezzo.com.br\/medias\/sys_master\/arezzo\/arezzo\/h6b\/h19\/h00\/h00\/10543587852318\/0448506750012U-08-BASEIMAGE-Hires.jpg' style='max-height: 400px' \/><\/div>\n<p>* Entre em contato por WhatsApp para verificar a disponibilidade do produto. Ref.: A0448506750012<\/p>\n","protected":false},"excerpt":{"rendered":"<p>Estoque dispon\u00edvel nos tamanhos: ULTIMA_ESTACAO, 34.<br \/><small>atualizado em 20\/12\/2023.<\/p>\n","protected":false},"featured_media":15409,"template":"","meta":[],"product_brand":[],"product_cat":[56],"product_tag":[42,628],"class_list":{"0":"post-15410","1":"product","2":"type-product","3":"status-publish","4":"has-post-thumbnail","6":"product_cat-sandalias","7":"product_tag-42","8":"product_tag-ultima_estacao","10":"first","11":"instock","12":"shipping-taxable","13":"purchasable","14":"product-type-simple"},"_links":{"self":[{"href":"https:\/\/comprenowhats.com.br\/arezzoanaliafranco\/wp-json\/wp\/v2\/product\/15410","targetHints":{"allow":["GET"]}}],"collection":[{"href":"https:\/\/comprenowhats.com.br\/arezzoanaliafranco\/wp-json\/wp\/v2\/product"}],"about":[{"href":"https:\/\/comprenowhats.com.br\/arezzoanaliafranco\/wp-json\/wp\/v2\/types\/product"}],"wp:featuredmedia":[{"embeddable":true,"href":"https:\/\/comprenowhats.com.br\/arezzoanaliafranco\/wp-json\/wp\/v2\/media\/15409"}],"wp:attachment":[{"href":"https:\/\/comprenowhats.com.br\/arezzoanaliafranco\/wp-json\/wp\/v2\/media?parent=15410"}],"wp:term":[{"taxonomy":"product_brand","embeddable":true,"href":"https:\/\/comprenowhats.com.br\/arezzoanaliafranco\/wp-json\/wp\/v2\/product_brand?post=15410"},{"taxonomy":"product_cat","embeddable":true,"href":"https:\/\/comprenowhats.com.br\/arezzoanaliafranco\/wp-json\/wp\/v2\/product_cat?post=15410"},{"taxonomy":"product_tag","embeddable":true,"href":"https:\/\/comprenowhats.com.br\/arezzoanaliafranco\/wp-json\/wp\/v2\/product_tag?post=15410"}],"curies":[{"name":"wp","href":"https:\/\/api.w.org\/{rel}","templated":true}]}}