{"id":15366,"date":"2022-08-11T12:05:24","date_gmt":"2022-08-11T15:05:24","guid":{"rendered":"https:\/\/comprenowhats.com.br\/arezzoanaliafranco\/produto\/sandlia-branca-verniz-salto-mdio-fino-isabelli-arezzo\/"},"modified":"2023-09-22T11:52:50","modified_gmt":"2023-09-22T14:52:50","slug":"sandlia-branca-verniz-salto-mdio-fino-isabelli-arezzo","status":"publish","type":"product","link":"https:\/\/comprenowhats.com.br\/arezzoanaliafranco\/produto\/sandlia-branca-verniz-salto-mdio-fino-isabelli-arezzo\/","title":{"rendered":"Sand&aacute;lia Branca Verniz Salto M&eacute;dio Fino Isabelli | Arezzo"},"content":{"rendered":"<p class=\"ty-message\">Sand\u00e1lia branca em verniz. O modelo tem salto m\u00e9dio fino, revestido no mesmo material do cal\u00e7ado, e bico redondo. Traz tira m\u00e9dia e lisa sobre os dedos. Fechada no calcanhar, possui tira fina em torno do tornozelo com fivela met\u00e1lica lateral. Com palmilha da cor do modelo e inscri\u00e7\u00e3o do nome da marca. A sand\u00e1lia exibe todo o peito do p\u00e9 e os dedos. <\/p>\n<p><b>Porque Apostar<\/b><\/br><\/br> A sand\u00e1lia Isabelli \u00e9 um cl\u00e1ssico! Possui um design minimalista e atemporal, inserindo sofistica\u00e7\u00e3o nas produ\u00e7\u00f5es. Cria looks elegantes e combina com as mais diversas pe\u00e7as, do jeans \u00e0 alfaiataria e ainda vestidos de festa. O modelo surge em um tom neutro super vers\u00e1til, expressando as tend\u00eancias da temporada!<\/p>\n<div style='text-align: center'><img src='https:\/\/secure-static.arezzo.com.br\/medias\/sys_master\/arezzo\/arezzo\/h47\/hbe\/h00\/h00\/10554549272606\/0269500260350U-03-BASEIMAGE-Hires.jpg' style='max-height: 400px' \/><img src='https:\/\/secure-static.arezzo.com.br\/medias\/sys_master\/arezzo\/arezzo\/h93\/he6\/h00\/h00\/10554549600286\/0269500260350U-04-BASEIMAGE-Hires.jpg' style='max-height: 400px' \/><img src='https:\/\/secure-static.arezzo.com.br\/medias\/sys_master\/arezzo\/arezzo\/hb5\/h4f\/h00\/h00\/10554549927966\/0269500260350U-05-BASEIMAGE-Hires.jpg' style='max-height: 400px' \/><\/div>\n<p>* Entre em contato por WhatsApp para verificar a disponibilidade do produto. Ref.: A0269500260350<\/p>\n","protected":false},"excerpt":{"rendered":"<p>Estoque dispon\u00edvel nos tamanhos: ULTIMA_ESTACAO, 37.<br \/><small>atualizado em 22\/09\/2023.<\/p>\n","protected":false},"featured_media":15365,"template":"","meta":[],"product_brand":[],"product_cat":[56],"product_tag":[45,628],"class_list":{"0":"post-15366","1":"product","2":"type-product","3":"status-publish","4":"has-post-thumbnail","6":"product_cat-sandalias","7":"product_tag-45","8":"product_tag-ultima_estacao","10":"first","11":"instock","12":"shipping-taxable","13":"purchasable","14":"product-type-simple"},"_links":{"self":[{"href":"https:\/\/comprenowhats.com.br\/arezzoanaliafranco\/wp-json\/wp\/v2\/product\/15366","targetHints":{"allow":["GET"]}}],"collection":[{"href":"https:\/\/comprenowhats.com.br\/arezzoanaliafranco\/wp-json\/wp\/v2\/product"}],"about":[{"href":"https:\/\/comprenowhats.com.br\/arezzoanaliafranco\/wp-json\/wp\/v2\/types\/product"}],"wp:featuredmedia":[{"embeddable":true,"href":"https:\/\/comprenowhats.com.br\/arezzoanaliafranco\/wp-json\/wp\/v2\/media\/15365"}],"wp:attachment":[{"href":"https:\/\/comprenowhats.com.br\/arezzoanaliafranco\/wp-json\/wp\/v2\/media?parent=15366"}],"wp:term":[{"taxonomy":"product_brand","embeddable":true,"href":"https:\/\/comprenowhats.com.br\/arezzoanaliafranco\/wp-json\/wp\/v2\/product_brand?post=15366"},{"taxonomy":"product_cat","embeddable":true,"href":"https:\/\/comprenowhats.com.br\/arezzoanaliafranco\/wp-json\/wp\/v2\/product_cat?post=15366"},{"taxonomy":"product_tag","embeddable":true,"href":"https:\/\/comprenowhats.com.br\/arezzoanaliafranco\/wp-json\/wp\/v2\/product_tag?post=15366"}],"curies":[{"name":"wp","href":"https:\/\/api.w.org\/{rel}","templated":true}]}}