{"id":14864,"date":"2022-06-14T14:23:33","date_gmt":"2022-06-14T17:23:33","guid":{"rendered":"https:\/\/comprenowhats.com.br\/arezzoanaliafranco\/produto\/bota-off-white-couro-cano-mdio-tratorada-preta-arezzo\/"},"modified":"2023-09-22T11:55:53","modified_gmt":"2023-09-22T14:55:53","slug":"bota-off-white-couro-cano-mdio-tratorada-preta-arezzo","status":"publish","type":"product","link":"https:\/\/comprenowhats.com.br\/arezzoanaliafranco\/produto\/bota-off-white-couro-cano-mdio-tratorada-preta-arezzo\/","title":{"rendered":"Bota Off-White Couro Cano M&eacute;dio Tratorada Preta | Arezzo"},"content":{"rendered":"<p class=\"ty-message\">Bota Off-white de couro. O modelo tem cano m\u00e9dio, salto baixo e bico redondo. Possui base emborrachada tratorada preta e bipartida. Traz cabedal em couro liso e possui el\u00e1sticos largos pretos nas laterais interna e externa do cano. Apresenta detalhe em tira com puxador sobre o calcanhar e parte traseira, facilitando o calce. <\/p>\n<p><b>Porque Apostar<\/b><\/br><\/br> A bota Chelsea surge renovada com sola tratorada e cano m\u00e9dio, traduzindo as tend\u00eancias da temporada. Possui um design urbano e imponente e \u00e9 garantia de muito conforto e estilo. Cria looks descolados e combina com as mais diversas pe\u00e7as. Aposte em vestidos, shorts de sarja, parkas e itens em tons vibrantes para um visual a cara da esta\u00e7\u00e3o.<\/p>\n<div style='text-align: center'><img src='https:\/\/secure-static.arezzo.com.br\/medias\/sys_master\/arezzo\/arezzo\/ha1\/hb1\/h00\/h00\/10497863254046\/1229600090002U-01-BASEIMAGE-Hires.jpg' style='max-height: 400px' \/><img src='https:\/\/secure-static.arezzo.com.br\/medias\/sys_master\/arezzo\/arezzo\/h71\/h53\/h00\/h00\/10497863581726\/1229600090002U-03-BASEIMAGE-Hires.jpg' style='max-height: 400px' \/><img src='https:\/\/secure-static.arezzo.com.br\/medias\/sys_master\/arezzo\/arezzo\/hb0\/h14\/h00\/h00\/10497863909406\/1229600090002U-04-BASEIMAGE-Hires.jpg' style='max-height: 400px' \/><img src='https:\/\/secure-static.arezzo.com.br\/medias\/sys_master\/arezzo\/arezzo\/h46\/h07\/h00\/h00\/10497864237086\/1229600090002U-05-BASEIMAGE-Hires.jpg' style='max-height: 400px' \/><img src='https:\/\/secure-static.arezzo.com.br\/medias\/sys_master\/arezzo\/arezzo\/he9\/h56\/h00\/h00\/10497864564766\/1229600090002U-06-BASEIMAGE-Hires.jpg' style='max-height: 400px' \/><img src='https:\/\/secure-static.arezzo.com.br\/medias\/sys_master\/arezzo\/arezzo\/h53\/h07\/h00\/h00\/10497864892446\/1229600090002U-07-BASEIMAGE-Hires.jpg' style='max-height: 400px' \/><img src='https:\/\/secure-static.arezzo.com.br\/medias\/sys_master\/arezzo\/arezzo\/h89\/haf\/h00\/h00\/10497865220126\/1229600090002U-08-BASEIMAGE-Hires.jpg' style='max-height: 400px' \/><\/div>\n<p>* Entre em contato por WhatsApp para verificar a disponibilidade do produto. Ref.: A1229600090002<\/p>\n","protected":false},"excerpt":{"rendered":"<p>Estoque dispon\u00edvel nos tamanhos: ULTIMA_ESTACAO, 34, 39.<br \/><small>atualizado em 22\/09\/2023.<\/p>\n","protected":false},"featured_media":14863,"template":"","meta":[],"product_brand":[],"product_cat":[156],"product_tag":[42,47,628],"class_list":{"0":"post-14864","1":"product","2":"type-product","3":"status-publish","4":"has-post-thumbnail","6":"product_cat-botas-femininas","7":"product_tag-42","8":"product_tag-47","9":"product_tag-ultima_estacao","11":"first","12":"instock","13":"shipping-taxable","14":"purchasable","15":"product-type-simple"},"_links":{"self":[{"href":"https:\/\/comprenowhats.com.br\/arezzoanaliafranco\/wp-json\/wp\/v2\/product\/14864","targetHints":{"allow":["GET"]}}],"collection":[{"href":"https:\/\/comprenowhats.com.br\/arezzoanaliafranco\/wp-json\/wp\/v2\/product"}],"about":[{"href":"https:\/\/comprenowhats.com.br\/arezzoanaliafranco\/wp-json\/wp\/v2\/types\/product"}],"wp:featuredmedia":[{"embeddable":true,"href":"https:\/\/comprenowhats.com.br\/arezzoanaliafranco\/wp-json\/wp\/v2\/media\/14863"}],"wp:attachment":[{"href":"https:\/\/comprenowhats.com.br\/arezzoanaliafranco\/wp-json\/wp\/v2\/media?parent=14864"}],"wp:term":[{"taxonomy":"product_brand","embeddable":true,"href":"https:\/\/comprenowhats.com.br\/arezzoanaliafranco\/wp-json\/wp\/v2\/product_brand?post=14864"},{"taxonomy":"product_cat","embeddable":true,"href":"https:\/\/comprenowhats.com.br\/arezzoanaliafranco\/wp-json\/wp\/v2\/product_cat?post=14864"},{"taxonomy":"product_tag","embeddable":true,"href":"https:\/\/comprenowhats.com.br\/arezzoanaliafranco\/wp-json\/wp\/v2\/product_tag?post=14864"}],"curies":[{"name":"wp","href":"https:\/\/api.w.org\/{rel}","templated":true}]}}