{"id":14834,"date":"2022-06-14T14:20:43","date_gmt":"2022-06-14T17:20:43","guid":{"rendered":"https:\/\/comprenowhats.com.br\/arezzoanaliafranco\/produto\/tnis-infantil-lils-teddy-roxo-arezzo\/"},"modified":"2023-12-02T11:47:02","modified_gmt":"2023-12-02T14:47:02","slug":"tnis-infantil-lils-teddy-roxo-arezzo","status":"publish","type":"product","link":"https:\/\/comprenowhats.com.br\/arezzoanaliafranco\/produto\/tnis-infantil-lils-teddy-roxo-arezzo\/","title":{"rendered":"T&ecirc;nis Infantil Lil&aacute;s Teddy Roxo | Arezzo"},"content":{"rendered":"<p class=\"ty-message\">T\u00eanis lil\u00e1s. O modelo tem solado emborrachado branco. Traz l\u00edngua e parte interna do cano revestidas em tecido felpudo roxo. De bico redondo, o t\u00eanis tem fecho em duas tiras com velcro. Este modelo faz parte da cole\u00e7\u00e3o AREZZO BAMBINI, a linha de cal\u00e7ados infantil da Arezzo.<\/p>\n<p><b>Porque Apostar<\/b><\/br><\/br>O t\u00eanis em vers\u00e3o infantil vem revestido em tecido felpudo teddy, perfeito para meninas fashionistas! Inspirados no universo l\u00fadico das crian\u00e7as, os modelos da cole\u00e7\u00e3o AREZZO BAMBINI foram pensados para atender as pequenas em todas as ocasi\u00f5es, oferecendo muito conforto e charme. O t\u00eanis insere um toque divertido nos looks e vai ser o companheiro ideal para as suas aventuras!<\/p>\n<div style='text-align: center'><img src='https:\/\/secure-static.arezzo.com.br\/medias\/sys_master\/arezzo\/arezzo\/h1f\/ha0\/h00\/h00\/10496414154782\/1211600220003U-03-BASEIMAGE-Hires.jpg' style='max-height: 400px' \/><img src='https:\/\/secure-static.arezzo.com.br\/medias\/sys_master\/arezzo\/arezzo\/h89\/h50\/h00\/h00\/10496414482462\/1211600220003U-04-BASEIMAGE-Hires.jpg' style='max-height: 400px' \/><img src='https:\/\/secure-static.arezzo.com.br\/medias\/sys_master\/arezzo\/arezzo\/h46\/h52\/h00\/h00\/10496414810142\/1211600220003U-05-BASEIMAGE-Hires.jpg' style='max-height: 400px' \/><img src='https:\/\/secure-static.arezzo.com.br\/medias\/sys_master\/arezzo\/arezzo\/h31\/hfd\/h00\/h00\/10496415137822\/1211600220003U-06-BASEIMAGE-Hires.jpg' style='max-height: 400px' \/><img src='https:\/\/secure-static.arezzo.com.br\/medias\/sys_master\/arezzo\/arezzo\/h38\/hb3\/h00\/h00\/10496415465502\/1211600220003U-07-BASEIMAGE-Hires.jpg' style='max-height: 400px' \/><img src='https:\/\/secure-static.arezzo.com.br\/medias\/sys_master\/arezzo\/arezzo\/h82\/hf2\/h00\/h00\/10496415858718\/1211600220003U-08-BASEIMAGE-Hires.jpg' style='max-height: 400px' \/><\/div>\n<p>* Entre em contato por WhatsApp para verificar a disponibilidade do produto. Ref.: A1211600220003<\/p>\n","protected":false},"excerpt":{"rendered":"<p>Estoque dispon\u00edvel no tamanho: ULTIMA_ESTACAO.<br \/><small>atualizado em 02\/12\/2023.<\/p>\n","protected":false},"featured_media":14833,"template":"","meta":[],"product_brand":[],"product_cat":[57],"product_tag":[628],"class_list":{"0":"post-14834","1":"product","2":"type-product","3":"status-publish","4":"has-post-thumbnail","6":"product_cat-tenis-sapatos","7":"product_tag-ultima_estacao","9":"first","10":"instock","11":"shipping-taxable","12":"purchasable","13":"product-type-simple"},"_links":{"self":[{"href":"https:\/\/comprenowhats.com.br\/arezzoanaliafranco\/wp-json\/wp\/v2\/product\/14834","targetHints":{"allow":["GET"]}}],"collection":[{"href":"https:\/\/comprenowhats.com.br\/arezzoanaliafranco\/wp-json\/wp\/v2\/product"}],"about":[{"href":"https:\/\/comprenowhats.com.br\/arezzoanaliafranco\/wp-json\/wp\/v2\/types\/product"}],"wp:featuredmedia":[{"embeddable":true,"href":"https:\/\/comprenowhats.com.br\/arezzoanaliafranco\/wp-json\/wp\/v2\/media\/14833"}],"wp:attachment":[{"href":"https:\/\/comprenowhats.com.br\/arezzoanaliafranco\/wp-json\/wp\/v2\/media?parent=14834"}],"wp:term":[{"taxonomy":"product_brand","embeddable":true,"href":"https:\/\/comprenowhats.com.br\/arezzoanaliafranco\/wp-json\/wp\/v2\/product_brand?post=14834"},{"taxonomy":"product_cat","embeddable":true,"href":"https:\/\/comprenowhats.com.br\/arezzoanaliafranco\/wp-json\/wp\/v2\/product_cat?post=14834"},{"taxonomy":"product_tag","embeddable":true,"href":"https:\/\/comprenowhats.com.br\/arezzoanaliafranco\/wp-json\/wp\/v2\/product_tag?post=14834"}],"curies":[{"name":"wp","href":"https:\/\/api.w.org\/{rel}","templated":true}]}}