{"id":14401,"date":"2022-05-17T12:40:05","date_gmt":"2022-05-17T15:40:05","guid":{"rendered":"https:\/\/comprenowhats.com.br\/arezzoanaliafranco\/produto\/slip-on-vinho-tecido-sola-baixa-elsticos-arezzo\/"},"modified":"2023-12-02T11:39:52","modified_gmt":"2023-12-02T14:39:52","slug":"slip-on-vinho-tecido-sola-baixa-elsticos-arezzo","status":"publish","type":"product","link":"https:\/\/comprenowhats.com.br\/arezzoanaliafranco\/produto\/slip-on-vinho-tecido-sola-baixa-elsticos-arezzo\/","title":{"rendered":"Slip On Vinho Tecido Sola Baixa El&aacute;sticos | Arezzo"},"content":{"rendered":"<p class=\"ty-message\">T\u00eanis slip on vermelho vinho em tecido texturizado. O modelo tem solado baixo emborrachado branco liso e flatform. Traz dois el\u00e1sticos grandes vermelhos cruzados sobre o cabedal. De bico redondo, o t\u00eanis tem fita de gorgur\u00e3o com puxador no calcanhar, que facilita o calce. Possui tag de gorgur\u00e3o vermelha com grava\u00e7\u00e3o ZZ no peito do p\u00e9 e palmilha branca com inscri\u00e7\u00e3o do nome da marca. <\/p>\n<p><b>Porque Apostar<\/b><\/br><\/br> O modelo em knit e el\u00e1sticos \u00e9 super pr\u00e1tico de cal\u00e7ar e garantia de muito conforto para os p\u00e9s. Possui um design minimalista e urbano, cria looks despojados e combina com as mais diversas pe\u00e7as, do jeans \u00e0 alfaiataria. A melhor op\u00e7\u00e3o para acompanhar a rotina com estilo, aposte!<\/p>\n<div style='text-align: center'><img src='https:\/\/secure-static.arezzo.com.br\/medias\/sys_master\/arezzo\/arezzo\/h57\/h9f\/h00\/h00\/10438476791838\/1240300010003U-03-BASEIMAGE-Hires.jpg' style='max-height: 400px' \/><img src='https:\/\/secure-static.arezzo.com.br\/medias\/sys_master\/arezzo\/arezzo\/h6c\/hf3\/h00\/h00\/10438477119518\/1240300010003U-04-BASEIMAGE-Hires.jpg' style='max-height: 400px' \/><img src='https:\/\/secure-static.arezzo.com.br\/medias\/sys_master\/arezzo\/arezzo\/h82\/heb\/h00\/h00\/10438477447198\/1240300010003U-05-BASEIMAGE-Hires.jpg' style='max-height: 400px' \/><img src='https:\/\/secure-static.arezzo.com.br\/medias\/sys_master\/arezzo\/arezzo\/h1f\/h2a\/h00\/h00\/10438477840414\/1240300010003U-06-BASEIMAGE-Hires.jpg' style='max-height: 400px' \/><img src='https:\/\/secure-static.arezzo.com.br\/medias\/sys_master\/arezzo\/arezzo\/h22\/h33\/h00\/h00\/10438478299166\/1240300010003U-07-BASEIMAGE-Hires.jpg' style='max-height: 400px' \/><img src='https:\/\/secure-static.arezzo.com.br\/medias\/sys_master\/arezzo\/arezzo\/h18\/h3e\/h00\/h00\/10438478626846\/1240300010003U-30-BASEIMAGE-Hires.jpg' style='max-height: 400px' \/><\/div>\n<p>* Entre em contato por WhatsApp para verificar a disponibilidade do produto. Ref.: A1240300010003<\/p>\n","protected":false},"excerpt":{"rendered":"<p>Estoque dispon\u00edvel no tamanho: ULTIMA_ESTACAO.<br \/><small>atualizado em 02\/12\/2023.<\/p>\n","protected":false},"featured_media":14400,"template":"","meta":[],"product_brand":[],"product_cat":[57],"product_tag":[628],"class_list":{"0":"post-14401","1":"product","2":"type-product","3":"status-publish","4":"has-post-thumbnail","6":"product_cat-tenis-sapatos","7":"product_tag-ultima_estacao","9":"first","10":"instock","11":"shipping-taxable","12":"purchasable","13":"product-type-simple"},"_links":{"self":[{"href":"https:\/\/comprenowhats.com.br\/arezzoanaliafranco\/wp-json\/wp\/v2\/product\/14401","targetHints":{"allow":["GET"]}}],"collection":[{"href":"https:\/\/comprenowhats.com.br\/arezzoanaliafranco\/wp-json\/wp\/v2\/product"}],"about":[{"href":"https:\/\/comprenowhats.com.br\/arezzoanaliafranco\/wp-json\/wp\/v2\/types\/product"}],"wp:featuredmedia":[{"embeddable":true,"href":"https:\/\/comprenowhats.com.br\/arezzoanaliafranco\/wp-json\/wp\/v2\/media\/14400"}],"wp:attachment":[{"href":"https:\/\/comprenowhats.com.br\/arezzoanaliafranco\/wp-json\/wp\/v2\/media?parent=14401"}],"wp:term":[{"taxonomy":"product_brand","embeddable":true,"href":"https:\/\/comprenowhats.com.br\/arezzoanaliafranco\/wp-json\/wp\/v2\/product_brand?post=14401"},{"taxonomy":"product_cat","embeddable":true,"href":"https:\/\/comprenowhats.com.br\/arezzoanaliafranco\/wp-json\/wp\/v2\/product_cat?post=14401"},{"taxonomy":"product_tag","embeddable":true,"href":"https:\/\/comprenowhats.com.br\/arezzoanaliafranco\/wp-json\/wp\/v2\/product_tag?post=14401"}],"curies":[{"name":"wp","href":"https:\/\/api.w.org\/{rel}","templated":true}]}}