{"id":14207,"date":"2022-05-17T12:36:11","date_gmt":"2022-05-17T15:36:11","guid":{"rendered":"https:\/\/comprenowhats.com.br\/arezzoanaliafranco\/produto\/coturno-prateado-cano-mdio-tratorado-amarrao-arezzo\/"},"modified":"2023-12-02T11:39:37","modified_gmt":"2023-12-02T14:39:37","slug":"coturno-prateado-cano-mdio-tratorado-amarrao-arezzo","status":"publish","type":"product","link":"https:\/\/comprenowhats.com.br\/arezzoanaliafranco\/produto\/coturno-prateado-cano-mdio-tratorado-amarrao-arezzo\/","title":{"rendered":"Coturno Prateado Cano M&eacute;dio Tratorado Amarra&ccedil;&atilde;o | Arezzo"},"content":{"rendered":"<p class=\"ty-message\">Bota coturno prateada. O modelo tem cano m\u00e9dio, salto baixo e bico redondo. Possui base emborrachada tratorada preta, bipartida e com contorno superior marcado. Traz costuras na parte frontal e laterais do cabedal, fecho em amarra\u00e7\u00e3o por cadar\u00e7os cinza e tira com puxador no calcanhar, que facilita o calce. Com grava\u00e7\u00e3o do nome da marca na l\u00edngua. <\/p>\n<p><b>Porque Apostar<\/b><\/br><\/br> O coturno j\u00e1 \u00e9 um cl\u00e1ssico e o modelo mais amado da esta\u00e7\u00e3o! Possui um design urbano e imponente e \u00e9 garantia de muito conforto e estilo. Cria looks descolados e combina com as mais diversas pe\u00e7as, do jeans \u00e0 alfaiataria. O modelo surge com cano m\u00e9dio e solado robusto tratorado, tend\u00eancia forte na temporada.<\/p>\n<div style='text-align: center'><img src='https:\/\/secure-static.arezzo.com.br\/medias\/sys_master\/arezzo\/arezzo\/h8c\/h19\/h00\/h00\/10443427741726\/1229600080001U-01-BASEIMAGE-Hires.jpg' style='max-height: 400px' \/><img src='https:\/\/secure-static.arezzo.com.br\/medias\/sys_master\/arezzo\/arezzo\/hdb\/hc0\/h00\/h00\/10443428069406\/1229600080001U-03-BASEIMAGE-Hires.jpg' style='max-height: 400px' \/><img src='https:\/\/secure-static.arezzo.com.br\/medias\/sys_master\/arezzo\/arezzo\/hf1\/hb8\/h00\/h00\/10443428397086\/1229600080001U-04-BASEIMAGE-Hires.jpg' style='max-height: 400px' \/><img src='https:\/\/secure-static.arezzo.com.br\/medias\/sys_master\/arezzo\/arezzo\/he7\/hc3\/h00\/h00\/10443428724766\/1229600080001U-05-BASEIMAGE-Hires.jpg' style='max-height: 400px' \/><img src='https:\/\/secure-static.arezzo.com.br\/medias\/sys_master\/arezzo\/arezzo\/h44\/h60\/h00\/h00\/10443429052446\/1229600080001U-06-BASEIMAGE-Hires.jpg' style='max-height: 400px' \/><img src='https:\/\/secure-static.arezzo.com.br\/medias\/sys_master\/arezzo\/arezzo\/hae\/h10\/h00\/h00\/10443429380126\/1229600080001U-07-BASEIMAGE-Hires.jpg' style='max-height: 400px' \/><img src='https:\/\/secure-static.arezzo.com.br\/medias\/sys_master\/arezzo\/arezzo\/h69\/hd9\/h00\/h00\/10443429707806\/1229600080001U-08-BASEIMAGE-Hires.jpg' style='max-height: 400px' \/><\/div>\n<p>* Entre em contato por WhatsApp para verificar a disponibilidade do produto. Ref.: A1229600080001<\/p>\n","protected":false},"excerpt":{"rendered":"<p>Estoque dispon\u00edvel no tamanho: ULTIMA_ESTACAO.<br \/><small>atualizado em 02\/12\/2023.<\/p>\n","protected":false},"featured_media":14206,"template":"","meta":[],"product_brand":[],"product_cat":[156],"product_tag":[628],"class_list":{"0":"post-14207","1":"product","2":"type-product","3":"status-publish","4":"has-post-thumbnail","6":"product_cat-botas-femininas","7":"product_tag-ultima_estacao","9":"first","10":"instock","11":"shipping-taxable","12":"purchasable","13":"product-type-simple"},"_links":{"self":[{"href":"https:\/\/comprenowhats.com.br\/arezzoanaliafranco\/wp-json\/wp\/v2\/product\/14207","targetHints":{"allow":["GET"]}}],"collection":[{"href":"https:\/\/comprenowhats.com.br\/arezzoanaliafranco\/wp-json\/wp\/v2\/product"}],"about":[{"href":"https:\/\/comprenowhats.com.br\/arezzoanaliafranco\/wp-json\/wp\/v2\/types\/product"}],"wp:featuredmedia":[{"embeddable":true,"href":"https:\/\/comprenowhats.com.br\/arezzoanaliafranco\/wp-json\/wp\/v2\/media\/14206"}],"wp:attachment":[{"href":"https:\/\/comprenowhats.com.br\/arezzoanaliafranco\/wp-json\/wp\/v2\/media?parent=14207"}],"wp:term":[{"taxonomy":"product_brand","embeddable":true,"href":"https:\/\/comprenowhats.com.br\/arezzoanaliafranco\/wp-json\/wp\/v2\/product_brand?post=14207"},{"taxonomy":"product_cat","embeddable":true,"href":"https:\/\/comprenowhats.com.br\/arezzoanaliafranco\/wp-json\/wp\/v2\/product_cat?post=14207"},{"taxonomy":"product_tag","embeddable":true,"href":"https:\/\/comprenowhats.com.br\/arezzoanaliafranco\/wp-json\/wp\/v2\/product_tag?post=14207"}],"curies":[{"name":"wp","href":"https:\/\/api.w.org\/{rel}","templated":true}]}}