{"id":13644,"date":"2022-04-06T11:44:22","date_gmt":"2022-04-06T14:44:22","guid":{"rendered":"https:\/\/comprenowhats.com.br\/arezzoanaliafranco\/produto\/sandlia-rasteira-rosa-metalizada-brizza-slim-arezzo\/"},"modified":"2023-12-02T11:49:52","modified_gmt":"2023-12-02T14:49:52","slug":"sandlia-rasteira-rosa-metalizada-brizza-slim-arezzo","status":"publish","type":"product","link":"https:\/\/comprenowhats.com.br\/arezzoanaliafranco\/produto\/sandlia-rasteira-rosa-metalizada-brizza-slim-arezzo\/","title":{"rendered":"Sand&aacute;lia Rasteira Rosa Metalizada Brizza Slim | Arezzo"},"content":{"rendered":"<p class=\"ty-message\">Sand\u00e1lia rasteira rosa metalizada em pl\u00e1stico injetado. O modelo tem sola rasteira flat emborrachada e bico redondo. Traz tira m\u00e9dia entre os dedos do p\u00e9 que se une a outa tira em torno do calcanhar, com fechamento em fivela. Aberta, a sand\u00e1lia exibe todo o p\u00e9.<\/p>\n<div style='text-align: center'><img src='https:\/\/secure-static.arezzo.com.br\/medias\/sys_master\/arezzo\/arezzo\/h5f\/h20\/h00\/h00\/10345767698462\/1173900400005U-04-BASEIMAGE-Hires.jpg' style='max-height: 400px' \/><img src='https:\/\/secure-static.arezzo.com.br\/medias\/sys_master\/arezzo\/arezzo\/h57\/hda\/h00\/h00\/10345767862302\/1173900400005U-05-BASEIMAGE-Hires.jpg' style='max-height: 400px' \/><img src='https:\/\/secure-static.arezzo.com.br\/medias\/sys_master\/arezzo\/arezzo\/h7d\/h96\/h00\/h00\/10345768026142\/1173900400005U-06-BASEIMAGE-Hires.jpg' style='max-height: 400px' \/><\/div>\n<p>* Entre em contato por WhatsApp para verificar a disponibilidade do produto. Ref.: A1173900400005<\/p>\n","protected":false},"excerpt":{"rendered":"<p>Estoque dispon\u00edvel nos tamanhos: ULTIMA_ESTACAO, 33\/4.<br \/><small>atualizado em 02\/12\/2023.<\/p>\n","protected":false},"featured_media":13643,"template":"","meta":[],"product_brand":[],"product_cat":[56],"product_tag":[50,628],"class_list":{"0":"post-13644","1":"product","2":"type-product","3":"status-publish","4":"has-post-thumbnail","6":"product_cat-sandalias","7":"product_tag-33-4","8":"product_tag-ultima_estacao","10":"first","11":"instock","12":"shipping-taxable","13":"purchasable","14":"product-type-simple"},"_links":{"self":[{"href":"https:\/\/comprenowhats.com.br\/arezzoanaliafranco\/wp-json\/wp\/v2\/product\/13644","targetHints":{"allow":["GET"]}}],"collection":[{"href":"https:\/\/comprenowhats.com.br\/arezzoanaliafranco\/wp-json\/wp\/v2\/product"}],"about":[{"href":"https:\/\/comprenowhats.com.br\/arezzoanaliafranco\/wp-json\/wp\/v2\/types\/product"}],"wp:featuredmedia":[{"embeddable":true,"href":"https:\/\/comprenowhats.com.br\/arezzoanaliafranco\/wp-json\/wp\/v2\/media\/13643"}],"wp:attachment":[{"href":"https:\/\/comprenowhats.com.br\/arezzoanaliafranco\/wp-json\/wp\/v2\/media?parent=13644"}],"wp:term":[{"taxonomy":"product_brand","embeddable":true,"href":"https:\/\/comprenowhats.com.br\/arezzoanaliafranco\/wp-json\/wp\/v2\/product_brand?post=13644"},{"taxonomy":"product_cat","embeddable":true,"href":"https:\/\/comprenowhats.com.br\/arezzoanaliafranco\/wp-json\/wp\/v2\/product_cat?post=13644"},{"taxonomy":"product_tag","embeddable":true,"href":"https:\/\/comprenowhats.com.br\/arezzoanaliafranco\/wp-json\/wp\/v2\/product_tag?post=13644"}],"curies":[{"name":"wp","href":"https:\/\/api.w.org\/{rel}","templated":true}]}}