{"id":12734,"date":"2022-02-19T13:13:20","date_gmt":"2022-02-19T16:13:20","guid":{"rendered":"https:\/\/comprenowhats.com.br\/arezzoanaliafranco\/produto\/sandlia-off-white-croco-meia-pata-miranda-arezzo\/"},"modified":"2023-12-02T11:39:32","modified_gmt":"2023-12-02T14:39:32","slug":"sandlia-off-white-croco-meia-pata-miranda-arezzo","status":"publish","type":"product","link":"https:\/\/comprenowhats.com.br\/arezzoanaliafranco\/produto\/sandlia-off-white-croco-meia-pata-miranda-arezzo\/","title":{"rendered":"Sand&aacute;lia Off-White Croco Meia Pata Miranda | Arezzo"},"content":{"rendered":"<p class=\"ty-message\">Sand\u00e1lia Off-white em estampa croco. O modelo tem salto alto bloco, meia-pata e bico quadrado. Traz duas tiras largas cruzadas sobre os dedos. Aberta, possui duas tiras finas em torno do calcanhar e tornozelo, que fecham em fivela quadrada lateral. A sand\u00e1lia exibe todo o p\u00e9. Com palmilha lisa da cor do modelo.<\/p>\n<p><b>Porque Apostar<\/b><\/br><\/br>A sand\u00e1lia surge com uma meia-pata imponente e cria looks descolados e ousados. O modelo \u00e9 a cara da temporada e insere um toque moderno com sua estampa croco, tend\u00eancia forte na esta\u00e7\u00e3o. Aposte em alfaiataria oversized e cropped para um visual sofisticado ou em vestido mini para uma produ\u00e7\u00e3o sexy e cool.<\/p>\n<div style='text-align: center'><img src='https:\/\/secure-static.arezzo.com.br\/medias\/sys_master\/arezzo\/arezzo\/h6d\/h93\/h00\/h00\/10320195125278\/1227200020006U-03-BASEIMAGE-Hires.jpg' style='max-height: 400px' \/><img src='https:\/\/secure-static.arezzo.com.br\/medias\/sys_master\/arezzo\/arezzo\/he2\/hf6\/h00\/h00\/10320195289118\/1227200020006U-04-BASEIMAGE-Hires.jpg' style='max-height: 400px' \/><img src='https:\/\/secure-static.arezzo.com.br\/medias\/sys_master\/arezzo\/arezzo\/h9d\/hf1\/h00\/h00\/10320195452958\/1227200020006U-05-BASEIMAGE-Hires.jpg' style='max-height: 400px' \/><\/div>\n<p>* Entre em contato por WhatsApp para verificar a disponibilidade do produto. Ref.: A1227200020006<\/p>\n","protected":false},"excerpt":{"rendered":"<p>Estoque dispon\u00edvel no tamanho: ULTIMA_ESTACAO.<br \/><small>atualizado em 02\/12\/2023.<\/p>\n","protected":false},"featured_media":12733,"template":"","meta":[],"product_brand":[],"product_cat":[56],"product_tag":[628],"class_list":{"0":"post-12734","1":"product","2":"type-product","3":"status-publish","4":"has-post-thumbnail","6":"product_cat-sandalias","7":"product_tag-ultima_estacao","9":"first","10":"instock","11":"shipping-taxable","12":"purchasable","13":"product-type-simple"},"_links":{"self":[{"href":"https:\/\/comprenowhats.com.br\/arezzoanaliafranco\/wp-json\/wp\/v2\/product\/12734","targetHints":{"allow":["GET"]}}],"collection":[{"href":"https:\/\/comprenowhats.com.br\/arezzoanaliafranco\/wp-json\/wp\/v2\/product"}],"about":[{"href":"https:\/\/comprenowhats.com.br\/arezzoanaliafranco\/wp-json\/wp\/v2\/types\/product"}],"wp:featuredmedia":[{"embeddable":true,"href":"https:\/\/comprenowhats.com.br\/arezzoanaliafranco\/wp-json\/wp\/v2\/media\/12733"}],"wp:attachment":[{"href":"https:\/\/comprenowhats.com.br\/arezzoanaliafranco\/wp-json\/wp\/v2\/media?parent=12734"}],"wp:term":[{"taxonomy":"product_brand","embeddable":true,"href":"https:\/\/comprenowhats.com.br\/arezzoanaliafranco\/wp-json\/wp\/v2\/product_brand?post=12734"},{"taxonomy":"product_cat","embeddable":true,"href":"https:\/\/comprenowhats.com.br\/arezzoanaliafranco\/wp-json\/wp\/v2\/product_cat?post=12734"},{"taxonomy":"product_tag","embeddable":true,"href":"https:\/\/comprenowhats.com.br\/arezzoanaliafranco\/wp-json\/wp\/v2\/product_tag?post=12734"}],"curies":[{"name":"wp","href":"https:\/\/api.w.org\/{rel}","templated":true}]}}