{"id":995,"date":"2020-09-23T14:47:11","date_gmt":"2020-09-23T17:47:11","guid":{"rendered":"https:\/\/comprenowhats.com.br\/anacaprimacae\/produto\/bolsa-crossbody-marrom-matelasse\/"},"modified":"2022-05-18T11:34:30","modified_gmt":"2022-05-18T14:34:30","slug":"bolsa-crossbody-marrom-matelasse","status":"publish","type":"product","link":"https:\/\/comprenowhats.com.br\/anacaprimacae\/produto\/bolsa-crossbody-marrom-matelasse\/","title":{"rendered":"Bolsa Crossbody Marrom Matelass\u00ea"},"content":{"rendered":"<p>Bolsa crossbody marrom. O modelo tem formato quadrado, laterais arredondadas e capas com costuras em matelass\u00ea. Traz al\u00e7a tiracolo e al\u00e7a de m\u00e3o pequena. Com fecho em z\u00edper e puxador na parte superior e inscri\u00e7\u00e3o met\u00e1lica discreta do nome da marca na capa frontal.<\/p>\n<p><b>Porque Apostar<\/b><\/br><\/br>A crossbody vem naquele tamanho compacto que a gente ama e com costuras em matelass\u00ea pra l\u00e1 de charmosas &#8211; e que ainda d\u00e3o ares urbanos ao modelo! Perfeita para levar em um passeio, fica linda junto de sapatilha e cria um mood bem rom\u00e2ntico. Uma de cada cor, por favor!<\/p>\n<div style='text-align: center'><img src='https:\/\/secure-static.anacapri.com.br\/medias\/sys_master\/anacapri\/anacapri\/h99\/hd0\/h00\/h00\/9889364115486\/5001201260007U-03-BASEIMAGE-Midres.jpg' style='max-height: 400px' \/><img src='https:\/\/secure-static.anacapri.com.br\/medias\/sys_master\/anacapri\/anacapri\/hd0\/hdf\/h00\/h00\/9889364443166\/5001201260007U-04-BASEIMAGE-Midres.jpg' style='max-height: 400px' \/><img src='https:\/\/secure-static.anacapri.com.br\/medias\/sys_master\/anacapri\/anacapri\/hff\/hc1\/h00\/h00\/9889364770846\/5001201260007U-05-BASEIMAGE-Midres.jpg' style='max-height: 400px' \/><img src='https:\/\/secure-static.anacapri.com.br\/medias\/sys_master\/anacapri\/anacapri\/hb0\/h1a\/h00\/h00\/9889365098526\/5001201260007U-07-BASEIMAGE-Midres.jpg' style='max-height: 400px' \/><img src='https:\/\/secure-static.anacapri.com.br\/medias\/sys_master\/anacapri\/anacapri\/h80\/hbd\/h00\/h00\/9889365426206\/5001201260007U-08-BASEIMAGE-Midres.jpg' style='max-height: 400px' \/><\/div>\n<p>* Entre em contato por WhatsApp para verificar a disponibilidade do produto. Ref.: C5001201260007<\/p>\n","protected":false},"excerpt":{"rendered":"<p>Estoque indispon\u00edvel.<br \/><small>atualizado em 18\/05\/2022.<\/p>\n","protected":false},"featured_media":994,"template":"","meta":[],"product_cat":[32],"product_tag":[],"_links":{"self":[{"href":"https:\/\/comprenowhats.com.br\/anacaprimacae\/wp-json\/wp\/v2\/product\/995"}],"collection":[{"href":"https:\/\/comprenowhats.com.br\/anacaprimacae\/wp-json\/wp\/v2\/product"}],"about":[{"href":"https:\/\/comprenowhats.com.br\/anacaprimacae\/wp-json\/wp\/v2\/types\/product"}],"wp:featuredmedia":[{"embeddable":true,"href":"https:\/\/comprenowhats.com.br\/anacaprimacae\/wp-json\/wp\/v2\/media\/994"}],"wp:attachment":[{"href":"https:\/\/comprenowhats.com.br\/anacaprimacae\/wp-json\/wp\/v2\/media?parent=995"}],"wp:term":[{"taxonomy":"product_cat","embeddable":true,"href":"https:\/\/comprenowhats.com.br\/anacaprimacae\/wp-json\/wp\/v2\/product_cat?post=995"},{"taxonomy":"product_tag","embeddable":true,"href":"https:\/\/comprenowhats.com.br\/anacaprimacae\/wp-json\/wp\/v2\/product_tag?post=995"}],"curies":[{"name":"wp","href":"https:\/\/api.w.org\/{rel}","templated":true}]}}