{"id":991,"date":"2020-09-23T14:47:08","date_gmt":"2020-09-23T17:47:08","guid":{"rendered":"https:\/\/comprenowhats.com.br\/anacaprimacae\/produto\/bolsa-tote-preta-bolsos\/"},"modified":"2022-05-18T11:34:29","modified_gmt":"2022-05-18T14:34:29","slug":"bolsa-tote-preta-bolsos","status":"publish","type":"product","link":"https:\/\/comprenowhats.com.br\/anacaprimacae\/produto\/bolsa-tote-preta-bolsos\/","title":{"rendered":"Bolsa Tote Preta Bolsos"},"content":{"rendered":"<p>Bolsa tote preta. O modelo tem al\u00e7a tiracolo e duas al\u00e7as de m\u00e3o, presas \u00e0 capa frontal. Com fecho superior, traz bolsos externos laterais e inscri\u00e7\u00e3o em alto-relevo do nome da marca na capa. <\/p>\n<p><b>Porque Apostar<\/b><\/br><\/br>B\u00e1sica e super pr\u00e1tica, a bolsa tote de cor neutra \u00e9 a queridinha dos looks do dia a dia e combina com tudo! Do terninho para o escrit\u00f3rio ao jeans do passeio, a bolsa \u00e9 mega vers\u00e1til e acomoda itens pessoais com espa\u00e7o. E traz ainda dois bolsos externos que facilitam ainda mais a rotina. Pode apostar sem medo!<\/p>\n<div style='text-align: center'><img src='https:\/\/secure-static.anacapri.com.br\/medias\/sys_master\/anacapri\/anacapri\/hc1\/hb6\/h00\/h00\/9644204851230\/5001200250002U-03-BASEIMAGE-Midres.jpg' style='max-height: 400px' \/><img src='https:\/\/secure-static.anacapri.com.br\/medias\/sys_master\/anacapri\/anacapri\/h88\/h4e\/h00\/h00\/9644204687390\/5001200250002U-04-BASEIMAGE-Midres.jpg' style='max-height: 400px' \/><img src='https:\/\/secure-static.anacapri.com.br\/medias\/sys_master\/anacapri\/anacapri\/ha8\/hf9\/h00\/h00\/9644204523550\/5001200250002U-05-BASEIMAGE-Midres.jpg' style='max-height: 400px' \/><img src='https:\/\/secure-static.anacapri.com.br\/medias\/sys_master\/anacapri\/anacapri\/h35\/hc4\/h00\/h00\/9644204326942\/5001200250002U-06-BASEIMAGE-Midres.jpg' style='max-height: 400px' \/><img src='https:\/\/secure-static.anacapri.com.br\/medias\/sys_master\/anacapri\/anacapri\/h4c\/hcd\/h00\/h00\/9644203999262\/5001200250002U-07-BASEIMAGE-Midres.jpg' style='max-height: 400px' \/><img src='https:\/\/secure-static.anacapri.com.br\/medias\/sys_master\/anacapri\/anacapri\/h17\/h3d\/h00\/h00\/9644203606046\/5001200250002U-08-BASEIMAGE-Midres.jpg' style='max-height: 400px' \/><\/div>\n<p>* Entre em contato por WhatsApp para verificar a disponibilidade do produto. Ref.: C5001200250002<\/p>\n","protected":false},"excerpt":{"rendered":"<p>Estoque indispon\u00edvel.<br \/><small>atualizado em 18\/05\/2022.<\/p>\n","protected":false},"featured_media":990,"template":"","meta":[],"product_cat":[56],"product_tag":[],"_links":{"self":[{"href":"https:\/\/comprenowhats.com.br\/anacaprimacae\/wp-json\/wp\/v2\/product\/991"}],"collection":[{"href":"https:\/\/comprenowhats.com.br\/anacaprimacae\/wp-json\/wp\/v2\/product"}],"about":[{"href":"https:\/\/comprenowhats.com.br\/anacaprimacae\/wp-json\/wp\/v2\/types\/product"}],"wp:featuredmedia":[{"embeddable":true,"href":"https:\/\/comprenowhats.com.br\/anacaprimacae\/wp-json\/wp\/v2\/media\/990"}],"wp:attachment":[{"href":"https:\/\/comprenowhats.com.br\/anacaprimacae\/wp-json\/wp\/v2\/media?parent=991"}],"wp:term":[{"taxonomy":"product_cat","embeddable":true,"href":"https:\/\/comprenowhats.com.br\/anacaprimacae\/wp-json\/wp\/v2\/product_cat?post=991"},{"taxonomy":"product_tag","embeddable":true,"href":"https:\/\/comprenowhats.com.br\/anacaprimacae\/wp-json\/wp\/v2\/product_tag?post=991"}],"curies":[{"name":"wp","href":"https:\/\/api.w.org\/{rel}","templated":true}]}}