{"id":987,"date":"2020-09-23T14:47:06","date_gmt":"2020-09-23T17:47:06","guid":{"rendered":"https:\/\/comprenowhats.com.br\/anacaprimacae\/produto\/tenis-marrom-lona-caramelo\/"},"modified":"2022-05-18T11:45:37","modified_gmt":"2022-05-18T14:45:37","slug":"tenis-marrom-lona-caramelo","status":"publish","type":"product","link":"https:\/\/comprenowhats.com.br\/anacaprimacae\/produto\/tenis-marrom-lona-caramelo\/","title":{"rendered":"T\u00eanis Marrom Lona Caramelo"},"content":{"rendered":"<p>T\u00eanis marrom de lona. O modelo tem solado alto emborrachado branco com risca marrom no contorno superior. De bico redondo, traz biqueira branca e fecho em cadar\u00e7os marrons, al\u00e9m de tag marrom discreta do nome da marca na lateral do cabedal. <\/p>\n<p><b>Porque Apostar<\/b><\/br><\/br>Divertido e despojado, o t\u00eanis de lona tem uma pegada retr\u00f4 e traz uma inspira\u00e7\u00e3o 70&#8217;s, trend da temporada. Mega confort\u00e1vel e pr\u00e1tico de cal\u00e7ar, descomplica o visual do dia a dia e garante uma por\u00e7\u00e3o de looks! Pode apostar que esse t\u00eanis \u00e9 tudo, mana!<\/p>\n<div style='text-align: center'><img src='https:\/\/secure-static.anacapri.com.br\/medias\/sys_master\/anacapri\/anacapri\/h81\/h05\/h00\/h00\/9889169834014\/3024300010002U-03-BASEIMAGE-Midres.jpg' style='max-height: 400px' \/><img src='https:\/\/secure-static.anacapri.com.br\/medias\/sys_master\/anacapri\/anacapri\/hc7\/h1e\/h00\/h00\/9889170161694\/3024300010002U-04-BASEIMAGE-Midres.jpg' style='max-height: 400px' \/><img src='https:\/\/secure-static.anacapri.com.br\/medias\/sys_master\/anacapri\/anacapri\/h23\/hda\/h00\/h00\/9889170489374\/3024300010002U-05-BASEIMAGE-Midres.jpg' style='max-height: 400px' \/><img src='https:\/\/secure-static.anacapri.com.br\/medias\/sys_master\/anacapri\/anacapri\/h53\/h37\/h00\/h00\/9889170817054\/3024300010002U-06-BASEIMAGE-Midres.jpg' style='max-height: 400px' \/><img src='https:\/\/secure-static.anacapri.com.br\/medias\/sys_master\/anacapri\/anacapri\/h76\/h81\/h00\/h00\/9889171144734\/3024300010002U-07-BASEIMAGE-Midres.jpg' style='max-height: 400px' \/><img src='https:\/\/secure-static.anacapri.com.br\/medias\/sys_master\/anacapri\/anacapri\/he1\/h31\/h00\/h00\/9889171472414\/3024300010002U-08-BASEIMAGE-Midres.jpg' style='max-height: 400px' \/><\/div>\n<p>* Entre em contato por WhatsApp para verificar a disponibilidade do produto. Ref.: C3024300010002<\/p>\n","protected":false},"excerpt":{"rendered":"<p>Estoque indispon\u00edvel.<br \/><small>atualizado em 18\/05\/2022.<\/p>\n","protected":false},"featured_media":986,"template":"","meta":[],"product_cat":[50],"product_tag":[22,23,24,25,26,27],"_links":{"self":[{"href":"https:\/\/comprenowhats.com.br\/anacaprimacae\/wp-json\/wp\/v2\/product\/987"}],"collection":[{"href":"https:\/\/comprenowhats.com.br\/anacaprimacae\/wp-json\/wp\/v2\/product"}],"about":[{"href":"https:\/\/comprenowhats.com.br\/anacaprimacae\/wp-json\/wp\/v2\/types\/product"}],"wp:featuredmedia":[{"embeddable":true,"href":"https:\/\/comprenowhats.com.br\/anacaprimacae\/wp-json\/wp\/v2\/media\/986"}],"wp:attachment":[{"href":"https:\/\/comprenowhats.com.br\/anacaprimacae\/wp-json\/wp\/v2\/media?parent=987"}],"wp:term":[{"taxonomy":"product_cat","embeddable":true,"href":"https:\/\/comprenowhats.com.br\/anacaprimacae\/wp-json\/wp\/v2\/product_cat?post=987"},{"taxonomy":"product_tag","embeddable":true,"href":"https:\/\/comprenowhats.com.br\/anacaprimacae\/wp-json\/wp\/v2\/product_tag?post=987"}],"curies":[{"name":"wp","href":"https:\/\/api.w.org\/{rel}","templated":true}]}}