{"id":981,"date":"2020-09-23T14:46:59","date_gmt":"2020-09-23T17:46:59","guid":{"rendered":"https:\/\/comprenowhats.com.br\/anacaprimacae\/produto\/slide-rosa-alegre-nanda\/"},"modified":"2022-05-18T11:45:37","modified_gmt":"2022-05-18T14:45:37","slug":"slide-rosa-alegre-nanda","status":"publish","type":"product","link":"https:\/\/comprenowhats.com.br\/anacaprimacae\/produto\/slide-rosa-alegre-nanda\/","title":{"rendered":"Slide Rosa Alegre Nanda"},"content":{"rendered":"<p>O slider com tira em tricot mal chegou e j\u00e1 \u00e9 um ICONE! A uni\u00e3o perfeita entre conforto e fashionismo, ela deixa os p\u00e9s \u00e0 mostra acrescentando informa\u00e7\u00e3o de moda at\u00e9 ao look mais b\u00e1sico. Da praia pra cidade &#8211; quem manda \u00e9 voc\u00ea! N\u00e3o deixa essa passar \ud83d\ude42<\/p>\n<div style='text-align: center'><img src='https:\/\/secure-static.anacapri.com.br\/medias\/sys_master\/anacapri\/anacapri\/hfa\/hd1\/h00\/h00\/9876080590878\/3024000010004U-03-BASEIMAGE-Midres.jpg' style='max-height: 400px' \/><img src='https:\/\/secure-static.anacapri.com.br\/medias\/sys_master\/anacapri\/anacapri\/h35\/he2\/h00\/h00\/9876080754718\/3024000010004U-04-BASEIMAGE-Midres.jpg' style='max-height: 400px' \/><img src='https:\/\/secure-static.anacapri.com.br\/medias\/sys_master\/anacapri\/anacapri\/he4\/hc5\/h00\/h00\/9876080918558\/3024000010004U-05-BASEIMAGE-Midres.jpg' style='max-height: 400px' \/><img src='https:\/\/secure-static.anacapri.com.br\/medias\/sys_master\/anacapri\/anacapri\/h3e\/hc6\/h00\/h00\/9876081082398\/3024000010004U-06-BASEIMAGE-Midres.jpg' style='max-height: 400px' \/><img src='https:\/\/secure-static.anacapri.com.br\/medias\/sys_master\/anacapri\/anacapri\/h79\/hd6\/h00\/h00\/9876081246238\/3024000010004U-07-BASEIMAGE-Midres.jpg' style='max-height: 400px' \/><img src='https:\/\/secure-static.anacapri.com.br\/medias\/sys_master\/anacapri\/anacapri\/h6e\/h23\/h00\/h00\/9876081410078\/3024000010004U-08-BASEIMAGE-Midres.jpg' style='max-height: 400px' \/><img src='https:\/\/secure-static.anacapri.com.br\/medias\/sys_master\/anacapri\/anacapri\/h49\/h1b\/h00\/h00\/9866292297758\/3024000010004U-10-BASEIMAGE-Midres.jpg' style='max-height: 400px' \/><\/div>\n<p>* Entre em contato por WhatsApp para verificar a disponibilidade do produto. Ref.: C3024000010004<\/p>\n","protected":false},"excerpt":{"rendered":"<p>Estoque indispon\u00edvel.<br \/><small>atualizado em 18\/05\/2022.<\/p>\n","protected":false},"featured_media":980,"template":"","meta":[],"product_cat":[49],"product_tag":[23],"_links":{"self":[{"href":"https:\/\/comprenowhats.com.br\/anacaprimacae\/wp-json\/wp\/v2\/product\/981"}],"collection":[{"href":"https:\/\/comprenowhats.com.br\/anacaprimacae\/wp-json\/wp\/v2\/product"}],"about":[{"href":"https:\/\/comprenowhats.com.br\/anacaprimacae\/wp-json\/wp\/v2\/types\/product"}],"wp:featuredmedia":[{"embeddable":true,"href":"https:\/\/comprenowhats.com.br\/anacaprimacae\/wp-json\/wp\/v2\/media\/980"}],"wp:attachment":[{"href":"https:\/\/comprenowhats.com.br\/anacaprimacae\/wp-json\/wp\/v2\/media?parent=981"}],"wp:term":[{"taxonomy":"product_cat","embeddable":true,"href":"https:\/\/comprenowhats.com.br\/anacaprimacae\/wp-json\/wp\/v2\/product_cat?post=981"},{"taxonomy":"product_tag","embeddable":true,"href":"https:\/\/comprenowhats.com.br\/anacaprimacae\/wp-json\/wp\/v2\/product_tag?post=981"}],"curies":[{"name":"wp","href":"https:\/\/api.w.org\/{rel}","templated":true}]}}