{"id":979,"date":"2020-09-23T14:46:57","date_gmt":"2020-09-23T17:46:57","guid":{"rendered":"https:\/\/comprenowhats.com.br\/anacaprimacae\/produto\/slide-azul-jeans-nanda\/"},"modified":"2022-05-18T11:45:51","modified_gmt":"2022-05-18T14:45:51","slug":"slide-azul-jeans-nanda","status":"publish","type":"product","link":"https:\/\/comprenowhats.com.br\/anacaprimacae\/produto\/slide-azul-jeans-nanda\/","title":{"rendered":"Slide Azul Jeans Nanda"},"content":{"rendered":"<p>O slider com tira em tricot mal chegou e j\u00e1 \u00e9 um ICONE! A uni\u00e3o perfeita entre conforto e fashionismo, ela deixa os p\u00e9s \u00e0 mostra acrescentando informa\u00e7\u00e3o de moda at\u00e9 ao look mais b\u00e1sico. Da praia pra cidade &#8211; quem manda \u00e9 voc\u00ea! N\u00e3o deixa essa passar \ud83d\ude42<\/p>\n<div style='text-align: center'><img src='https:\/\/secure-static.anacapri.com.br\/medias\/sys_master\/anacapri\/anacapri\/h5e\/hc3\/h00\/h00\/9876079443998\/3024000010003U-03-BASEIMAGE-Midres.jpg' style='max-height: 400px' \/><img src='https:\/\/secure-static.anacapri.com.br\/medias\/sys_master\/anacapri\/anacapri\/h23\/hb3\/h00\/h00\/9876079607838\/3024000010003U-04-BASEIMAGE-Midres.jpg' style='max-height: 400px' \/><img src='https:\/\/secure-static.anacapri.com.br\/medias\/sys_master\/anacapri\/anacapri\/h0b\/hed\/h00\/h00\/9876079771678\/3024000010003U-05-BASEIMAGE-Midres.jpg' style='max-height: 400px' \/><img src='https:\/\/secure-static.anacapri.com.br\/medias\/sys_master\/anacapri\/anacapri\/h46\/hfd\/h00\/h00\/9876079935518\/3024000010003U-06-BASEIMAGE-Midres.jpg' style='max-height: 400px' \/><img src='https:\/\/secure-static.anacapri.com.br\/medias\/sys_master\/anacapri\/anacapri\/h2a\/hd9\/h00\/h00\/9876080099358\/3024000010003U-07-BASEIMAGE-Midres.jpg' style='max-height: 400px' \/><img src='https:\/\/secure-static.anacapri.com.br\/medias\/sys_master\/anacapri\/anacapri\/hca\/h73\/h00\/h00\/9876080263198\/3024000010003U-08-BASEIMAGE-Midres.jpg' style='max-height: 400px' \/><img src='https:\/\/secure-static.anacapri.com.br\/medias\/sys_master\/anacapri\/anacapri\/h33\/h97\/h00\/h00\/9866289020958\/3024000010003U-10-BASEIMAGE-Midres.jpg' style='max-height: 400px' \/><\/div>\n<p>* Entre em contato por WhatsApp para verificar a disponibilidade do produto. Ref.: C3024000010003<\/p>\n","protected":false},"excerpt":{"rendered":"<p>Estoque indispon\u00edvel.<br \/><small>atualizado em 18\/05\/2022.<\/p>\n","protected":false},"featured_media":978,"template":"","meta":[],"product_cat":[49],"product_tag":[23],"_links":{"self":[{"href":"https:\/\/comprenowhats.com.br\/anacaprimacae\/wp-json\/wp\/v2\/product\/979"}],"collection":[{"href":"https:\/\/comprenowhats.com.br\/anacaprimacae\/wp-json\/wp\/v2\/product"}],"about":[{"href":"https:\/\/comprenowhats.com.br\/anacaprimacae\/wp-json\/wp\/v2\/types\/product"}],"wp:featuredmedia":[{"embeddable":true,"href":"https:\/\/comprenowhats.com.br\/anacaprimacae\/wp-json\/wp\/v2\/media\/978"}],"wp:attachment":[{"href":"https:\/\/comprenowhats.com.br\/anacaprimacae\/wp-json\/wp\/v2\/media?parent=979"}],"wp:term":[{"taxonomy":"product_cat","embeddable":true,"href":"https:\/\/comprenowhats.com.br\/anacaprimacae\/wp-json\/wp\/v2\/product_cat?post=979"},{"taxonomy":"product_tag","embeddable":true,"href":"https:\/\/comprenowhats.com.br\/anacaprimacae\/wp-json\/wp\/v2\/product_tag?post=979"}],"curies":[{"name":"wp","href":"https:\/\/api.w.org\/{rel}","templated":true}]}}