{"id":977,"date":"2020-09-23T14:46:55","date_gmt":"2020-09-23T17:46:55","guid":{"rendered":"https:\/\/comprenowhats.com.br\/anacaprimacae\/produto\/slide-laranja-peach-nanda\/"},"modified":"2022-05-18T11:34:03","modified_gmt":"2022-05-18T14:34:03","slug":"slide-laranja-peach-nanda","status":"publish","type":"product","link":"https:\/\/comprenowhats.com.br\/anacaprimacae\/produto\/slide-laranja-peach-nanda\/","title":{"rendered":"Slide Laranja Peach Nanda"},"content":{"rendered":"<p>O slider com tira em tricot mal chegou e j\u00e1 \u00e9 um ICONE! A uni\u00e3o perfeita entre conforto e fashionismo, ela deixa os p\u00e9s \u00e0 mostra acrescentando informa\u00e7\u00e3o de moda at\u00e9 ao look mais b\u00e1sico. Da praia pra cidade &#8211; quem manda \u00e9 voc\u00ea! N\u00e3o deixa essa passar \ud83d\ude42<\/p>\n<div style='text-align: center'><img src='https:\/\/secure-static.anacapri.com.br\/medias\/sys_master\/anacapri\/anacapri\/he2\/haa\/h00\/h00\/9876078231582\/3024000010002U-03-BASEIMAGE-Midres.jpg' style='max-height: 400px' \/><img src='https:\/\/secure-static.anacapri.com.br\/medias\/sys_master\/anacapri\/anacapri\/ha8\/hf1\/h00\/h00\/9876078395422\/3024000010002U-04-BASEIMAGE-Midres.jpg' style='max-height: 400px' \/><img src='https:\/\/secure-static.anacapri.com.br\/medias\/sys_master\/anacapri\/anacapri\/hc1\/h99\/h00\/h00\/9876078559262\/3024000010002U-05-BASEIMAGE-Midres.jpg' style='max-height: 400px' \/><img src='https:\/\/secure-static.anacapri.com.br\/medias\/sys_master\/anacapri\/anacapri\/h5d\/hb2\/h00\/h00\/9876078788638\/3024000010002U-06-BASEIMAGE-Midres.jpg' style='max-height: 400px' \/><img src='https:\/\/secure-static.anacapri.com.br\/medias\/sys_master\/anacapri\/anacapri\/h97\/h9a\/h00\/h00\/9876078952478\/3024000010002U-07-BASEIMAGE-Midres.jpg' style='max-height: 400px' \/><img src='https:\/\/secure-static.anacapri.com.br\/medias\/sys_master\/anacapri\/anacapri\/hc5\/h96\/h00\/h00\/9876079116318\/3024000010002U-08-BASEIMAGE-Midres.jpg' style='max-height: 400px' \/><img src='https:\/\/secure-static.anacapri.com.br\/medias\/sys_master\/anacapri\/anacapri\/h18\/h0f\/h00\/h00\/9866285350942\/3024000010002U-10-BASEIMAGE-Midres.jpg' style='max-height: 400px' \/><\/div>\n<p>* Entre em contato por WhatsApp para verificar a disponibilidade do produto. Ref.: C3024000010002<\/p>\n","protected":false},"excerpt":{"rendered":"<p>Estoque indispon\u00edvel.<br \/><small>atualizado em 18\/05\/2022.<\/p>\n","protected":false},"featured_media":976,"template":"","meta":[],"product_cat":[49],"product_tag":[23],"_links":{"self":[{"href":"https:\/\/comprenowhats.com.br\/anacaprimacae\/wp-json\/wp\/v2\/product\/977"}],"collection":[{"href":"https:\/\/comprenowhats.com.br\/anacaprimacae\/wp-json\/wp\/v2\/product"}],"about":[{"href":"https:\/\/comprenowhats.com.br\/anacaprimacae\/wp-json\/wp\/v2\/types\/product"}],"wp:featuredmedia":[{"embeddable":true,"href":"https:\/\/comprenowhats.com.br\/anacaprimacae\/wp-json\/wp\/v2\/media\/976"}],"wp:attachment":[{"href":"https:\/\/comprenowhats.com.br\/anacaprimacae\/wp-json\/wp\/v2\/media?parent=977"}],"wp:term":[{"taxonomy":"product_cat","embeddable":true,"href":"https:\/\/comprenowhats.com.br\/anacaprimacae\/wp-json\/wp\/v2\/product_cat?post=977"},{"taxonomy":"product_tag","embeddable":true,"href":"https:\/\/comprenowhats.com.br\/anacaprimacae\/wp-json\/wp\/v2\/product_tag?post=977"}],"curies":[{"name":"wp","href":"https:\/\/api.w.org\/{rel}","templated":true}]}}