{"id":975,"date":"2020-09-23T14:46:54","date_gmt":"2020-09-23T17:46:54","guid":{"rendered":"https:\/\/comprenowhats.com.br\/anacaprimacae\/produto\/slide-bege-bone-nanda\/"},"modified":"2022-05-18T11:45:44","modified_gmt":"2022-05-18T14:45:44","slug":"slide-bege-bone-nanda","status":"publish","type":"product","link":"https:\/\/comprenowhats.com.br\/anacaprimacae\/produto\/slide-bege-bone-nanda\/","title":{"rendered":"Slide Bege Bone Nanda"},"content":{"rendered":"<p>O slider com tira em tricot mal chegou e j\u00e1 \u00e9 um ICONE! A uni\u00e3o perfeita entre conforto e fashionismo, ela deixa os p\u00e9s \u00e0 mostra acrescentando informa\u00e7\u00e3o de moda at\u00e9 ao look mais b\u00e1sico. Da praia pra cidade &#8211; quem manda \u00e9 voc\u00ea! N\u00e3o deixa essa passar \ud83d\ude42<\/p>\n<div style='text-align: center'><img src='https:\/\/secure-static.anacapri.com.br\/medias\/sys_master\/anacapri\/anacapri\/h7f\/h98\/h00\/h00\/9876076986398\/3024000010001U-03-BASEIMAGE-Midres.jpg' style='max-height: 400px' \/><img src='https:\/\/secure-static.anacapri.com.br\/medias\/sys_master\/anacapri\/anacapri\/h43\/h76\/h00\/h00\/9876077150238\/3024000010001U-04-BASEIMAGE-Midres.jpg' style='max-height: 400px' \/><img src='https:\/\/secure-static.anacapri.com.br\/medias\/sys_master\/anacapri\/anacapri\/h5d\/h1e\/h00\/h00\/9876077314078\/3024000010001U-05-BASEIMAGE-Midres.jpg' style='max-height: 400px' \/><img src='https:\/\/secure-static.anacapri.com.br\/medias\/sys_master\/anacapri\/anacapri\/hdd\/hf2\/h00\/h00\/9876077477918\/3024000010001U-06-BASEIMAGE-Midres.jpg' style='max-height: 400px' \/><img src='https:\/\/secure-static.anacapri.com.br\/medias\/sys_master\/anacapri\/anacapri\/hd2\/h3f\/h00\/h00\/9876077641758\/3024000010001U-07-BASEIMAGE-Midres.jpg' style='max-height: 400px' \/><img src='https:\/\/secure-static.anacapri.com.br\/medias\/sys_master\/anacapri\/anacapri\/hd9\/hc6\/h00\/h00\/9876077903902\/3024000010001U-08-BASEIMAGE-Midres.jpg' style='max-height: 400px' \/><img src='https:\/\/secure-static.anacapri.com.br\/medias\/sys_master\/anacapri\/anacapri\/h94\/hc8\/h00\/h00\/9866279780382\/3024000010001U-10-BASEIMAGE-Midres.jpg' style='max-height: 400px' \/><\/div>\n<p>* Entre em contato por WhatsApp para verificar a disponibilidade do produto. Ref.: C3024000010001<\/p>\n","protected":false},"excerpt":{"rendered":"<p>Estoque indispon\u00edvel.<br \/><small>atualizado em 18\/05\/2022.<\/p>\n","protected":false},"featured_media":974,"template":"","meta":[],"product_cat":[49],"product_tag":[23],"_links":{"self":[{"href":"https:\/\/comprenowhats.com.br\/anacaprimacae\/wp-json\/wp\/v2\/product\/975"}],"collection":[{"href":"https:\/\/comprenowhats.com.br\/anacaprimacae\/wp-json\/wp\/v2\/product"}],"about":[{"href":"https:\/\/comprenowhats.com.br\/anacaprimacae\/wp-json\/wp\/v2\/types\/product"}],"wp:featuredmedia":[{"embeddable":true,"href":"https:\/\/comprenowhats.com.br\/anacaprimacae\/wp-json\/wp\/v2\/media\/974"}],"wp:attachment":[{"href":"https:\/\/comprenowhats.com.br\/anacaprimacae\/wp-json\/wp\/v2\/media?parent=975"}],"wp:term":[{"taxonomy":"product_cat","embeddable":true,"href":"https:\/\/comprenowhats.com.br\/anacaprimacae\/wp-json\/wp\/v2\/product_cat?post=975"},{"taxonomy":"product_tag","embeddable":true,"href":"https:\/\/comprenowhats.com.br\/anacaprimacae\/wp-json\/wp\/v2\/product_tag?post=975"}],"curies":[{"name":"wp","href":"https:\/\/api.w.org\/{rel}","templated":true}]}}