{"id":969,"date":"2020-09-23T14:46:48","date_gmt":"2020-09-23T17:46:48","guid":{"rendered":"https:\/\/comprenowhats.com.br\/anacaprimacae\/produto\/tenis-slip-on-preto-lona\/"},"modified":"2022-05-18T11:45:50","modified_gmt":"2022-05-18T14:45:50","slug":"tenis-slip-on-preto-lona","status":"publish","type":"product","link":"https:\/\/comprenowhats.com.br\/anacaprimacae\/produto\/tenis-slip-on-preto-lona\/","title":{"rendered":"T\u00eanis Slip On Preto Lona"},"content":{"rendered":"<p>T\u00eanis slip on preto de lona. O modelo tem solado baixo emborrachado branco, com risca preta e texturizado na parte frontal e biqueira, que apresenta ainda formato curvo. De bico redondo, traz contorno superior em destaque e recorte lateral na lingueta, com el\u00e1stico, que facilita o calce, e aplica\u00e7\u00e3o de tag marrom discreta do nome da marca. <\/p>\n<p><b>Porque Apostar<\/b><\/br><\/br>Divertido e despojado, o t\u00eanis slip on de lona tem uma pegada retr\u00f4 e traz uma inspira\u00e7\u00e3o 70&#8217;s, trend da temporada. Mega confort\u00e1vel e pr\u00e1tico de cal\u00e7ar, descomplica o visual do dia a dia e garante uma por\u00e7\u00e3o de looks! Pode apostar que esse t\u00eanis \u00e9 tudo, mana!<\/p>\n<div style='text-align: center'><img src='https:\/\/secure-static.anacapri.com.br\/medias\/sys_master\/anacapri\/anacapri\/h85\/h1e\/h00\/h00\/9889306542110\/3023000030004U-03-BASEIMAGE-Midres.jpg' style='max-height: 400px' \/><img src='https:\/\/secure-static.anacapri.com.br\/medias\/sys_master\/anacapri\/anacapri\/hb8\/h6d\/h00\/h00\/9889306869790\/3023000030004U-04-BASEIMAGE-Midres.jpg' style='max-height: 400px' \/><img src='https:\/\/secure-static.anacapri.com.br\/medias\/sys_master\/anacapri\/anacapri\/h5a\/hd1\/h00\/h00\/9889307197470\/3023000030004U-05-BASEIMAGE-Midres.jpg' style='max-height: 400px' \/><img src='https:\/\/secure-static.anacapri.com.br\/medias\/sys_master\/anacapri\/anacapri\/hd5\/h8b\/h00\/h00\/9889307525150\/3023000030004U-06-BASEIMAGE-Midres.jpg' style='max-height: 400px' \/><img src='https:\/\/secure-static.anacapri.com.br\/medias\/sys_master\/anacapri\/anacapri\/h05\/hea\/h00\/h00\/9889307852830\/3023000030004U-07-BASEIMAGE-Midres.jpg' style='max-height: 400px' \/><img src='https:\/\/secure-static.anacapri.com.br\/medias\/sys_master\/anacapri\/anacapri\/h62\/h86\/h00\/h00\/9889308180510\/3023000030004U-08-BASEIMAGE-Midres.jpg' style='max-height: 400px' \/><\/div>\n<p>* Entre em contato por WhatsApp para verificar a disponibilidade do produto. Ref.: C3023000030004<\/p>\n","protected":false},"excerpt":{"rendered":"<p>Estoque indispon\u00edvel.<br \/><small>atualizado em 18\/05\/2022.<\/p>\n","protected":false},"featured_media":968,"template":"","meta":[],"product_cat":[50],"product_tag":[23],"_links":{"self":[{"href":"https:\/\/comprenowhats.com.br\/anacaprimacae\/wp-json\/wp\/v2\/product\/969"}],"collection":[{"href":"https:\/\/comprenowhats.com.br\/anacaprimacae\/wp-json\/wp\/v2\/product"}],"about":[{"href":"https:\/\/comprenowhats.com.br\/anacaprimacae\/wp-json\/wp\/v2\/types\/product"}],"wp:featuredmedia":[{"embeddable":true,"href":"https:\/\/comprenowhats.com.br\/anacaprimacae\/wp-json\/wp\/v2\/media\/968"}],"wp:attachment":[{"href":"https:\/\/comprenowhats.com.br\/anacaprimacae\/wp-json\/wp\/v2\/media?parent=969"}],"wp:term":[{"taxonomy":"product_cat","embeddable":true,"href":"https:\/\/comprenowhats.com.br\/anacaprimacae\/wp-json\/wp\/v2\/product_cat?post=969"},{"taxonomy":"product_tag","embeddable":true,"href":"https:\/\/comprenowhats.com.br\/anacaprimacae\/wp-json\/wp\/v2\/product_tag?post=969"}],"curies":[{"name":"wp","href":"https:\/\/api.w.org\/{rel}","templated":true}]}}