{"id":963,"date":"2020-09-23T14:46:44","date_gmt":"2020-09-23T17:46:44","guid":{"rendered":"https:\/\/comprenowhats.com.br\/anacaprimacae\/produto\/tenis-slip-on-bege-lona\/"},"modified":"2022-05-18T11:45:42","modified_gmt":"2022-05-18T14:45:42","slug":"tenis-slip-on-bege-lona","status":"publish","type":"product","link":"https:\/\/comprenowhats.com.br\/anacaprimacae\/produto\/tenis-slip-on-bege-lona\/","title":{"rendered":"T\u00eanis Slip On Bege Lona"},"content":{"rendered":"<p>T\u00eanis slip on bege de lona. O modelo tem solado baixo emborrachado branco, com risca preta e texturizado na parte frontal e biqueira, que apresenta ainda formato curvo. De bico redondo, traz contorno superior em destaque e recorte lateral na lingueta, com el\u00e1stico, que facilita o calce, e aplica\u00e7\u00e3o de tag marrom discreta do nome da marca. <\/p>\n<p><b>Porque Apostar<\/b><\/br><\/br>Divertido e despojado, o t\u00eanis slip on de lona tem uma pegada retr\u00f4 e traz uma inspira\u00e7\u00e3o 70&#8217;s, trend da temporada. Mega confort\u00e1vel e pr\u00e1tico de cal\u00e7ar, descomplica o visual do dia a dia e garante uma por\u00e7\u00e3o de looks! Pode apostar que esse t\u00eanis \u00e9 tudo, mana!<\/p>\n<div style='text-align: center'><img src='https:\/\/secure-static.anacapri.com.br\/medias\/sys_master\/anacapri\/anacapri\/h9f\/hb8\/h00\/h00\/9889321025566\/3023000030001U-03-BASEIMAGE-Midres.jpg' style='max-height: 400px' \/><img src='https:\/\/secure-static.anacapri.com.br\/medias\/sys_master\/anacapri\/anacapri\/hcb\/hf7\/h00\/h00\/9889321353246\/3023000030001U-04-BASEIMAGE-Midres.jpg' style='max-height: 400px' \/><img src='https:\/\/secure-static.anacapri.com.br\/medias\/sys_master\/anacapri\/anacapri\/h04\/haa\/h00\/h00\/9889321680926\/3023000030001U-05-BASEIMAGE-Midres.jpg' style='max-height: 400px' \/><img src='https:\/\/secure-static.anacapri.com.br\/medias\/sys_master\/anacapri\/anacapri\/hf0\/h55\/h00\/h00\/9889322008606\/3023000030001U-06-BASEIMAGE-Midres.jpg' style='max-height: 400px' \/><img src='https:\/\/secure-static.anacapri.com.br\/medias\/sys_master\/anacapri\/anacapri\/hda\/h5d\/h00\/h00\/9889322336286\/3023000030001U-07-BASEIMAGE-Midres.jpg' style='max-height: 400px' \/><img src='https:\/\/secure-static.anacapri.com.br\/medias\/sys_master\/anacapri\/anacapri\/h55\/h00\/h00\/h00\/9889322663966\/3023000030001U-08-BASEIMAGE-Midres.jpg' style='max-height: 400px' \/><\/div>\n<p>* Entre em contato por WhatsApp para verificar a disponibilidade do produto. Ref.: C3023000030001<\/p>\n","protected":false},"excerpt":{"rendered":"<p>Estoque indispon\u00edvel.<br \/><small>atualizado em 18\/05\/2022.<\/p>\n","protected":false},"featured_media":962,"template":"","meta":[],"product_cat":[50],"product_tag":[23],"_links":{"self":[{"href":"https:\/\/comprenowhats.com.br\/anacaprimacae\/wp-json\/wp\/v2\/product\/963"}],"collection":[{"href":"https:\/\/comprenowhats.com.br\/anacaprimacae\/wp-json\/wp\/v2\/product"}],"about":[{"href":"https:\/\/comprenowhats.com.br\/anacaprimacae\/wp-json\/wp\/v2\/types\/product"}],"wp:featuredmedia":[{"embeddable":true,"href":"https:\/\/comprenowhats.com.br\/anacaprimacae\/wp-json\/wp\/v2\/media\/962"}],"wp:attachment":[{"href":"https:\/\/comprenowhats.com.br\/anacaprimacae\/wp-json\/wp\/v2\/media?parent=963"}],"wp:term":[{"taxonomy":"product_cat","embeddable":true,"href":"https:\/\/comprenowhats.com.br\/anacaprimacae\/wp-json\/wp\/v2\/product_cat?post=963"},{"taxonomy":"product_tag","embeddable":true,"href":"https:\/\/comprenowhats.com.br\/anacaprimacae\/wp-json\/wp\/v2\/product_tag?post=963"}],"curies":[{"name":"wp","href":"https:\/\/api.w.org\/{rel}","templated":true}]}}