{"id":959,"date":"2020-09-23T14:46:41","date_gmt":"2020-09-23T17:46:41","guid":{"rendered":"https:\/\/comprenowhats.com.br\/anacaprimacae\/produto\/mule-rosa-rasteira-fechada-brilho\/"},"modified":"2022-05-18T11:34:18","modified_gmt":"2022-05-18T14:34:18","slug":"mule-rosa-rasteira-fechada-brilho","status":"publish","type":"product","link":"https:\/\/comprenowhats.com.br\/anacaprimacae\/produto\/mule-rosa-rasteira-fechada-brilho\/","title":{"rendered":"Mule Rosa Rasteira Fechada Brilho"},"content":{"rendered":"<p>Mule rosa. O modelo tem salto rasteiro e bico fino. Fechada, traz cabedal com recorte em V sobre o peito do p\u00e9 e aplica\u00e7\u00e3o de pedrarias delicadas no contorno, al\u00e9m de la\u00e7o rosa. Com palmilha bege e inscri\u00e7\u00e3o do nome da marca, a mule deixa a parte de tr\u00e1s do p\u00e9 \u00e0 mostra. <\/p>\n<p><b>Porque Apostar<\/b><\/br><\/br>Delicada, a mule \u00e9 perfeita para criar um look charmoso e feminino para o dia a dia! Com pedrarias e lacinho, \u00e9 uma fofura s\u00f3 e acompanha do date com o crush ao happy hour com as amigas. Combine com pe\u00e7as de alfaiataria e jeans para um visual comfy e elegante!<\/p>\n<div style='text-align: center'><img src='https:\/\/secure-static.anacapri.com.br\/medias\/sys_master\/anacapri\/anacapri\/h7d\/h70\/h00\/h00\/9889388757022\/3022900190002U-03-BASEIMAGE-Midres.jpg' style='max-height: 400px' \/><img src='https:\/\/secure-static.anacapri.com.br\/medias\/sys_master\/anacapri\/anacapri\/ha1\/hba\/h00\/h00\/9889389084702\/3022900190002U-04-BASEIMAGE-Midres.jpg' style='max-height: 400px' \/><img src='https:\/\/secure-static.anacapri.com.br\/medias\/sys_master\/anacapri\/anacapri\/h7c\/h5f\/h00\/h00\/9889389412382\/3022900190002U-05-BASEIMAGE-Midres.jpg' style='max-height: 400px' \/><img src='https:\/\/secure-static.anacapri.com.br\/medias\/sys_master\/anacapri\/anacapri\/he6\/h0f\/h00\/h00\/9889389740062\/3022900190002U-06-BASEIMAGE-Midres.jpg' style='max-height: 400px' \/><img src='https:\/\/secure-static.anacapri.com.br\/medias\/sys_master\/anacapri\/anacapri\/h76\/hf7\/h00\/h00\/9889390067742\/3022900190002U-07-BASEIMAGE-Midres.jpg' style='max-height: 400px' \/><img src='https:\/\/secure-static.anacapri.com.br\/medias\/sys_master\/anacapri\/anacapri\/he0\/ha7\/h00\/h00\/9889390395422\/3022900190002U-08-BASEIMAGE-Midres.jpg' style='max-height: 400px' \/><\/div>\n<p>* Entre em contato por WhatsApp para verificar a disponibilidade do produto. Ref.: C3022900190002<\/p>\n","protected":false},"excerpt":{"rendered":"<p>Estoque indispon\u00edvel.<br \/><small>atualizado em 18\/05\/2022.<\/p>\n","protected":false},"featured_media":958,"template":"","meta":[],"product_cat":[52],"product_tag":[23,26],"_links":{"self":[{"href":"https:\/\/comprenowhats.com.br\/anacaprimacae\/wp-json\/wp\/v2\/product\/959"}],"collection":[{"href":"https:\/\/comprenowhats.com.br\/anacaprimacae\/wp-json\/wp\/v2\/product"}],"about":[{"href":"https:\/\/comprenowhats.com.br\/anacaprimacae\/wp-json\/wp\/v2\/types\/product"}],"wp:featuredmedia":[{"embeddable":true,"href":"https:\/\/comprenowhats.com.br\/anacaprimacae\/wp-json\/wp\/v2\/media\/958"}],"wp:attachment":[{"href":"https:\/\/comprenowhats.com.br\/anacaprimacae\/wp-json\/wp\/v2\/media?parent=959"}],"wp:term":[{"taxonomy":"product_cat","embeddable":true,"href":"https:\/\/comprenowhats.com.br\/anacaprimacae\/wp-json\/wp\/v2\/product_cat?post=959"},{"taxonomy":"product_tag","embeddable":true,"href":"https:\/\/comprenowhats.com.br\/anacaprimacae\/wp-json\/wp\/v2\/product_tag?post=959"}],"curies":[{"name":"wp","href":"https:\/\/api.w.org\/{rel}","templated":true}]}}