{"id":955,"date":"2020-09-23T14:46:36","date_gmt":"2020-09-23T17:46:36","guid":{"rendered":"https:\/\/comprenowhats.com.br\/anacaprimacae\/produto\/sapatilha-prateada-sofia\/"},"modified":"2023-08-18T11:30:47","modified_gmt":"2023-08-18T14:30:47","slug":"sapatilha-prateada-sofia","status":"publish","type":"product","link":"https:\/\/comprenowhats.com.br\/anacaprimacae\/produto\/sapatilha-prateada-sofia\/","title":{"rendered":"Sapatilha Prateada Sofia"},"content":{"rendered":"<p>CL\u00c1SSICA: essa \u00e9 a primeira palavra que vem em mente quando pensamos em sapatilha. Toda delicada e um eterno love affair, o modelo vem atualizado com bico quadrado e promete mil e uma combina\u00e7\u00f5es de look &#8211; todos descomplicados e trabalhados no romantismo que s\u00f3 essa lindinha \u00e9 capaz de oferecer. Se amamos? MUITO!<\/p>\n<div style='text-align: center'><img src='https:\/\/secure-static.anacapri.com.br\/medias\/sys_master\/anacapri\/anacapri\/h5c\/h33\/h00\/h00\/9771016421406\/3022500030007U-03-BASEIMAGE-Midres.jpg' style='max-height: 400px' \/><img src='https:\/\/secure-static.anacapri.com.br\/medias\/sys_master\/anacapri\/anacapri\/h73\/h6f\/h00\/h00\/9771016093726\/3022500030007U-04-BASEIMAGE-Midres.jpg' style='max-height: 400px' \/><img src='https:\/\/secure-static.anacapri.com.br\/medias\/sys_master\/anacapri\/anacapri\/h4f\/h25\/h00\/h00\/9771015766046\/3022500030007U-05-BASEIMAGE-Midres.jpg' style='max-height: 400px' \/><img src='https:\/\/secure-static.anacapri.com.br\/medias\/sys_master\/anacapri\/anacapri\/h83\/h83\/h00\/h00\/9771018059806\/3022500030007U-06-BASEIMAGE-Midres.jpg' style='max-height: 400px' \/><img src='https:\/\/secure-static.anacapri.com.br\/medias\/sys_master\/anacapri\/anacapri\/h67\/h27\/h00\/h00\/9771017732126\/3022500030007U-07-BASEIMAGE-Midres.jpg' style='max-height: 400px' \/><img src='https:\/\/secure-static.anacapri.com.br\/medias\/sys_master\/anacapri\/anacapri\/hfd\/h76\/h00\/h00\/9771017404446\/3022500030007U-08-BASEIMAGE-Midres.jpg' style='max-height: 400px' \/><\/div>\n<p>* Entre em contato por WhatsApp para verificar a disponibilidade do produto. Ref.: C3022500030007<\/p>\n","protected":false},"excerpt":{"rendered":"<p>Estoque dispon\u00edvel nos tamanhos: ULTIMA_ESTACAO, 38.<br \/><small>atualizado em 18\/08\/2023.<\/p>\n","protected":false},"featured_media":954,"template":"","meta":[],"product_cat":[48],"product_tag":[26,103],"_links":{"self":[{"href":"https:\/\/comprenowhats.com.br\/anacaprimacae\/wp-json\/wp\/v2\/product\/955"}],"collection":[{"href":"https:\/\/comprenowhats.com.br\/anacaprimacae\/wp-json\/wp\/v2\/product"}],"about":[{"href":"https:\/\/comprenowhats.com.br\/anacaprimacae\/wp-json\/wp\/v2\/types\/product"}],"wp:featuredmedia":[{"embeddable":true,"href":"https:\/\/comprenowhats.com.br\/anacaprimacae\/wp-json\/wp\/v2\/media\/954"}],"wp:attachment":[{"href":"https:\/\/comprenowhats.com.br\/anacaprimacae\/wp-json\/wp\/v2\/media?parent=955"}],"wp:term":[{"taxonomy":"product_cat","embeddable":true,"href":"https:\/\/comprenowhats.com.br\/anacaprimacae\/wp-json\/wp\/v2\/product_cat?post=955"},{"taxonomy":"product_tag","embeddable":true,"href":"https:\/\/comprenowhats.com.br\/anacaprimacae\/wp-json\/wp\/v2\/product_tag?post=955"}],"curies":[{"name":"wp","href":"https:\/\/api.w.org\/{rel}","templated":true}]}}