{"id":953,"date":"2020-09-23T14:46:31","date_gmt":"2020-09-23T17:46:31","guid":{"rendered":"https:\/\/comprenowhats.com.br\/anacaprimacae\/produto\/sapatilha-dourada-sofia\/"},"modified":"2023-08-18T11:37:40","modified_gmt":"2023-08-18T14:37:40","slug":"sapatilha-dourada-sofia","status":"publish","type":"product","link":"https:\/\/comprenowhats.com.br\/anacaprimacae\/produto\/sapatilha-dourada-sofia\/","title":{"rendered":"Sapatilha Dourada Sofia"},"content":{"rendered":"<p>Sapatilha dourada. O modelo tem salto rasteiro e bico quadrado. Fechada, traz cabedal com recorte redondo sobre o peito do p\u00e9 e aplica\u00e7\u00e3o de la\u00e7o delicado sobre o cabedal. Com contorno superior em destaque e costura pesponto, al\u00e9m de palmilha interna acolchoada. <\/p>\n<p><b>Porque Apostar<\/b><\/br><\/br>Cl\u00e1ssica, a sapatilha \u00e9 a queridinha dos looks do dia a dia e vem em vers\u00e3o atualizada, com bico quadrado. O modelo estilo bailarina \u00e9 super delicado e feminino e perfeito para criar composi\u00e7\u00f5es com pegada rom\u00e2ntica. Descomplica o visual e vai bem com tudo! Se joga que \u00e9 amor!<\/p>\n<div style='text-align: center'><img src='https:\/\/secure-static.anacapri.com.br\/medias\/sys_master\/anacapri\/anacapri\/h0a\/h85\/h00\/h00\/9771014783006\/3022500030005U-03-BASEIMAGE-Midres.jpg' style='max-height: 400px' \/><img src='https:\/\/secure-static.anacapri.com.br\/medias\/sys_master\/anacapri\/anacapri\/h75\/h35\/h00\/h00\/9771014455326\/3022500030005U-04-BASEIMAGE-Midres.jpg' style='max-height: 400px' \/><img src='https:\/\/secure-static.anacapri.com.br\/medias\/sys_master\/anacapri\/anacapri\/h20\/h1a\/h00\/h00\/9771014127646\/3022500030005U-05-BASEIMAGE-Midres.jpg' style='max-height: 400px' \/><img src='https:\/\/secure-static.anacapri.com.br\/medias\/sys_master\/anacapri\/anacapri\/hfd\/hd0\/h00\/h00\/9771013799966\/3022500030005U-06-BASEIMAGE-Midres.jpg' style='max-height: 400px' \/><img src='https:\/\/secure-static.anacapri.com.br\/medias\/sys_master\/anacapri\/anacapri\/h24\/h98\/h00\/h00\/9771013472286\/3022500030005U-07-BASEIMAGE-Midres.jpg' style='max-height: 400px' \/><img src='https:\/\/secure-static.anacapri.com.br\/medias\/sys_master\/anacapri\/anacapri\/h39\/h90\/h00\/h00\/9771013144606\/3022500030005U-08-BASEIMAGE-Midres.jpg' style='max-height: 400px' \/><\/div>\n<p>* Entre em contato por WhatsApp para verificar a disponibilidade do produto. Ref.: C3022500030005<\/p>\n","protected":false},"excerpt":{"rendered":"<p>Estoque dispon\u00edvel nos tamanhos: ULTIMA_ESTACAO, 34.<br \/><small>atualizado em 18\/08\/2023.<\/p>\n","protected":false},"featured_media":952,"template":"","meta":[],"product_cat":[48],"product_tag":[22,103],"_links":{"self":[{"href":"https:\/\/comprenowhats.com.br\/anacaprimacae\/wp-json\/wp\/v2\/product\/953"}],"collection":[{"href":"https:\/\/comprenowhats.com.br\/anacaprimacae\/wp-json\/wp\/v2\/product"}],"about":[{"href":"https:\/\/comprenowhats.com.br\/anacaprimacae\/wp-json\/wp\/v2\/types\/product"}],"wp:featuredmedia":[{"embeddable":true,"href":"https:\/\/comprenowhats.com.br\/anacaprimacae\/wp-json\/wp\/v2\/media\/952"}],"wp:attachment":[{"href":"https:\/\/comprenowhats.com.br\/anacaprimacae\/wp-json\/wp\/v2\/media?parent=953"}],"wp:term":[{"taxonomy":"product_cat","embeddable":true,"href":"https:\/\/comprenowhats.com.br\/anacaprimacae\/wp-json\/wp\/v2\/product_cat?post=953"},{"taxonomy":"product_tag","embeddable":true,"href":"https:\/\/comprenowhats.com.br\/anacaprimacae\/wp-json\/wp\/v2\/product_tag?post=953"}],"curies":[{"name":"wp","href":"https:\/\/api.w.org\/{rel}","templated":true}]}}