{"id":951,"date":"2020-09-23T14:46:28","date_gmt":"2020-09-23T17:46:28","guid":{"rendered":"https:\/\/comprenowhats.com.br\/anacaprimacae\/produto\/sapatilha-rosa-alegre-sofia\/"},"modified":"2022-05-18T11:46:21","modified_gmt":"2022-05-18T14:46:21","slug":"sapatilha-rosa-alegre-sofia","status":"publish","type":"product","link":"https:\/\/comprenowhats.com.br\/anacaprimacae\/produto\/sapatilha-rosa-alegre-sofia\/","title":{"rendered":"Sapatilha Rosa Alegre Sofia"},"content":{"rendered":"<p>CL\u00c1SSICA: essa \u00e9 a primeira palavra que vem em mente quando pensamos em sapatilha. Toda delicada e um eterno love affair, o modelo vem atualizado com bico quadrado e promete mil e uma combina\u00e7\u00f5es de look &#8211; todos descomplicados e trabalhados no romantismo que s\u00f3 essa lindinha \u00e9 capaz de oferecer. Se amamos? MUITO!<\/p>\n<div style='text-align: center'><img src='https:\/\/secure-static.anacapri.com.br\/medias\/sys_master\/anacapri\/anacapri\/h85\/h79\/h00\/h00\/9771022450718\/3022500030002U-03-BASEIMAGE-Midres.jpg' style='max-height: 400px' \/><img src='https:\/\/secure-static.anacapri.com.br\/medias\/sys_master\/anacapri\/anacapri\/h55\/h1b\/h00\/h00\/9771022123038\/3022500030002U-04-BASEIMAGE-Midres.jpg' style='max-height: 400px' \/><img src='https:\/\/secure-static.anacapri.com.br\/medias\/sys_master\/anacapri\/anacapri\/h32\/hd2\/h00\/h00\/9771021795358\/3022500030002U-05-BASEIMAGE-Midres.jpg' style='max-height: 400px' \/><img src='https:\/\/secure-static.anacapri.com.br\/medias\/sys_master\/anacapri\/anacapri\/hc5\/h31\/h00\/h00\/9771024416798\/3022500030002U-06-BASEIMAGE-Midres.jpg' style='max-height: 400px' \/><img src='https:\/\/secure-static.anacapri.com.br\/medias\/sys_master\/anacapri\/anacapri\/h66\/h84\/h00\/h00\/9771024089118\/3022500030002U-07-BASEIMAGE-Midres.jpg' style='max-height: 400px' \/><img src='https:\/\/secure-static.anacapri.com.br\/medias\/sys_master\/anacapri\/anacapri\/h4a\/hd4\/h00\/h00\/9771023761438\/3022500030002U-08-BASEIMAGE-Midres.jpg' style='max-height: 400px' \/><img src='https:\/\/secure-static.anacapri.com.br\/medias\/sys_master\/anacapri\/anacapri\/h3e\/h1f\/h00\/h00\/9819365343262\/3022500030002U-09-BASEIMAGE-Midres.png' style='max-height: 400px' \/><\/div>\n<p>* Entre em contato por WhatsApp para verificar a disponibilidade do produto. Ref.: C3022500030002<\/p>\n","protected":false},"excerpt":{"rendered":"<p>Estoque indispon\u00edvel.<br \/><small>atualizado em 18\/05\/2022.<\/p>\n","protected":false},"featured_media":950,"template":"","meta":[],"product_cat":[48],"product_tag":[22,24,25],"_links":{"self":[{"href":"https:\/\/comprenowhats.com.br\/anacaprimacae\/wp-json\/wp\/v2\/product\/951"}],"collection":[{"href":"https:\/\/comprenowhats.com.br\/anacaprimacae\/wp-json\/wp\/v2\/product"}],"about":[{"href":"https:\/\/comprenowhats.com.br\/anacaprimacae\/wp-json\/wp\/v2\/types\/product"}],"wp:featuredmedia":[{"embeddable":true,"href":"https:\/\/comprenowhats.com.br\/anacaprimacae\/wp-json\/wp\/v2\/media\/950"}],"wp:attachment":[{"href":"https:\/\/comprenowhats.com.br\/anacaprimacae\/wp-json\/wp\/v2\/media?parent=951"}],"wp:term":[{"taxonomy":"product_cat","embeddable":true,"href":"https:\/\/comprenowhats.com.br\/anacaprimacae\/wp-json\/wp\/v2\/product_cat?post=951"},{"taxonomy":"product_tag","embeddable":true,"href":"https:\/\/comprenowhats.com.br\/anacaprimacae\/wp-json\/wp\/v2\/product_tag?post=951"}],"curies":[{"name":"wp","href":"https:\/\/api.w.org\/{rel}","templated":true}]}}