{"id":947,"date":"2020-09-23T14:46:26","date_gmt":"2020-09-23T17:46:26","guid":{"rendered":"https:\/\/comprenowhats.com.br\/anacaprimacae\/produto\/tenis-slip-on-branco-e-azul-knit-degrade\/"},"modified":"2022-05-18T11:34:10","modified_gmt":"2022-05-18T14:34:10","slug":"tenis-slip-on-branco-e-azul-knit-degrade","status":"publish","type":"product","link":"https:\/\/comprenowhats.com.br\/anacaprimacae\/produto\/tenis-slip-on-branco-e-azul-knit-degrade\/","title":{"rendered":"T\u00eanis Slip On Branco e Azul Knit Degrad\u00ea"},"content":{"rendered":"<p>T\u00eanis slip on branco e azul em tecido knit. O modelo tem solado baixo emborrachado branco e base marrom. Traz cabedal com efeito degrad\u00ea e cano estilo meia, facilitando o calce. Com tira de gorgur\u00e3o marrom no calcanhar e tag marrom discreta do nome da marca na lateral do cabedal. <\/p>\n<p><b>Porque Apostar<\/b><\/br><\/br>Confort\u00e1vel AND divertido! O t\u00eanis em knit \u00e9 mega confort\u00e1vel, daqueles que voc\u00ea n\u00e3o quer mais tirar do p\u00e9! O degrad\u00ea garante aquele toque fun nos looks do dia a dia e \u00e9 trend na temporada. Pode apostar que \u00e9 tudo!<\/p>\n<div style='text-align: center'><img src='https:\/\/secure-static.anacapri.com.br\/medias\/sys_master\/anacapri\/anacapri\/hc0\/h1d\/h00\/h00\/9771044732958\/3022100120002U-03-BASEIMAGE-Midres.jpg' style='max-height: 400px' \/><img src='https:\/\/secure-static.anacapri.com.br\/medias\/sys_master\/anacapri\/anacapri\/h6e\/h40\/h00\/h00\/9771044405278\/3022100120002U-04-BASEIMAGE-Midres.jpg' style='max-height: 400px' \/><img src='https:\/\/secure-static.anacapri.com.br\/medias\/sys_master\/anacapri\/anacapri\/h61\/h62\/h00\/h00\/9771044077598\/3022100120002U-05-BASEIMAGE-Midres.jpg' style='max-height: 400px' \/><img src='https:\/\/secure-static.anacapri.com.br\/medias\/sys_master\/anacapri\/anacapri\/h57\/h7e\/h00\/h00\/9771043749918\/3022100120002U-06-BASEIMAGE-Midres.jpg' style='max-height: 400px' \/><img src='https:\/\/secure-static.anacapri.com.br\/medias\/sys_master\/anacapri\/anacapri\/hc9\/hea\/h00\/h00\/9771043422238\/3022100120002U-07-BASEIMAGE-Midres.jpg' style='max-height: 400px' \/><img src='https:\/\/secure-static.anacapri.com.br\/medias\/sys_master\/anacapri\/anacapri\/h22\/h1f\/h00\/h00\/9771043029022\/3022100120002U-08-BASEIMAGE-Midres.jpg' style='max-height: 400px' \/><\/div>\n<p>* Entre em contato por WhatsApp para verificar a disponibilidade do produto. Ref.: C3022100120002<\/p>\n","protected":false},"excerpt":{"rendered":"<p>Estoque indispon\u00edvel.<br \/><small>atualizado em 18\/05\/2022.<\/p>\n","protected":false},"featured_media":946,"template":"","meta":[],"product_cat":[50],"product_tag":[22,24,25],"_links":{"self":[{"href":"https:\/\/comprenowhats.com.br\/anacaprimacae\/wp-json\/wp\/v2\/product\/947"}],"collection":[{"href":"https:\/\/comprenowhats.com.br\/anacaprimacae\/wp-json\/wp\/v2\/product"}],"about":[{"href":"https:\/\/comprenowhats.com.br\/anacaprimacae\/wp-json\/wp\/v2\/types\/product"}],"wp:featuredmedia":[{"embeddable":true,"href":"https:\/\/comprenowhats.com.br\/anacaprimacae\/wp-json\/wp\/v2\/media\/946"}],"wp:attachment":[{"href":"https:\/\/comprenowhats.com.br\/anacaprimacae\/wp-json\/wp\/v2\/media?parent=947"}],"wp:term":[{"taxonomy":"product_cat","embeddable":true,"href":"https:\/\/comprenowhats.com.br\/anacaprimacae\/wp-json\/wp\/v2\/product_cat?post=947"},{"taxonomy":"product_tag","embeddable":true,"href":"https:\/\/comprenowhats.com.br\/anacaprimacae\/wp-json\/wp\/v2\/product_tag?post=947"}],"curies":[{"name":"wp","href":"https:\/\/api.w.org\/{rel}","templated":true}]}}