{"id":945,"date":"2020-09-23T14:46:25","date_gmt":"2020-09-23T17:46:25","guid":{"rendered":"https:\/\/comprenowhats.com.br\/anacaprimacae\/produto\/tenis-rosa-knit-degrade\/"},"modified":"2022-05-18T11:34:09","modified_gmt":"2022-05-18T14:34:09","slug":"tenis-rosa-knit-degrade","status":"publish","type":"product","link":"https:\/\/comprenowhats.com.br\/anacaprimacae\/produto\/tenis-rosa-knit-degrade\/","title":{"rendered":"T\u00eanis Rosa Knit Degrad\u00ea"},"content":{"rendered":"<p>Confort\u00e1vel AND divertido! O t\u00eanis com revestimento knit em degrad\u00ea mal chegou e j\u00e1 causou! Hit \u00e9 hit, n\u00e9, amores? S U P E R  confort\u00e1vel como s\u00f3 o t\u00eanis consegue ser, a gente n\u00e3o precisa nem dizer que depois de coloc\u00e1-lo no p\u00e9 vai ser dif\u00edcil de tirar. Vai com o que combina com voc\u00ea!<\/p>\n<div style='text-align: center'><img src='https:\/\/secure-static.anacapri.com.br\/medias\/sys_master\/anacapri\/anacapri\/hda\/h65\/h00\/h00\/9771041718302\/3022100120001U-03-BASEIMAGE-Midres.jpg' style='max-height: 400px' \/><img src='https:\/\/secure-static.anacapri.com.br\/medias\/sys_master\/anacapri\/anacapri\/hfc\/hcd\/h00\/h00\/9771041390622\/3022100120001U-04-BASEIMAGE-Midres.jpg' style='max-height: 400px' \/><img src='https:\/\/secure-static.anacapri.com.br\/medias\/sys_master\/anacapri\/anacapri\/h66\/h7e\/h00\/h00\/9771041062942\/3022100120001U-05-BASEIMAGE-Midres.jpg' style='max-height: 400px' \/><img src='https:\/\/secure-static.anacapri.com.br\/medias\/sys_master\/anacapri\/anacapri\/h89\/hc8\/h00\/h00\/9771040735262\/3022100120001U-06-BASEIMAGE-Midres.jpg' style='max-height: 400px' \/><img src='https:\/\/secure-static.anacapri.com.br\/medias\/sys_master\/anacapri\/anacapri\/hf4\/h78\/h00\/h00\/9771040407582\/3022100120001U-07-BASEIMAGE-Midres.jpg' style='max-height: 400px' \/><img src='https:\/\/secure-static.anacapri.com.br\/medias\/sys_master\/anacapri\/anacapri\/hcf\/h1d\/h00\/h00\/9771040079902\/3022100120001U-08-BASEIMAGE-Midres.jpg' style='max-height: 400px' \/><\/div>\n<p>* Entre em contato por WhatsApp para verificar a disponibilidade do produto. Ref.: C3022100120001<\/p>\n","protected":false},"excerpt":{"rendered":"<p>Estoque indispon\u00edvel.<br \/><small>atualizado em 18\/05\/2022.<\/p>\n","protected":false},"featured_media":944,"template":"","meta":[],"product_cat":[50],"product_tag":[22,24,25],"_links":{"self":[{"href":"https:\/\/comprenowhats.com.br\/anacaprimacae\/wp-json\/wp\/v2\/product\/945"}],"collection":[{"href":"https:\/\/comprenowhats.com.br\/anacaprimacae\/wp-json\/wp\/v2\/product"}],"about":[{"href":"https:\/\/comprenowhats.com.br\/anacaprimacae\/wp-json\/wp\/v2\/types\/product"}],"wp:featuredmedia":[{"embeddable":true,"href":"https:\/\/comprenowhats.com.br\/anacaprimacae\/wp-json\/wp\/v2\/media\/944"}],"wp:attachment":[{"href":"https:\/\/comprenowhats.com.br\/anacaprimacae\/wp-json\/wp\/v2\/media?parent=945"}],"wp:term":[{"taxonomy":"product_cat","embeddable":true,"href":"https:\/\/comprenowhats.com.br\/anacaprimacae\/wp-json\/wp\/v2\/product_cat?post=945"},{"taxonomy":"product_tag","embeddable":true,"href":"https:\/\/comprenowhats.com.br\/anacaprimacae\/wp-json\/wp\/v2\/product_tag?post=945"}],"curies":[{"name":"wp","href":"https:\/\/api.w.org\/{rel}","templated":true}]}}