{"id":937,"date":"2020-09-23T14:46:16","date_gmt":"2020-09-23T17:46:16","guid":{"rendered":"https:\/\/comprenowhats.com.br\/anacaprimacae\/produto\/tenis-azul-marinho-telinha\/"},"modified":"2022-05-18T11:34:03","modified_gmt":"2022-05-18T14:34:03","slug":"tenis-azul-marinho-telinha","status":"publish","type":"product","link":"https:\/\/comprenowhats.com.br\/anacaprimacae\/produto\/tenis-azul-marinho-telinha\/","title":{"rendered":"T\u00eanis Azul Marinho Telinha"},"content":{"rendered":"<p>H\u00e1 algumas temporadas os t\u00eanis de visual esportivo sa\u00edram da academia e invadiram o nosso closet, proporcionando uma chuva de looks descomplicados, super trendy e ainda mais confort\u00e1veis. Essa vers\u00e3o do modelo vem com cabedal de revestimento misto &#8211; telinha e liso &#8211; e  amarra\u00e7\u00e3o toda modernosa em cadar\u00e7o para dar um MEEEEEEEGA la\u00e7o. Meio atleta meio bonequinha \ud83d\ude42  Se amamos: sim ou sim?<\/p>\n<div style='text-align: center'><img src='https:\/\/secure-static.anacapri.com.br\/medias\/sys_master\/anacapri\/anacapri\/h77\/hf1\/h00\/h00\/9624062099486\/3022100050004U-03-BASEIMAGE-Midres.jpg' style='max-height: 400px' \/><img src='https:\/\/secure-static.anacapri.com.br\/medias\/sys_master\/anacapri\/anacapri\/h0a\/hc7\/h00\/h00\/9624061607966\/3022100050004U-04-BASEIMAGE-Midres.jpg' style='max-height: 400px' \/><img src='https:\/\/secure-static.anacapri.com.br\/medias\/sys_master\/anacapri\/anacapri\/hdc\/h4e\/h00\/h00\/9624061280286\/3022100050004U-05-BASEIMAGE-Midres.jpg' style='max-height: 400px' \/><img src='https:\/\/secure-static.anacapri.com.br\/medias\/sys_master\/anacapri\/anacapri\/he6\/h32\/h00\/h00\/9624060952606\/3022100050004U-06-BASEIMAGE-Midres.jpg' style='max-height: 400px' \/><img src='https:\/\/secure-static.anacapri.com.br\/medias\/sys_master\/anacapri\/anacapri\/haf\/h1c\/h00\/h00\/9624060624926\/3022100050004U-07-BASEIMAGE-Midres.jpg' style='max-height: 400px' \/><img src='https:\/\/secure-static.anacapri.com.br\/medias\/sys_master\/anacapri\/anacapri\/hb9\/h11\/h00\/h00\/9624060297246\/3022100050004U-08-BASEIMAGE-Midres.jpg' style='max-height: 400px' \/><\/div>\n<p>* Entre em contato por WhatsApp para verificar a disponibilidade do produto. Ref.: C3022100050004<\/p>\n","protected":false},"excerpt":{"rendered":"<p>Estoque indispon\u00edvel.<br \/><small>atualizado em 18\/05\/2022.<\/p>\n","protected":false},"featured_media":936,"template":"","meta":[],"product_cat":[50],"product_tag":[26],"_links":{"self":[{"href":"https:\/\/comprenowhats.com.br\/anacaprimacae\/wp-json\/wp\/v2\/product\/937"}],"collection":[{"href":"https:\/\/comprenowhats.com.br\/anacaprimacae\/wp-json\/wp\/v2\/product"}],"about":[{"href":"https:\/\/comprenowhats.com.br\/anacaprimacae\/wp-json\/wp\/v2\/types\/product"}],"wp:featuredmedia":[{"embeddable":true,"href":"https:\/\/comprenowhats.com.br\/anacaprimacae\/wp-json\/wp\/v2\/media\/936"}],"wp:attachment":[{"href":"https:\/\/comprenowhats.com.br\/anacaprimacae\/wp-json\/wp\/v2\/media?parent=937"}],"wp:term":[{"taxonomy":"product_cat","embeddable":true,"href":"https:\/\/comprenowhats.com.br\/anacaprimacae\/wp-json\/wp\/v2\/product_cat?post=937"},{"taxonomy":"product_tag","embeddable":true,"href":"https:\/\/comprenowhats.com.br\/anacaprimacae\/wp-json\/wp\/v2\/product_tag?post=937"}],"curies":[{"name":"wp","href":"https:\/\/api.w.org\/{rel}","templated":true}]}}