{"id":935,"date":"2020-09-23T14:46:14","date_gmt":"2020-09-23T17:46:14","guid":{"rendered":"https:\/\/comprenowhats.com.br\/anacaprimacae\/produto\/tenis-branco-tiras-tie-dye\/"},"modified":"2022-05-18T11:34:02","modified_gmt":"2022-05-18T14:34:02","slug":"tenis-branco-tiras-tie-dye","status":"publish","type":"product","link":"https:\/\/comprenowhats.com.br\/anacaprimacae\/produto\/tenis-branco-tiras-tie-dye\/","title":{"rendered":"T\u00eanis Branco Tiras Tie-Dye"},"content":{"rendered":"<p>T\u00eanis branco. O modelo de amarra\u00e7\u00e3o tem solado baixo emborrachado branco, com costura pesponto no contorno superior. De bico redondo, traz tiras nas laterais do cabedal e no calcanhar em estampa tie-dye colorida. Com fecho em cadar\u00e7os brancos e tag marrom com nome da marca na lateral do cabedal.<\/p>\n<p><b>Porque Apostar<\/b><\/br><\/br>O t\u00eanis branco vem em vers\u00e3o ainda mais charmosa com aplica\u00e7\u00e3o de tiras em tie-dye, a estampa queridinha e que \u00e9 tend\u00eancia absoluta na esta\u00e7\u00e3o! O modelo combina com tudo que voc\u00ea tem em casa e garante um ar descolado pro look &#8211; e \u00e9 mega confort\u00e1vel! Se joga!<\/p>\n<div style='text-align: center'><img src='https:\/\/secure-static.anacapri.com.br\/medias\/sys_master\/anacapri\/anacapri\/h0a\/h4b\/h00\/h00\/9889366736926\/3019800200002U-03-BASEIMAGE-Midres.jpg' style='max-height: 400px' \/><img src='https:\/\/secure-static.anacapri.com.br\/medias\/sys_master\/anacapri\/anacapri\/h98\/h18\/h00\/h00\/9889367064606\/3019800200002U-04-BASEIMAGE-Midres.jpg' style='max-height: 400px' \/><img src='https:\/\/secure-static.anacapri.com.br\/medias\/sys_master\/anacapri\/anacapri\/h82\/h20\/h00\/h00\/9889367392286\/3019800200002U-05-BASEIMAGE-Midres.jpg' style='max-height: 400px' \/><img src='https:\/\/secure-static.anacapri.com.br\/medias\/sys_master\/anacapri\/anacapri\/h64\/hf5\/h00\/h00\/9889367719966\/3019800200002U-06-BASEIMAGE-Midres.jpg' style='max-height: 400px' \/><img src='https:\/\/secure-static.anacapri.com.br\/medias\/sys_master\/anacapri\/anacapri\/hc2\/h91\/h00\/h00\/9889368047646\/3019800200002U-07-BASEIMAGE-Midres.jpg' style='max-height: 400px' \/><img src='https:\/\/secure-static.anacapri.com.br\/medias\/sys_master\/anacapri\/anacapri\/h2c\/h42\/h00\/h00\/9889368375326\/3019800200002U-08-BASEIMAGE-Midres.jpg' style='max-height: 400px' \/><\/div>\n<p>* Entre em contato por WhatsApp para verificar a disponibilidade do produto. Ref.: C3019800200002<\/p>\n","protected":false},"excerpt":{"rendered":"<p>Estoque indispon\u00edvel.<br \/><small>atualizado em 18\/05\/2022.<\/p>\n","protected":false},"featured_media":934,"template":"","meta":[],"product_cat":[50],"product_tag":[26],"_links":{"self":[{"href":"https:\/\/comprenowhats.com.br\/anacaprimacae\/wp-json\/wp\/v2\/product\/935"}],"collection":[{"href":"https:\/\/comprenowhats.com.br\/anacaprimacae\/wp-json\/wp\/v2\/product"}],"about":[{"href":"https:\/\/comprenowhats.com.br\/anacaprimacae\/wp-json\/wp\/v2\/types\/product"}],"wp:featuredmedia":[{"embeddable":true,"href":"https:\/\/comprenowhats.com.br\/anacaprimacae\/wp-json\/wp\/v2\/media\/934"}],"wp:attachment":[{"href":"https:\/\/comprenowhats.com.br\/anacaprimacae\/wp-json\/wp\/v2\/media?parent=935"}],"wp:term":[{"taxonomy":"product_cat","embeddable":true,"href":"https:\/\/comprenowhats.com.br\/anacaprimacae\/wp-json\/wp\/v2\/product_cat?post=935"},{"taxonomy":"product_tag","embeddable":true,"href":"https:\/\/comprenowhats.com.br\/anacaprimacae\/wp-json\/wp\/v2\/product_tag?post=935"}],"curies":[{"name":"wp","href":"https:\/\/api.w.org\/{rel}","templated":true}]}}