{"id":933,"date":"2020-09-23T14:46:11","date_gmt":"2020-09-23T17:46:11","guid":{"rendered":"https:\/\/comprenowhats.com.br\/anacaprimacae\/produto\/rasteira-rosa-metalizado-bico-folha\/"},"modified":"2022-05-18T11:33:53","modified_gmt":"2022-05-18T14:33:53","slug":"rasteira-rosa-metalizado-bico-folha","status":"publish","type":"product","link":"https:\/\/comprenowhats.com.br\/anacaprimacae\/produto\/rasteira-rosa-metalizado-bico-folha\/","title":{"rendered":"Rasteira Rosa Metalizado Bico Folha"},"content":{"rendered":"<p>Todinha trabalhada no mood handmade, a rasteira com tiras finas e dois blocos de amarra\u00e7\u00e3o tem shape minimal e impacto MAXI. Lembra aqueles m\u00f3veis de antiqu\u00e1rio, n\u00e9? Perfeita para compor looks boho e adicionar um toque artsy para aquela produ\u00e7\u00e3o mais s\u00f3bria em alfaiataria. CHIC! Vai arrasar!<\/p>\n<div style='text-align: center'><img src='https:\/\/secure-static.anacapri.com.br\/medias\/sys_master\/anacapri\/anacapri\/h53\/h7a\/h00\/h00\/9771002986526\/3019300050008U-03-BASEIMAGE-Midres.jpg' style='max-height: 400px' \/><img src='https:\/\/secure-static.anacapri.com.br\/medias\/sys_master\/anacapri\/anacapri\/hbd\/h2a\/h00\/h00\/9771002658846\/3019300050008U-04-BASEIMAGE-Midres.jpg' style='max-height: 400px' \/><img src='https:\/\/secure-static.anacapri.com.br\/medias\/sys_master\/anacapri\/anacapri\/h21\/h6c\/h00\/h00\/9771002331166\/3019300050008U-05-BASEIMAGE-Midres.jpg' style='max-height: 400px' \/><img src='https:\/\/secure-static.anacapri.com.br\/medias\/sys_master\/anacapri\/anacapri\/hf6\/h92\/h00\/h00\/9771001872414\/3019300050008U-06-BASEIMAGE-Midres.jpg' style='max-height: 400px' \/><img src='https:\/\/secure-static.anacapri.com.br\/medias\/sys_master\/anacapri\/anacapri\/h60\/h43\/h00\/h00\/9771001544734\/3019300050008U-07-BASEIMAGE-Midres.jpg' style='max-height: 400px' \/><img src='https:\/\/secure-static.anacapri.com.br\/medias\/sys_master\/anacapri\/anacapri\/h90\/ha1\/h00\/h00\/9771001217054\/3019300050008U-08-BASEIMAGE-Midres.jpg' style='max-height: 400px' \/><\/div>\n<p>* Entre em contato por WhatsApp para verificar a disponibilidade do produto. Ref.: C3019300050008<\/p>\n","protected":false},"excerpt":{"rendered":"<p>Estoque indispon\u00edvel.<br \/><small>atualizado em 18\/05\/2022.<\/p>\n","protected":false},"featured_media":932,"template":"","meta":[],"product_cat":[49],"product_tag":[22],"_links":{"self":[{"href":"https:\/\/comprenowhats.com.br\/anacaprimacae\/wp-json\/wp\/v2\/product\/933"}],"collection":[{"href":"https:\/\/comprenowhats.com.br\/anacaprimacae\/wp-json\/wp\/v2\/product"}],"about":[{"href":"https:\/\/comprenowhats.com.br\/anacaprimacae\/wp-json\/wp\/v2\/types\/product"}],"wp:featuredmedia":[{"embeddable":true,"href":"https:\/\/comprenowhats.com.br\/anacaprimacae\/wp-json\/wp\/v2\/media\/932"}],"wp:attachment":[{"href":"https:\/\/comprenowhats.com.br\/anacaprimacae\/wp-json\/wp\/v2\/media?parent=933"}],"wp:term":[{"taxonomy":"product_cat","embeddable":true,"href":"https:\/\/comprenowhats.com.br\/anacaprimacae\/wp-json\/wp\/v2\/product_cat?post=933"},{"taxonomy":"product_tag","embeddable":true,"href":"https:\/\/comprenowhats.com.br\/anacaprimacae\/wp-json\/wp\/v2\/product_tag?post=933"}],"curies":[{"name":"wp","href":"https:\/\/api.w.org\/{rel}","templated":true}]}}