{"id":931,"date":"2020-09-23T14:46:09","date_gmt":"2020-09-23T17:46:09","guid":{"rendered":"https:\/\/comprenowhats.com.br\/anacaprimacae\/produto\/rasteira-metalizado-tricolor-bico-folha\/"},"modified":"2022-05-18T11:33:52","modified_gmt":"2022-05-18T14:33:52","slug":"rasteira-metalizado-tricolor-bico-folha","status":"publish","type":"product","link":"https:\/\/comprenowhats.com.br\/anacaprimacae\/produto\/rasteira-metalizado-tricolor-bico-folha\/","title":{"rendered":"Rasteira Metalizado Tricolor Bico Folha"},"content":{"rendered":"<p>Todinha trabalhada no mood handmade, a rasteira com tiras finas e dois blocos de amarra\u00e7\u00e3o tem shape minimal e impacto MAXI. Lembra aqueles m\u00f3veis de antiqu\u00e1rio, n\u00e9? Perfeita para compor looks boho e adicionar um toque artsy para aquela produ\u00e7\u00e3o mais s\u00f3bria em alfaiataria. CHIC! Vai arrasar!<\/p>\n<div style='text-align: center'><img src='https:\/\/secure-static.anacapri.com.br\/medias\/sys_master\/anacapri\/anacapri\/hb6\/h1b\/h00\/h00\/9770973691934\/3019300050005U-04-BASEIMAGE-Midres.jpg' style='max-height: 400px' \/><img src='https:\/\/secure-static.anacapri.com.br\/medias\/sys_master\/anacapri\/anacapri\/he6\/h79\/h00\/h00\/9770973364254\/3019300050005U-05-BASEIMAGE-Midres.jpg' style='max-height: 400px' \/><img src='https:\/\/secure-static.anacapri.com.br\/medias\/sys_master\/anacapri\/anacapri\/h50\/h2a\/h00\/h00\/9770973036574\/3019300050005U-06-BASEIMAGE-Midres.jpg' style='max-height: 400px' \/><img src='https:\/\/secure-static.anacapri.com.br\/medias\/sys_master\/anacapri\/anacapri\/h98\/hd6\/h00\/h00\/9770972577822\/3019300050005U-07-BASEIMAGE-Midres.jpg' style='max-height: 400px' \/><img src='https:\/\/secure-static.anacapri.com.br\/medias\/sys_master\/anacapri\/anacapri\/h7a\/hf6\/h00\/h00\/9770975461406\/3019300050005U-08-BASEIMAGE-Midres.jpg' style='max-height: 400px' \/><\/div>\n<p>* Entre em contato por WhatsApp para verificar a disponibilidade do produto. Ref.: C3019300050005<\/p>\n","protected":false},"excerpt":{"rendered":"<p>Estoque indispon\u00edvel.<br \/><small>atualizado em 18\/05\/2022.<\/p>\n","protected":false},"featured_media":930,"template":"","meta":[],"product_cat":[49],"product_tag":[22],"_links":{"self":[{"href":"https:\/\/comprenowhats.com.br\/anacaprimacae\/wp-json\/wp\/v2\/product\/931"}],"collection":[{"href":"https:\/\/comprenowhats.com.br\/anacaprimacae\/wp-json\/wp\/v2\/product"}],"about":[{"href":"https:\/\/comprenowhats.com.br\/anacaprimacae\/wp-json\/wp\/v2\/types\/product"}],"wp:featuredmedia":[{"embeddable":true,"href":"https:\/\/comprenowhats.com.br\/anacaprimacae\/wp-json\/wp\/v2\/media\/930"}],"wp:attachment":[{"href":"https:\/\/comprenowhats.com.br\/anacaprimacae\/wp-json\/wp\/v2\/media?parent=931"}],"wp:term":[{"taxonomy":"product_cat","embeddable":true,"href":"https:\/\/comprenowhats.com.br\/anacaprimacae\/wp-json\/wp\/v2\/product_cat?post=931"},{"taxonomy":"product_tag","embeddable":true,"href":"https:\/\/comprenowhats.com.br\/anacaprimacae\/wp-json\/wp\/v2\/product_tag?post=931"}],"curies":[{"name":"wp","href":"https:\/\/api.w.org\/{rel}","templated":true}]}}