{"id":929,"date":"2020-09-23T14:46:06","date_gmt":"2020-09-23T17:46:06","guid":{"rendered":"https:\/\/comprenowhats.com.br\/anacaprimacae\/produto\/rasteira-lilas-eva\/"},"modified":"2022-05-18T11:45:50","modified_gmt":"2022-05-18T14:45:50","slug":"rasteira-lilas-eva","status":"publish","type":"product","link":"https:\/\/comprenowhats.com.br\/anacaprimacae\/produto\/rasteira-lilas-eva\/","title":{"rendered":"Rasteira Lil\u00e1s Eva"},"content":{"rendered":"<p>Sand\u00e1lia rasteira estilo birken em EVA injetado. O modelo tem solado alto, que afina na altura dos dedos e com formato anat\u00f4mico, al\u00e9m de base tratorada. Traz duas tiras largas sobre o peito do p\u00e9 com fivela quadrada lateral e inscri\u00e7\u00e3o discreta do nome da marca. Deixa dedos e calcanhar \u00e0 mostra.<\/p>\n<p><b>Porque Apostar<\/b><\/br><\/br>Mais trendy e confort\u00e1vel n\u00e3o tem, mana! A sand\u00e1lia traz aquele mood fresco e despojado que a gente ama &#8211; e at\u00e9 d\u00e1 um gostinho de praia, n\u00e3o? Para usar com shorts, saia e vestido soltinho e fica linda tamb\u00e9m com acess\u00f3rios em materiais naturais! Uma de cada cor, por favor!<\/p>\n<div style='text-align: center'><img src='https:\/\/secure-static.anacapri.com.br\/medias\/sys_master\/anacapri\/anacapri\/hb0\/h0b\/h00\/h00\/9889154891806\/3017300010026U-03-BASEIMAGE-Midres.jpg' style='max-height: 400px' \/><img src='https:\/\/secure-static.anacapri.com.br\/medias\/sys_master\/anacapri\/anacapri\/h70\/ha7\/h00\/h00\/9889155219486\/3017300010026U-04-BASEIMAGE-Midres.jpg' style='max-height: 400px' \/><img src='https:\/\/secure-static.anacapri.com.br\/medias\/sys_master\/anacapri\/anacapri\/hda\/h57\/h00\/h00\/9889155547166\/3017300010026U-05-BASEIMAGE-Midres.jpg' style='max-height: 400px' \/><img src='https:\/\/secure-static.anacapri.com.br\/medias\/sys_master\/anacapri\/anacapri\/h0a\/hb6\/h00\/h00\/9889155874846\/3017300010026U-06-BASEIMAGE-Midres.jpg' style='max-height: 400px' \/><img src='https:\/\/secure-static.anacapri.com.br\/medias\/sys_master\/anacapri\/anacapri\/hd2\/h00\/h00\/h00\/9889156202526\/3017300010026U-07-BASEIMAGE-Midres.jpg' style='max-height: 400px' \/><img src='https:\/\/secure-static.anacapri.com.br\/medias\/sys_master\/anacapri\/anacapri\/h67\/h50\/h00\/h00\/9889156530206\/3017300010026U-08-BASEIMAGE-Midres.jpg' style='max-height: 400px' \/><\/div>\n<p>* Entre em contato por WhatsApp para verificar a disponibilidade do produto. Ref.: C3017300010026<\/p>\n","protected":false},"excerpt":{"rendered":"<p>Estoque indispon\u00edvel.<br \/><small>atualizado em 18\/05\/2022.<\/p>\n","protected":false},"featured_media":928,"template":"","meta":[],"product_cat":[49],"product_tag":[23,24,25],"_links":{"self":[{"href":"https:\/\/comprenowhats.com.br\/anacaprimacae\/wp-json\/wp\/v2\/product\/929"}],"collection":[{"href":"https:\/\/comprenowhats.com.br\/anacaprimacae\/wp-json\/wp\/v2\/product"}],"about":[{"href":"https:\/\/comprenowhats.com.br\/anacaprimacae\/wp-json\/wp\/v2\/types\/product"}],"wp:featuredmedia":[{"embeddable":true,"href":"https:\/\/comprenowhats.com.br\/anacaprimacae\/wp-json\/wp\/v2\/media\/928"}],"wp:attachment":[{"href":"https:\/\/comprenowhats.com.br\/anacaprimacae\/wp-json\/wp\/v2\/media?parent=929"}],"wp:term":[{"taxonomy":"product_cat","embeddable":true,"href":"https:\/\/comprenowhats.com.br\/anacaprimacae\/wp-json\/wp\/v2\/product_cat?post=929"},{"taxonomy":"product_tag","embeddable":true,"href":"https:\/\/comprenowhats.com.br\/anacaprimacae\/wp-json\/wp\/v2\/product_tag?post=929"}],"curies":[{"name":"wp","href":"https:\/\/api.w.org\/{rel}","templated":true}]}}