{"id":923,"date":"2020-09-23T14:45:58","date_gmt":"2020-09-23T17:45:58","guid":{"rendered":"https:\/\/comprenowhats.com.br\/anacaprimacae\/produto\/rasteira-preta-eva\/"},"modified":"2023-11-28T16:39:33","modified_gmt":"2023-11-28T19:39:33","slug":"rasteira-preta-eva","status":"publish","type":"product","link":"https:\/\/comprenowhats.com.br\/anacaprimacae\/produto\/rasteira-preta-eva\/","title":{"rendered":"Rasteira Preta Eva"},"content":{"rendered":"<p>Rasteira de duas tiras paralelas, com fivelas, estilo slider, de EVA injetado: mais leve que as nuvens onde voc\u00ea vai achar que est\u00e1 pisando. O conforto dessa pe\u00e7a \u00e9 sem igual, e a versatilidade tamb\u00e9m: na cidade funciona com jeans, camisas e ocasi\u00f5es mil. Na praia pode molhar \u00e0 vontade e ser feliz!<\/p>\n<div style='text-align: center'><img src='https:\/\/secure-static.anacapri.com.br\/medias\/sys_master\/anacapri\/anacapri\/h27\/h07\/h00\/h00\/9837631537182\/3017300010005U-04-BASEIMAGE-Midres.jpg' style='max-height: 400px' \/><img src='https:\/\/secure-static.anacapri.com.br\/medias\/sys_master\/anacapri\/anacapri\/h21\/hfe\/h00\/h00\/9837631701022\/3017300010005U-05-BASEIMAGE-Midres.jpg' style='max-height: 400px' \/><img src='https:\/\/secure-static.anacapri.com.br\/medias\/sys_master\/anacapri\/anacapri\/h07\/h57\/h00\/h00\/9837631864862\/3017300010005U-06-BASEIMAGE-Midres.jpg' style='max-height: 400px' \/><\/div>\n<p>* Entre em contato por WhatsApp para verificar a disponibilidade do produto. Ref.: C3017300010005<\/p>\n","protected":false},"excerpt":{"rendered":"<p>Estoque dispon\u00edvel nos tamanhos: ULTIMA_ESTACAO, 35, 37.<br \/><small>atualizado em 28\/11\/2023.<\/p>\n","protected":false},"featured_media":922,"template":"","meta":[],"product_cat":[49],"product_tag":[23,25,103],"_links":{"self":[{"href":"https:\/\/comprenowhats.com.br\/anacaprimacae\/wp-json\/wp\/v2\/product\/923"}],"collection":[{"href":"https:\/\/comprenowhats.com.br\/anacaprimacae\/wp-json\/wp\/v2\/product"}],"about":[{"href":"https:\/\/comprenowhats.com.br\/anacaprimacae\/wp-json\/wp\/v2\/types\/product"}],"wp:featuredmedia":[{"embeddable":true,"href":"https:\/\/comprenowhats.com.br\/anacaprimacae\/wp-json\/wp\/v2\/media\/922"}],"wp:attachment":[{"href":"https:\/\/comprenowhats.com.br\/anacaprimacae\/wp-json\/wp\/v2\/media?parent=923"}],"wp:term":[{"taxonomy":"product_cat","embeddable":true,"href":"https:\/\/comprenowhats.com.br\/anacaprimacae\/wp-json\/wp\/v2\/product_cat?post=923"},{"taxonomy":"product_tag","embeddable":true,"href":"https:\/\/comprenowhats.com.br\/anacaprimacae\/wp-json\/wp\/v2\/product_tag?post=923"}],"curies":[{"name":"wp","href":"https:\/\/api.w.org\/{rel}","templated":true}]}}