{"id":919,"date":"2020-09-23T14:45:53","date_gmt":"2020-09-23T17:45:53","guid":{"rendered":"https:\/\/comprenowhats.com.br\/anacaprimacae\/produto\/rasteira-rosa-blush-tiras-no\/"},"modified":"2022-05-18T11:33:39","modified_gmt":"2022-05-18T14:33:39","slug":"rasteira-rosa-blush-tiras-no","status":"publish","type":"product","link":"https:\/\/comprenowhats.com.br\/anacaprimacae\/produto\/rasteira-rosa-blush-tiras-no\/","title":{"rendered":"Rasteira Rosa Blush Tiras N\u00f3"},"content":{"rendered":"<p>As tiras fininhas no peito do p\u00e9 formando um n\u00f3 todo moderno atualizam esse modelo de rasteirinha que j\u00e1 tem um lugar especial no closet da descomplicada. O mix de moods &#8211; artesanal, moderno e rom\u00e2ntico &#8211; tornam essa pe\u00e7a ainda mais vers\u00e1til: combina com tudo e mais um pouco! Perfeita pra looks que v\u00e3o do -escrit\u00f3rio-pra-balada, pois o fechamento em fivela no tornozelo garante conforto e seguran\u00e7a para arrasar em todos os rol\u00eas. Combine essa lindinha com o seu estilo \ud83d\ude42 estamos curiosas para ver sua produ\u00e7\u00e3o!<\/p>\n<div style='text-align: center'><img src='https:\/\/secure-static.anacapri.com.br\/medias\/sys_master\/anacapri\/anacapri\/h92\/h96\/h00\/h00\/9623832199198\/3015700210001U-04-BASEIMAGE-Midres.jpg' style='max-height: 400px' \/><img src='https:\/\/secure-static.anacapri.com.br\/medias\/sys_master\/anacapri\/anacapri\/h73\/h7a\/h00\/h00\/9623831871518\/3015700210001U-05-BASEIMAGE-Midres.jpg' style='max-height: 400px' \/><img src='https:\/\/secure-static.anacapri.com.br\/medias\/sys_master\/anacapri\/anacapri\/h09\/hca\/h00\/h00\/9623831543838\/3015700210001U-06-BASEIMAGE-Midres.jpg' style='max-height: 400px' \/><\/div>\n<p>* Entre em contato por WhatsApp para verificar a disponibilidade do produto. Ref.: C3015700210001<\/p>\n","protected":false},"excerpt":{"rendered":"<p>Estoque indispon\u00edvel.<br \/><small>atualizado em 18\/05\/2022.<\/p>\n","protected":false},"featured_media":918,"template":"","meta":[],"product_cat":[49],"product_tag":[24,25,26],"_links":{"self":[{"href":"https:\/\/comprenowhats.com.br\/anacaprimacae\/wp-json\/wp\/v2\/product\/919"}],"collection":[{"href":"https:\/\/comprenowhats.com.br\/anacaprimacae\/wp-json\/wp\/v2\/product"}],"about":[{"href":"https:\/\/comprenowhats.com.br\/anacaprimacae\/wp-json\/wp\/v2\/types\/product"}],"wp:featuredmedia":[{"embeddable":true,"href":"https:\/\/comprenowhats.com.br\/anacaprimacae\/wp-json\/wp\/v2\/media\/918"}],"wp:attachment":[{"href":"https:\/\/comprenowhats.com.br\/anacaprimacae\/wp-json\/wp\/v2\/media?parent=919"}],"wp:term":[{"taxonomy":"product_cat","embeddable":true,"href":"https:\/\/comprenowhats.com.br\/anacaprimacae\/wp-json\/wp\/v2\/product_cat?post=919"},{"taxonomy":"product_tag","embeddable":true,"href":"https:\/\/comprenowhats.com.br\/anacaprimacae\/wp-json\/wp\/v2\/product_tag?post=919"}],"curies":[{"name":"wp","href":"https:\/\/api.w.org\/{rel}","templated":true}]}}