{"id":915,"date":"2020-09-23T14:45:49","date_gmt":"2020-09-23T17:45:49","guid":{"rendered":"https:\/\/comprenowhats.com.br\/anacaprimacae\/produto\/rasteira-marrom-tiras-finas\/"},"modified":"2022-05-18T11:33:37","modified_gmt":"2022-05-18T14:33:37","slug":"rasteira-marrom-tiras-finas","status":"publish","type":"product","link":"https:\/\/comprenowhats.com.br\/anacaprimacae\/produto\/rasteira-marrom-tiras-finas\/","title":{"rendered":"Rasteira Marrom Tiras Finas"},"content":{"rendered":"<p>ESSENCIAL! A rasteira com tiras finas tramadas no peito do p\u00e9 \u00e9 perfeita para compor todo o tipo de look: quem manda \u00e9 voc\u00ea! Vers\u00e1til e confort\u00e1vel, o detalhe met\u00e1lico nas bordinhas d\u00e1 todo um mood moderninho a esse modelo que ocupa um lugar especial no nosso guarda-roupa! N\u00e3o deixa passar!<\/p>\n<div style='text-align: center'><img src='https:\/\/secure-static.anacapri.com.br\/medias\/sys_master\/anacapri\/anacapri\/he4\/hc2\/h00\/h00\/9770938761246\/3015500090002U-04-BASEIMAGE-Midres.jpg' style='max-height: 400px' \/><img src='https:\/\/secure-static.anacapri.com.br\/medias\/sys_master\/anacapri\/anacapri\/h85\/hed\/h00\/h00\/9770938433566\/3015500090002U-05-BASEIMAGE-Midres.jpg' style='max-height: 400px' \/><img src='https:\/\/secure-static.anacapri.com.br\/medias\/sys_master\/anacapri\/anacapri\/hef\/h9d\/h00\/h00\/9770938105886\/3015500090002U-06-BASEIMAGE-Midres.jpg' style='max-height: 400px' \/><\/div>\n<p>* Entre em contato por WhatsApp para verificar a disponibilidade do produto. Ref.: C3015500090002<\/p>\n","protected":false},"excerpt":{"rendered":"<p>Estoque indispon\u00edvel.<br \/><small>atualizado em 18\/05\/2022.<\/p>\n","protected":false},"featured_media":914,"template":"","meta":[],"product_cat":[49],"product_tag":[24,25,26],"_links":{"self":[{"href":"https:\/\/comprenowhats.com.br\/anacaprimacae\/wp-json\/wp\/v2\/product\/915"}],"collection":[{"href":"https:\/\/comprenowhats.com.br\/anacaprimacae\/wp-json\/wp\/v2\/product"}],"about":[{"href":"https:\/\/comprenowhats.com.br\/anacaprimacae\/wp-json\/wp\/v2\/types\/product"}],"wp:featuredmedia":[{"embeddable":true,"href":"https:\/\/comprenowhats.com.br\/anacaprimacae\/wp-json\/wp\/v2\/media\/914"}],"wp:attachment":[{"href":"https:\/\/comprenowhats.com.br\/anacaprimacae\/wp-json\/wp\/v2\/media?parent=915"}],"wp:term":[{"taxonomy":"product_cat","embeddable":true,"href":"https:\/\/comprenowhats.com.br\/anacaprimacae\/wp-json\/wp\/v2\/product_cat?post=915"},{"taxonomy":"product_tag","embeddable":true,"href":"https:\/\/comprenowhats.com.br\/anacaprimacae\/wp-json\/wp\/v2\/product_tag?post=915"}],"curies":[{"name":"wp","href":"https:\/\/api.w.org\/{rel}","templated":true}]}}