{"id":911,"date":"2020-09-23T14:45:45","date_gmt":"2020-09-23T17:45:45","guid":{"rendered":"https:\/\/comprenowhats.com.br\/anacaprimacae\/produto\/mocassim-pesponto-preto\/"},"modified":"2022-05-18T11:33:36","modified_gmt":"2022-05-18T14:33:36","slug":"mocassim-pesponto-preto","status":"publish","type":"product","link":"https:\/\/comprenowhats.com.br\/anacaprimacae\/produto\/mocassim-pesponto-preto\/","title":{"rendered":"Mocassim Pesponto Preto"},"content":{"rendered":"<p>O mocassim \u00e9 um cl\u00e1ssico atemporal. Imposs\u00edvel nunca ter se deparado com uma produ\u00e7\u00e3o super trendy estrelando o modelo! Icone de estilo, ele acrescenta personalidade e um toque fashionista at\u00e9 para aquele look b\u00e1sico com jeans+camiseta. J\u00e1 tem um para chamar de seu? N\u00c3O? Ent\u00e3o n\u00e3o deixa essa passar!<\/p>\n<div style='text-align: center'><img src='https:\/\/secure-static.anacapri.com.br\/medias\/sys_master\/anacapri\/anacapri\/he0\/h0e\/h00\/h00\/9644187189278\/3015100010004U-04-BASEIMAGE-Midres.jpg' style='max-height: 400px' \/><img src='https:\/\/secure-static.anacapri.com.br\/medias\/sys_master\/anacapri\/anacapri\/h01\/hba\/h00\/h00\/9644187025438\/3015100010004U-05-BASEIMAGE-Midres.jpg' style='max-height: 400px' \/><img src='https:\/\/secure-static.anacapri.com.br\/medias\/sys_master\/anacapri\/anacapri\/h2f\/hb6\/h00\/h00\/9644186861598\/3015100010004U-06-BASEIMAGE-Midres.jpg' style='max-height: 400px' \/><\/div>\n<p>* Entre em contato por WhatsApp para verificar a disponibilidade do produto. Ref.: C3015100010004<\/p>\n","protected":false},"excerpt":{"rendered":"<p>Estoque indispon\u00edvel.<br \/><small>atualizado em 18\/05\/2022.<\/p>\n","protected":false},"featured_media":910,"template":"","meta":[],"product_cat":[53],"product_tag":[25],"_links":{"self":[{"href":"https:\/\/comprenowhats.com.br\/anacaprimacae\/wp-json\/wp\/v2\/product\/911"}],"collection":[{"href":"https:\/\/comprenowhats.com.br\/anacaprimacae\/wp-json\/wp\/v2\/product"}],"about":[{"href":"https:\/\/comprenowhats.com.br\/anacaprimacae\/wp-json\/wp\/v2\/types\/product"}],"wp:featuredmedia":[{"embeddable":true,"href":"https:\/\/comprenowhats.com.br\/anacaprimacae\/wp-json\/wp\/v2\/media\/910"}],"wp:attachment":[{"href":"https:\/\/comprenowhats.com.br\/anacaprimacae\/wp-json\/wp\/v2\/media?parent=911"}],"wp:term":[{"taxonomy":"product_cat","embeddable":true,"href":"https:\/\/comprenowhats.com.br\/anacaprimacae\/wp-json\/wp\/v2\/product_cat?post=911"},{"taxonomy":"product_tag","embeddable":true,"href":"https:\/\/comprenowhats.com.br\/anacaprimacae\/wp-json\/wp\/v2\/product_tag?post=911"}],"curies":[{"name":"wp","href":"https:\/\/api.w.org\/{rel}","templated":true}]}}