{"id":909,"date":"2020-09-23T14:45:44","date_gmt":"2020-09-23T17:45:44","guid":{"rendered":"https:\/\/comprenowhats.com.br\/anacaprimacae\/produto\/tenis-slip-on-branco-dani\/"},"modified":"2022-05-18T11:33:34","modified_gmt":"2022-05-18T14:33:34","slug":"tenis-slip-on-branco-dani","status":"publish","type":"product","link":"https:\/\/comprenowhats.com.br\/anacaprimacae\/produto\/tenis-slip-on-branco-dani\/","title":{"rendered":"T\u00eanis Slip On Branco Dani"},"content":{"rendered":"<p>T\u00eanis slip on preto. O modelo tem solado alto emborrachado branco, texturizado na parte frontal e com costura pesponto no contorno superior, al\u00e9m de risca preta nas laterais. De bico redondo, traz el\u00e1stico largo sobre a lingueta, que facilita o calce. Com contorno do cano bombado e tag marrom com nome da marca na lateral do cabedal.<\/p>\n<p>\u00a0<\/p>\n<p>Porque Apostar<\/p>\n<p>\u00a0<\/p>\n<p>B\u00e1sico e atemporal, o slip on de cor neutra \u00e9 aquele modelo vers\u00e1til que tem que ter! Vai bem com tudo, sem contar que \u00e9 mega confort\u00e1vel! Combine com jeans ou pe\u00e7as de alfaiataria e abuse dos tons vibrantes para contrastar e trazer um toque fun. Pode apostar!<\/p>\n<div style='text-align: center'><img src='https:\/\/secure-static.anacapri.com.br\/medias\/sys_master\/anacapri\/anacapri\/h81\/hbf\/h00\/h00\/9889441185822\/3014000230005U-04-BASEIMAGE-Midres.jpg' style='max-height: 400px' \/><img src='https:\/\/secure-static.anacapri.com.br\/medias\/sys_master\/anacapri\/anacapri\/hae\/h9d\/h00\/h00\/9889441513502\/3014000230005U-05-BASEIMAGE-Midres.jpg' style='max-height: 400px' \/><img src='https:\/\/secure-static.anacapri.com.br\/medias\/sys_master\/anacapri\/anacapri\/hc4\/h95\/h00\/h00\/9889441841182\/3014000230005U-06-BASEIMAGE-Midres.jpg' style='max-height: 400px' \/><\/div>\n<p>* Entre em contato por WhatsApp para verificar a disponibilidade do produto. Ref.: C3014000230005<\/p>\n","protected":false},"excerpt":{"rendered":"<p>Estoque indispon\u00edvel.<br \/><small>atualizado em 18\/05\/2022.<\/p>\n","protected":false},"featured_media":908,"template":"","meta":[],"product_cat":[50],"product_tag":[25],"_links":{"self":[{"href":"https:\/\/comprenowhats.com.br\/anacaprimacae\/wp-json\/wp\/v2\/product\/909"}],"collection":[{"href":"https:\/\/comprenowhats.com.br\/anacaprimacae\/wp-json\/wp\/v2\/product"}],"about":[{"href":"https:\/\/comprenowhats.com.br\/anacaprimacae\/wp-json\/wp\/v2\/types\/product"}],"wp:featuredmedia":[{"embeddable":true,"href":"https:\/\/comprenowhats.com.br\/anacaprimacae\/wp-json\/wp\/v2\/media\/908"}],"wp:attachment":[{"href":"https:\/\/comprenowhats.com.br\/anacaprimacae\/wp-json\/wp\/v2\/media?parent=909"}],"wp:term":[{"taxonomy":"product_cat","embeddable":true,"href":"https:\/\/comprenowhats.com.br\/anacaprimacae\/wp-json\/wp\/v2\/product_cat?post=909"},{"taxonomy":"product_tag","embeddable":true,"href":"https:\/\/comprenowhats.com.br\/anacaprimacae\/wp-json\/wp\/v2\/product_tag?post=909"}],"curies":[{"name":"wp","href":"https:\/\/api.w.org\/{rel}","templated":true}]}}