{"id":901,"date":"2020-09-23T14:45:36","date_gmt":"2020-09-23T17:45:36","guid":{"rendered":"https:\/\/comprenowhats.com.br\/anacaprimacae\/produto\/tenis-stretch-preto-knit-brilho\/"},"modified":"2022-05-18T11:45:42","modified_gmt":"2022-05-18T14:45:42","slug":"tenis-stretch-preto-knit-brilho","status":"publish","type":"product","link":"https:\/\/comprenowhats.com.br\/anacaprimacae\/produto\/tenis-stretch-preto-knit-brilho\/","title":{"rendered":"T\u00eanis Stretch Preto Knit Brilho"},"content":{"rendered":"<p>Com mood esportivo retr\u00f4, o t\u00eanis com revestimento knit \u00e9 super confort\u00e1vel e vers\u00e1til, do jeitinho que a descomplicada gosta! O detalhe em glitter nas laterais torna o modelo mais fun e moderno, DO JEITINHO QUE A DESCOMPLICADA GOSTA! \u00c9 pra n\u00e3o tirar mais do p\u00e9, n\u00e9? Um arraso!<\/p>\n<div style='text-align: center'><img src='https:\/\/secure-static.anacapri.com.br\/medias\/sys_master\/anacapri\/anacapri\/h8b\/h99\/h00\/h00\/9814120988702\/3009600250004U-04-BASEIMAGE-Midres.jpg' style='max-height: 400px' \/><img src='https:\/\/secure-static.anacapri.com.br\/medias\/sys_master\/anacapri\/anacapri\/h5a\/h2a\/h00\/h00\/9814121316382\/3009600250004U-05-BASEIMAGE-Midres.jpg' style='max-height: 400px' \/><img src='https:\/\/secure-static.anacapri.com.br\/medias\/sys_master\/anacapri\/anacapri\/h3a\/h25\/h00\/h00\/9814121644062\/3009600250004U-06-BASEIMAGE-Midres.jpg' style='max-height: 400px' \/><\/div>\n<p>* Entre em contato por WhatsApp para verificar a disponibilidade do produto. Ref.: C3009600250004<\/p>\n","protected":false},"excerpt":{"rendered":"<p>Estoque indispon\u00edvel.<br \/><small>atualizado em 18\/05\/2022.<\/p>\n","protected":false},"featured_media":900,"template":"","meta":[],"product_cat":[50],"product_tag":[21,22,23,24,25,26,27],"_links":{"self":[{"href":"https:\/\/comprenowhats.com.br\/anacaprimacae\/wp-json\/wp\/v2\/product\/901"}],"collection":[{"href":"https:\/\/comprenowhats.com.br\/anacaprimacae\/wp-json\/wp\/v2\/product"}],"about":[{"href":"https:\/\/comprenowhats.com.br\/anacaprimacae\/wp-json\/wp\/v2\/types\/product"}],"wp:featuredmedia":[{"embeddable":true,"href":"https:\/\/comprenowhats.com.br\/anacaprimacae\/wp-json\/wp\/v2\/media\/900"}],"wp:attachment":[{"href":"https:\/\/comprenowhats.com.br\/anacaprimacae\/wp-json\/wp\/v2\/media?parent=901"}],"wp:term":[{"taxonomy":"product_cat","embeddable":true,"href":"https:\/\/comprenowhats.com.br\/anacaprimacae\/wp-json\/wp\/v2\/product_cat?post=901"},{"taxonomy":"product_tag","embeddable":true,"href":"https:\/\/comprenowhats.com.br\/anacaprimacae\/wp-json\/wp\/v2\/product_tag?post=901"}],"curies":[{"name":"wp","href":"https:\/\/api.w.org\/{rel}","templated":true}]}}