{"id":899,"date":"2020-09-23T14:45:34","date_gmt":"2020-09-23T17:45:34","guid":{"rendered":"https:\/\/comprenowhats.com.br\/anacaprimacae\/produto\/tenis-vivi-preto\/"},"modified":"2022-05-18T11:33:21","modified_gmt":"2022-05-18T14:33:21","slug":"tenis-vivi-preto","status":"publish","type":"product","link":"https:\/\/comprenowhats.com.br\/anacaprimacae\/produto\/tenis-vivi-preto\/","title":{"rendered":"T\u00eanis Vivi Preto"},"content":{"rendered":"<p>T\u00eanis esportivo? T\u00eanis futurista? T\u00eanis Minimalista? T\u00eanis artsy? T\u00eanis para usar no trabalho? N\u00e3o importa. Se voc\u00ea marcou uma ou mais das alternativas acima essa \u00e9 a pe\u00e7a. O contraste entre o solado branco e o cabedal preto &#8211; sendo complementado pelo tecido duplo cruzado sobre o p\u00e9 \u00e9 definitivamente uma certeza: vai com qualquer look!<\/p>\n<div style='text-align: center'><img src='https:\/\/secure-static.anacapri.com.br\/medias\/sys_master\/anacapri\/anacapri\/h5a\/h26\/h00\/h00\/9536784793630\/3009600210001U-04-BASEIMAGE-Midres.jpg' style='max-height: 400px' \/><img src='https:\/\/secure-static.anacapri.com.br\/medias\/sys_master\/anacapri\/anacapri\/h21\/h27\/h00\/h00\/9536785612830\/3009600210001U-05-BASEIMAGE-Midres.jpg' style='max-height: 400px' \/><img src='https:\/\/secure-static.anacapri.com.br\/medias\/sys_master\/anacapri\/anacapri\/h16\/h32\/h00\/h00\/9536785285150\/3009600210001U-06-BASEIMAGE-Midres.jpg' style='max-height: 400px' \/><\/div>\n<p>* Entre em contato por WhatsApp para verificar a disponibilidade do produto. Ref.: C3009600210001<\/p>\n","protected":false},"excerpt":{"rendered":"<p>Estoque dispon\u00edvel no tamanho: 34.<br \/><small>atualizado em 18\/05\/2022.<\/p>\n","protected":false},"featured_media":898,"template":"","meta":[],"product_cat":[50],"product_tag":[22],"_links":{"self":[{"href":"https:\/\/comprenowhats.com.br\/anacaprimacae\/wp-json\/wp\/v2\/product\/899"}],"collection":[{"href":"https:\/\/comprenowhats.com.br\/anacaprimacae\/wp-json\/wp\/v2\/product"}],"about":[{"href":"https:\/\/comprenowhats.com.br\/anacaprimacae\/wp-json\/wp\/v2\/types\/product"}],"wp:featuredmedia":[{"embeddable":true,"href":"https:\/\/comprenowhats.com.br\/anacaprimacae\/wp-json\/wp\/v2\/media\/898"}],"wp:attachment":[{"href":"https:\/\/comprenowhats.com.br\/anacaprimacae\/wp-json\/wp\/v2\/media?parent=899"}],"wp:term":[{"taxonomy":"product_cat","embeddable":true,"href":"https:\/\/comprenowhats.com.br\/anacaprimacae\/wp-json\/wp\/v2\/product_cat?post=899"},{"taxonomy":"product_tag","embeddable":true,"href":"https:\/\/comprenowhats.com.br\/anacaprimacae\/wp-json\/wp\/v2\/product_tag?post=899"}],"curies":[{"name":"wp","href":"https:\/\/api.w.org\/{rel}","templated":true}]}}