{"id":897,"date":"2020-09-23T14:45:32","date_gmt":"2020-09-23T17:45:32","guid":{"rendered":"https:\/\/comprenowhats.com.br\/anacaprimacae\/produto\/mule-rosa-alegre-bridao\/"},"modified":"2022-05-18T11:45:55","modified_gmt":"2022-05-18T14:45:55","slug":"mule-rosa-alegre-bridao","status":"publish","type":"product","link":"https:\/\/comprenowhats.com.br\/anacaprimacae\/produto\/mule-rosa-alegre-bridao\/","title":{"rendered":"Mule Rosa Alegre Brid\u00e3o"},"content":{"rendered":"<p>Mule rosa alegre. O modelo tem bico redondo e salto rasteiro. Fechada, traz recorte lateral na g\u00e1spea e aplica\u00e7\u00e3o de tira e brid\u00e3o met\u00e1lico. Aberta no calcanhar, tem costura pesponto no contorno do cabedal.<\/p>\n<p>\u00a0<\/p>\n<p>Porque Apostar<\/p>\n<p>\u00a0<\/p>\n<p>Sabe aquele sapato que te deixa elegante sem esfor\u00e7o? \u00c9 a mule com brid\u00e3o, um cl\u00e1ssico do estilo minimal e trend absoluta da esta\u00e7\u00e3o! Combine com cal\u00e7a mom e blusa soltinha, al\u00e9m de acess\u00f3rios em animal print. Vai arrasar, mana, n\u00e3o tem erro!<\/p>\n<div style='text-align: center'><img src='https:\/\/secure-static.anacapri.com.br\/medias\/sys_master\/anacapri\/anacapri\/ha7\/h1d\/h00\/h00\/9771059478558\/3007500600002U-04-BASEIMAGE-Midres.jpg' style='max-height: 400px' \/><img src='https:\/\/secure-static.anacapri.com.br\/medias\/sys_master\/anacapri\/anacapri\/hb3\/h9d\/h00\/h00\/9771059150878\/3007500600002U-05-BASEIMAGE-Midres.jpg' style='max-height: 400px' \/><img src='https:\/\/secure-static.anacapri.com.br\/medias\/sys_master\/anacapri\/anacapri\/hd7\/he7\/h00\/h00\/9771058823198\/3007500600002U-06-BASEIMAGE-Midres.jpg' style='max-height: 400px' \/><\/div>\n<p>* Entre em contato por WhatsApp para verificar a disponibilidade do produto. Ref.: C3007500600002<\/p>\n","protected":false},"excerpt":{"rendered":"<p>Estoque indispon\u00edvel.<br \/><small>atualizado em 18\/05\/2022.<\/p>\n","protected":false},"featured_media":896,"template":"","meta":[],"product_cat":[52],"product_tag":[36,45,46,37],"_links":{"self":[{"href":"https:\/\/comprenowhats.com.br\/anacaprimacae\/wp-json\/wp\/v2\/product\/897"}],"collection":[{"href":"https:\/\/comprenowhats.com.br\/anacaprimacae\/wp-json\/wp\/v2\/product"}],"about":[{"href":"https:\/\/comprenowhats.com.br\/anacaprimacae\/wp-json\/wp\/v2\/types\/product"}],"wp:featuredmedia":[{"embeddable":true,"href":"https:\/\/comprenowhats.com.br\/anacaprimacae\/wp-json\/wp\/v2\/media\/896"}],"wp:attachment":[{"href":"https:\/\/comprenowhats.com.br\/anacaprimacae\/wp-json\/wp\/v2\/media?parent=897"}],"wp:term":[{"taxonomy":"product_cat","embeddable":true,"href":"https:\/\/comprenowhats.com.br\/anacaprimacae\/wp-json\/wp\/v2\/product_cat?post=897"},{"taxonomy":"product_tag","embeddable":true,"href":"https:\/\/comprenowhats.com.br\/anacaprimacae\/wp-json\/wp\/v2\/product_tag?post=897"}],"curies":[{"name":"wp","href":"https:\/\/api.w.org\/{rel}","templated":true}]}}