{"id":893,"date":"2020-09-23T14:45:27","date_gmt":"2020-09-23T17:45:27","guid":{"rendered":"https:\/\/comprenowhats.com.br\/anacaprimacae\/produto\/tenis-preto-furinhos-gabi\/"},"modified":"2022-05-18T11:33:26","modified_gmt":"2022-05-18T14:33:26","slug":"tenis-preto-furinhos-gabi","status":"publish","type":"product","link":"https:\/\/comprenowhats.com.br\/anacaprimacae\/produto\/tenis-preto-furinhos-gabi\/","title":{"rendered":"T\u00eanis Preto Furinhos Gabi"},"content":{"rendered":"<p>Al\u00f4, \u00e9 da pol\u00edcia? Temos um caso s\u00e9rio de amor \u00e0 primeira vista aqui! Ok, o t\u00eanis n\u00e3o \u00e9 nenhum criminoso perigos\u00e3o, mas ele roubou SIM o cora\u00e7\u00e3o das fashionistas quando apareceu assim todo revisitado: o revestimento com furinhos e o solado plataforma com grafismos \u00e9 um charme s\u00f3! Confie no seu superpoder montador de looks e combine o modelo com o que combinar mais com VOC\u00ca &#8211; e arrase sempre!<\/p>\n<div style='text-align: center'><img src='https:\/\/secure-static.anacapri.com.br\/medias\/sys_master\/anacapri\/anacapri\/h22\/h91\/h00\/h00\/9623660265502\/3006000120001U-05-BASEIMAGE-Midres.jpg' style='max-height: 400px' \/><img src='https:\/\/secure-static.anacapri.com.br\/medias\/sys_master\/anacapri\/anacapri\/hb5\/h9d\/h00\/h00\/9623659937822\/3006000120001U-06-BASEIMAGE-Midres.jpg' style='max-height: 400px' \/><img src='https:\/\/secure-static.anacapri.com.br\/medias\/sys_master\/anacapri\/anacapri\/hd7\/h06\/h00\/h00\/9623659610142\/3006000120001U-07-BASEIMAGE-Midres.jpg' style='max-height: 400px' \/><\/div>\n<p>* Entre em contato por WhatsApp para verificar a disponibilidade do produto. Ref.: C3006000120001<\/p>\n","protected":false},"excerpt":{"rendered":"<p>Estoque indispon\u00edvel.<br \/><small>atualizado em 18\/05\/2022.<\/p>\n","protected":false},"featured_media":892,"template":"","meta":[],"product_cat":[50],"product_tag":[23,24],"_links":{"self":[{"href":"https:\/\/comprenowhats.com.br\/anacaprimacae\/wp-json\/wp\/v2\/product\/893"}],"collection":[{"href":"https:\/\/comprenowhats.com.br\/anacaprimacae\/wp-json\/wp\/v2\/product"}],"about":[{"href":"https:\/\/comprenowhats.com.br\/anacaprimacae\/wp-json\/wp\/v2\/types\/product"}],"wp:featuredmedia":[{"embeddable":true,"href":"https:\/\/comprenowhats.com.br\/anacaprimacae\/wp-json\/wp\/v2\/media\/892"}],"wp:attachment":[{"href":"https:\/\/comprenowhats.com.br\/anacaprimacae\/wp-json\/wp\/v2\/media?parent=893"}],"wp:term":[{"taxonomy":"product_cat","embeddable":true,"href":"https:\/\/comprenowhats.com.br\/anacaprimacae\/wp-json\/wp\/v2\/product_cat?post=893"},{"taxonomy":"product_tag","embeddable":true,"href":"https:\/\/comprenowhats.com.br\/anacaprimacae\/wp-json\/wp\/v2\/product_tag?post=893"}],"curies":[{"name":"wp","href":"https:\/\/api.w.org\/{rel}","templated":true}]}}