{"id":891,"date":"2020-09-23T14:45:26","date_gmt":"2020-09-23T17:45:26","guid":{"rendered":"https:\/\/comprenowhats.com.br\/anacaprimacae\/produto\/sapatilha-slingback-preta-laco\/"},"modified":"2022-05-18T11:33:23","modified_gmt":"2022-05-18T14:33:23","slug":"sapatilha-slingback-preta-laco","status":"publish","type":"product","link":"https:\/\/comprenowhats.com.br\/anacaprimacae\/produto\/sapatilha-slingback-preta-laco\/","title":{"rendered":"Sapatilha Slingback Preta La\u00e7o"},"content":{"rendered":"<p>As durezas da vida pedem uma leveza, uma alegria, uma delicadeza, um romantismo: pra todos esses momentos existe essa sapatilha aberta com n\u00f3 que ficar\u00e1 bem em todas as suas produ\u00e7\u00f5es! Confort\u00e1vel, estilosa e muito al\u00e9m do \u00f3bvio!<\/p>\n<div style='text-align: center'><img src='https:\/\/secure-static.anacapri.com.br\/medias\/sys_master\/anacapri\/anacapri\/ha0\/h37\/h00\/h00\/9837509869598\/3002902730006U-04-BASEIMAGE-Midres.jpg' style='max-height: 400px' \/><img src='https:\/\/secure-static.anacapri.com.br\/medias\/sys_master\/anacapri\/anacapri\/h57\/hbb\/h00\/h00\/9837510033438\/3002902730006U-05-BASEIMAGE-Midres.jpg' style='max-height: 400px' \/><img src='https:\/\/secure-static.anacapri.com.br\/medias\/sys_master\/anacapri\/anacapri\/h87\/h99\/h00\/h00\/9837510197278\/3002902730006U-06-BASEIMAGE-Midres.jpg' style='max-height: 400px' \/><\/div>\n<p>* Entre em contato por WhatsApp para verificar a disponibilidade do produto. Ref.: C3002902730006<\/p>\n","protected":false},"excerpt":{"rendered":"<p>Estoque indispon\u00edvel.<br \/><small>atualizado em 18\/05\/2022.<\/p>\n","protected":false},"featured_media":890,"template":"","meta":[],"product_cat":[48],"product_tag":[22],"_links":{"self":[{"href":"https:\/\/comprenowhats.com.br\/anacaprimacae\/wp-json\/wp\/v2\/product\/891"}],"collection":[{"href":"https:\/\/comprenowhats.com.br\/anacaprimacae\/wp-json\/wp\/v2\/product"}],"about":[{"href":"https:\/\/comprenowhats.com.br\/anacaprimacae\/wp-json\/wp\/v2\/types\/product"}],"wp:featuredmedia":[{"embeddable":true,"href":"https:\/\/comprenowhats.com.br\/anacaprimacae\/wp-json\/wp\/v2\/media\/890"}],"wp:attachment":[{"href":"https:\/\/comprenowhats.com.br\/anacaprimacae\/wp-json\/wp\/v2\/media?parent=891"}],"wp:term":[{"taxonomy":"product_cat","embeddable":true,"href":"https:\/\/comprenowhats.com.br\/anacaprimacae\/wp-json\/wp\/v2\/product_cat?post=891"},{"taxonomy":"product_tag","embeddable":true,"href":"https:\/\/comprenowhats.com.br\/anacaprimacae\/wp-json\/wp\/v2\/product_tag?post=891"}],"curies":[{"name":"wp","href":"https:\/\/api.w.org\/{rel}","templated":true}]}}