{"id":883,"date":"2020-09-23T14:45:19","date_gmt":"2020-09-23T17:45:19","guid":{"rendered":"https:\/\/comprenowhats.com.br\/anacaprimacae\/produto\/sapatilha-slingback-preta-laco-lateral\/"},"modified":"2022-05-18T11:34:37","modified_gmt":"2022-05-18T14:34:37","slug":"sapatilha-slingback-preta-laco-lateral","status":"publish","type":"product","link":"https:\/\/comprenowhats.com.br\/anacaprimacae\/produto\/sapatilha-slingback-preta-laco-lateral\/","title":{"rendered":"Sapatilha Slingback Preta La\u00e7o Lateral"},"content":{"rendered":"<p>Em alta na esta\u00e7\u00e3o, la\u00e7os, ondas e delicadezas fazem parte at\u00e9 do look mais ousado: afinal \u00e9 contrastando que a gente cria ainda mais estilo, n\u00e9? Essa sapatilha, graciosa na medida, tem personalidade e garante o conforto no dia a dia. O tom mel fica perfeito com pe\u00e7as em jeans &#8211; vai do trabalho para o happy hour e s\u00f3 n\u00e3o brilha mais que vc &#8211; pois \u00e9 imposs\u00edvel!<\/p>\n<div style='text-align: center'><img src='https:\/\/secure-static.anacapri.com.br\/medias\/sys_master\/anacapri\/anacapri\/he6\/h6c\/h00\/h00\/9644557860894\/3002902700004U-04-BASEIMAGE-Midres.jpg' style='max-height: 400px' \/><img src='https:\/\/secure-static.anacapri.com.br\/medias\/sys_master\/anacapri\/anacapri\/hf5\/h38\/h00\/h00\/9644557533214\/3002902700004U-05-BASEIMAGE-Midres.jpg' style='max-height: 400px' \/><img src='https:\/\/secure-static.anacapri.com.br\/medias\/sys_master\/anacapri\/anacapri\/ha0\/h16\/h00\/h00\/9644557205534\/3002902700004U-06-BASEIMAGE-Midres.jpg' style='max-height: 400px' \/><\/div>\n<p>* Entre em contato por WhatsApp para verificar a disponibilidade do produto. Ref.: C3002902700004<\/p>\n","protected":false},"excerpt":{"rendered":"<p>Estoque indispon\u00edvel.<br \/><small>atualizado em 18\/05\/2022.<\/p>\n","protected":false},"featured_media":882,"template":"","meta":[],"product_cat":[48],"product_tag":[22],"_links":{"self":[{"href":"https:\/\/comprenowhats.com.br\/anacaprimacae\/wp-json\/wp\/v2\/product\/883"}],"collection":[{"href":"https:\/\/comprenowhats.com.br\/anacaprimacae\/wp-json\/wp\/v2\/product"}],"about":[{"href":"https:\/\/comprenowhats.com.br\/anacaprimacae\/wp-json\/wp\/v2\/types\/product"}],"wp:featuredmedia":[{"embeddable":true,"href":"https:\/\/comprenowhats.com.br\/anacaprimacae\/wp-json\/wp\/v2\/media\/882"}],"wp:attachment":[{"href":"https:\/\/comprenowhats.com.br\/anacaprimacae\/wp-json\/wp\/v2\/media?parent=883"}],"wp:term":[{"taxonomy":"product_cat","embeddable":true,"href":"https:\/\/comprenowhats.com.br\/anacaprimacae\/wp-json\/wp\/v2\/product_cat?post=883"},{"taxonomy":"product_tag","embeddable":true,"href":"https:\/\/comprenowhats.com.br\/anacaprimacae\/wp-json\/wp\/v2\/product_tag?post=883"}],"curies":[{"name":"wp","href":"https:\/\/api.w.org\/{rel}","templated":true}]}}