{"id":877,"date":"2020-09-23T14:45:13","date_gmt":"2020-09-23T17:45:13","guid":{"rendered":"https:\/\/comprenowhats.com.br\/anacaprimacae\/produto\/sapatilha-slingback-dourada\/"},"modified":"2022-05-18T11:32:53","modified_gmt":"2022-05-18T14:32:53","slug":"sapatilha-slingback-dourada","status":"publish","type":"product","link":"https:\/\/comprenowhats.com.br\/anacaprimacae\/produto\/sapatilha-slingback-dourada\/","title":{"rendered":"Sapatilha Slingback Dourada"},"content":{"rendered":"<p>Essa \u00e9 pra quem pensa que conforto &#8211; trabalho &#8211; beleza &#8211; dia a dia n\u00e3o andam juntos: A GENTE FAZ SER POSS\u00cdVEL, SIM. Afinal todas n\u00f3s temos o direito de andar lindas por a\u00ed, mas sem dor e sem desconforto! Al\u00e9m do(s) nosso(s) t\u00eanis insepar\u00e1vel(is) que tal apostar nessa sapatilha aberta, mega elegante, urbana e atual com um toque de brilho light? Se tem algo irresist\u00edvel \u00e9 ela!<\/p>\n<div style='text-align: center'><img src='https:\/\/secure-static.anacapri.com.br\/medias\/sys_master\/anacapri\/anacapri\/h92\/h0d\/h00\/h00\/9644292866078\/3002900610035U-05-BASEIMAGE-Midres.jpg' style='max-height: 400px' \/><img src='https:\/\/secure-static.anacapri.com.br\/medias\/sys_master\/anacapri\/anacapri\/h63\/h02\/h00\/h00\/9644291227678\/3002900610035U-06-BASEIMAGE-Midres.jpg' style='max-height: 400px' \/><img src='https:\/\/secure-static.anacapri.com.br\/medias\/sys_master\/anacapri\/anacapri\/h28\/h5d\/h00\/h00\/9644292538398\/3002900610035U-07-BASEIMAGE-Midres.jpg' style='max-height: 400px' \/><\/div>\n<p>* Entre em contato por WhatsApp para verificar a disponibilidade do produto. Ref.: C3002900610035<\/p>\n","protected":false},"excerpt":{"rendered":"<p>Estoque indispon\u00edvel.<br \/><small>atualizado em 18\/05\/2022.<\/p>\n","protected":false},"featured_media":876,"template":"","meta":[],"product_cat":[48],"product_tag":[22],"_links":{"self":[{"href":"https:\/\/comprenowhats.com.br\/anacaprimacae\/wp-json\/wp\/v2\/product\/877"}],"collection":[{"href":"https:\/\/comprenowhats.com.br\/anacaprimacae\/wp-json\/wp\/v2\/product"}],"about":[{"href":"https:\/\/comprenowhats.com.br\/anacaprimacae\/wp-json\/wp\/v2\/types\/product"}],"wp:featuredmedia":[{"embeddable":true,"href":"https:\/\/comprenowhats.com.br\/anacaprimacae\/wp-json\/wp\/v2\/media\/876"}],"wp:attachment":[{"href":"https:\/\/comprenowhats.com.br\/anacaprimacae\/wp-json\/wp\/v2\/media?parent=877"}],"wp:term":[{"taxonomy":"product_cat","embeddable":true,"href":"https:\/\/comprenowhats.com.br\/anacaprimacae\/wp-json\/wp\/v2\/product_cat?post=877"},{"taxonomy":"product_tag","embeddable":true,"href":"https:\/\/comprenowhats.com.br\/anacaprimacae\/wp-json\/wp\/v2\/product_tag?post=877"}],"curies":[{"name":"wp","href":"https:\/\/api.w.org\/{rel}","templated":true}]}}