{"id":875,"date":"2020-09-23T14:45:10","date_gmt":"2020-09-23T17:45:10","guid":{"rendered":"https:\/\/comprenowhats.com.br\/anacaprimacae\/produto\/mule-chumbo-lezard\/"},"modified":"2023-08-18T11:30:44","modified_gmt":"2023-08-18T14:30:44","slug":"mule-chumbo-lezard","status":"publish","type":"product","link":"https:\/\/comprenowhats.com.br\/anacaprimacae\/produto\/mule-chumbo-lezard\/","title":{"rendered":"Mule Chumbo Lezard"},"content":{"rendered":"<p>Pr\u00e1tica, confort\u00e1vel e G-L-A-M! O shape minimalista da mule deu match com o brilho ousado do metalizado e o resultado \u00e9 essa joia que est\u00e1s a mirar. Perfeito para adicionar doses gigantes de fashionismo a 100% dos looks do seu guarda-roupa, a mule tamb\u00e9m \u00e9 perfeita para compor produ\u00e7\u00f5es sofisticadas &#8211; porque s\u00f3 as descomplicadas sabem que os baixinhos tamb\u00e9m ornam super com ocasi\u00f5es mais festivas! Vai com tudo, mana!<\/p>\n<div style='text-align: center'><img src='https:\/\/secure-static.anacapri.com.br\/medias\/sys_master\/anacapri\/anacapri\/haa\/hae\/h00\/h00\/9623651876894\/3002900410039U-04-BASEIMAGE-Midres.jpg' style='max-height: 400px' \/><img src='https:\/\/secure-static.anacapri.com.br\/medias\/sys_master\/anacapri\/anacapri\/hcf\/h08\/h00\/h00\/9623651549214\/3002900410039U-05-BASEIMAGE-Midres.jpg' style='max-height: 400px' \/><img src='https:\/\/secure-static.anacapri.com.br\/medias\/sys_master\/anacapri\/anacapri\/h8c\/hb2\/h00\/h00\/9623651221534\/3002900410039U-06-BASEIMAGE-Midres.jpg' style='max-height: 400px' \/><\/div>\n<p>* Entre em contato por WhatsApp para verificar a disponibilidade do produto. Ref.: C3002900410039<\/p>\n","protected":false},"excerpt":{"rendered":"<p>Estoque dispon\u00edvel nos tamanhos: ULTIMA_ESTACAO, 34.<br \/><small>atualizado em 18\/08\/2023.<\/p>\n","protected":false},"featured_media":874,"template":"","meta":[],"product_cat":[52],"product_tag":[22,103],"_links":{"self":[{"href":"https:\/\/comprenowhats.com.br\/anacaprimacae\/wp-json\/wp\/v2\/product\/875"}],"collection":[{"href":"https:\/\/comprenowhats.com.br\/anacaprimacae\/wp-json\/wp\/v2\/product"}],"about":[{"href":"https:\/\/comprenowhats.com.br\/anacaprimacae\/wp-json\/wp\/v2\/types\/product"}],"wp:featuredmedia":[{"embeddable":true,"href":"https:\/\/comprenowhats.com.br\/anacaprimacae\/wp-json\/wp\/v2\/media\/874"}],"wp:attachment":[{"href":"https:\/\/comprenowhats.com.br\/anacaprimacae\/wp-json\/wp\/v2\/media?parent=875"}],"wp:term":[{"taxonomy":"product_cat","embeddable":true,"href":"https:\/\/comprenowhats.com.br\/anacaprimacae\/wp-json\/wp\/v2\/product_cat?post=875"},{"taxonomy":"product_tag","embeddable":true,"href":"https:\/\/comprenowhats.com.br\/anacaprimacae\/wp-json\/wp\/v2\/product_tag?post=875"}],"curies":[{"name":"wp","href":"https:\/\/api.w.org\/{rel}","templated":true}]}}