{"id":867,"date":"2020-09-23T14:44:58","date_gmt":"2020-09-23T17:44:58","guid":{"rendered":"https:\/\/comprenowhats.com.br\/anacaprimacae\/produto\/tenis-branco-e-dourado-new-ana\/"},"modified":"2022-05-18T11:33:16","modified_gmt":"2022-05-18T14:33:16","slug":"tenis-branco-e-dourado-new-ana","status":"publish","type":"product","link":"https:\/\/comprenowhats.com.br\/anacaprimacae\/produto\/tenis-branco-e-dourado-new-ana\/","title":{"rendered":"T\u00eanis Branco e Dourado New Ana"},"content":{"rendered":"<p>Retr\u00f4&amp;futuristico, o imbat\u00edvel t\u00eanis branco vem com detalhes em recortes gliterozos nas laterias e no calcanhar, provando que o b\u00e1sico \u00e9, al\u00e9m de chic, SUPER GLAM! E j\u00e1 sabe, n\u00e9? Vai com o que voc\u00ea quiser! Voc\u00ea confort\u00e1velmente descomplicada e mostrando para o mundo que arrasa em todos os looks &lt;4<\/p>\n<div style='text-align: center'><img src='https:\/\/secure-static.anacapri.com.br\/medias\/sys_master\/anacapri\/anacapri\/h2a\/hb4\/h00\/h00\/9819834023966\/3002201270002U-04-BASEIMAGE-Midres.jpg' style='max-height: 400px' \/><img src='https:\/\/secure-static.anacapri.com.br\/medias\/sys_master\/anacapri\/anacapri\/hb5\/h50\/h00\/h00\/9819834187806\/3002201270002U-05-BASEIMAGE-Midres.jpg' style='max-height: 400px' \/><img src='https:\/\/secure-static.anacapri.com.br\/medias\/sys_master\/anacapri\/anacapri\/h40\/hfc\/h00\/h00\/9819834351646\/3002201270002U-06-BASEIMAGE-Midres.jpg' style='max-height: 400px' \/><\/div>\n<p>* Entre em contato por WhatsApp para verificar a disponibilidade do produto. Ref.: C3002201270002<\/p>\n","protected":false},"excerpt":{"rendered":"<p>Estoque indispon\u00edvel.<br \/><small>atualizado em 18\/05\/2022.<\/p>\n","protected":false},"featured_media":866,"template":"","meta":[],"product_cat":[50],"product_tag":[21,22,23,25,28],"_links":{"self":[{"href":"https:\/\/comprenowhats.com.br\/anacaprimacae\/wp-json\/wp\/v2\/product\/867"}],"collection":[{"href":"https:\/\/comprenowhats.com.br\/anacaprimacae\/wp-json\/wp\/v2\/product"}],"about":[{"href":"https:\/\/comprenowhats.com.br\/anacaprimacae\/wp-json\/wp\/v2\/types\/product"}],"wp:featuredmedia":[{"embeddable":true,"href":"https:\/\/comprenowhats.com.br\/anacaprimacae\/wp-json\/wp\/v2\/media\/866"}],"wp:attachment":[{"href":"https:\/\/comprenowhats.com.br\/anacaprimacae\/wp-json\/wp\/v2\/media?parent=867"}],"wp:term":[{"taxonomy":"product_cat","embeddable":true,"href":"https:\/\/comprenowhats.com.br\/anacaprimacae\/wp-json\/wp\/v2\/product_cat?post=867"},{"taxonomy":"product_tag","embeddable":true,"href":"https:\/\/comprenowhats.com.br\/anacaprimacae\/wp-json\/wp\/v2\/product_tag?post=867"}],"curies":[{"name":"wp","href":"https:\/\/api.w.org\/{rel}","templated":true}]}}