{"id":863,"date":"2020-09-23T14:44:54","date_gmt":"2020-09-23T17:44:54","guid":{"rendered":"https:\/\/comprenowhats.com.br\/anacaprimacae\/produto\/tenis-slip-on-preto-laco\/"},"modified":"2022-05-18T11:33:16","modified_gmt":"2022-05-18T14:33:16","slug":"tenis-slip-on-preto-laco","status":"publish","type":"product","link":"https:\/\/comprenowhats.com.br\/anacaprimacae\/produto\/tenis-slip-on-preto-laco\/","title":{"rendered":"T\u00eanis Slip On Preto La\u00e7o"},"content":{"rendered":"<p>A gente n\u00e3o aguenta! Nessa temporada os t\u00eanis vem embelezados e cheinhos de personalidade, la\u00e7os e amarra\u00e7\u00f5es que s\u00e3o a coisa mais cool da esta\u00e7\u00e3o. Nesse slip on lindo de solado alto, a pedida \u00e9 o la\u00e7o que forma um n\u00f3 sobre o p\u00e9! Conforto e estilo garantidos em qualquer produ\u00e7\u00e3o!<\/p>\n<div style='text-align: center'><img src='https:\/\/secure-static.anacapri.com.br\/medias\/sys_master\/anacapri\/anacapri\/h49\/h11\/h00\/h00\/9644449366046\/3002201240005U-04-BASEIMAGE-Midres.jpg' style='max-height: 400px' \/><img src='https:\/\/secure-static.anacapri.com.br\/medias\/sys_master\/anacapri\/anacapri\/hde\/h60\/h00\/h00\/9644449038366\/3002201240005U-05-BASEIMAGE-Midres.jpg' style='max-height: 400px' \/><img src='https:\/\/secure-static.anacapri.com.br\/medias\/sys_master\/anacapri\/anacapri\/h50\/h2d\/h00\/h00\/9644448153630\/3002201240005U-06-BASEIMAGE-Midres.jpg' style='max-height: 400px' \/><\/div>\n<p>* Entre em contato por WhatsApp para verificar a disponibilidade do produto. Ref.: C3002201240005<\/p>\n","protected":false},"excerpt":{"rendered":"<p>Estoque indispon\u00edvel.<br \/><small>atualizado em 18\/05\/2022.<\/p>\n","protected":false},"featured_media":862,"template":"","meta":[],"product_cat":[50],"product_tag":[21,22,23,25,28],"_links":{"self":[{"href":"https:\/\/comprenowhats.com.br\/anacaprimacae\/wp-json\/wp\/v2\/product\/863"}],"collection":[{"href":"https:\/\/comprenowhats.com.br\/anacaprimacae\/wp-json\/wp\/v2\/product"}],"about":[{"href":"https:\/\/comprenowhats.com.br\/anacaprimacae\/wp-json\/wp\/v2\/types\/product"}],"wp:featuredmedia":[{"embeddable":true,"href":"https:\/\/comprenowhats.com.br\/anacaprimacae\/wp-json\/wp\/v2\/media\/862"}],"wp:attachment":[{"href":"https:\/\/comprenowhats.com.br\/anacaprimacae\/wp-json\/wp\/v2\/media?parent=863"}],"wp:term":[{"taxonomy":"product_cat","embeddable":true,"href":"https:\/\/comprenowhats.com.br\/anacaprimacae\/wp-json\/wp\/v2\/product_cat?post=863"},{"taxonomy":"product_tag","embeddable":true,"href":"https:\/\/comprenowhats.com.br\/anacaprimacae\/wp-json\/wp\/v2\/product_tag?post=863"}],"curies":[{"name":"wp","href":"https:\/\/api.w.org\/{rel}","templated":true}]}}