{"id":857,"date":"2020-09-23T14:44:49","date_gmt":"2020-09-23T17:44:49","guid":{"rendered":"https:\/\/comprenowhats.com.br\/anacaprimacae\/produto\/rasteira-rosa-couro-tiras-esferas\/"},"modified":"2022-05-18T11:33:07","modified_gmt":"2022-05-18T14:33:07","slug":"rasteira-rosa-couro-tiras-esferas","status":"publish","type":"product","link":"https:\/\/comprenowhats.com.br\/anacaprimacae\/produto\/rasteira-rosa-couro-tiras-esferas\/","title":{"rendered":"Rasteira Rosa Couro Tiras Esferas"},"content":{"rendered":"<p>Sand\u00e1lia rasteira rosa de couro. O modelo tem bico redondo e solado marrom. Traz duas tiras largas, espa\u00e7adas e cobertas por grandes esferas resinadas rosa, no cabedal. Aberta, deixa dedos, laterais e calcanhar \u00e0 mostra. <\/p>\n<p><b>Porque Apostar<\/b><\/br><\/br>Fofa, delicada e super divertida, tudo o que voc\u00ea queria, mana! A rasteirinha tem aplica\u00e7\u00e3o de esferas resinadas e insere um toque fun no look do dia a dia, al\u00e9m de ser mega confort\u00e1vel. Aposte em vestido, saia midi ou jeans e acess\u00f3rios coloridos. A cara da esta\u00e7\u00e3o, para ter uma de cor, n\u00e9?<\/p>\n<div style='text-align: center'><img src='https:\/\/secure-static.anacapri.com.br\/medias\/sys_master\/anacapri\/anacapri\/hb9\/h48\/h00\/h00\/9889484210206\/3001401450006U-03-BASEIMAGE-Midres.jpg' style='max-height: 400px' \/><img src='https:\/\/secure-static.anacapri.com.br\/medias\/sys_master\/anacapri\/anacapri\/h79\/h06\/h00\/h00\/9889484537886\/3001401450006U-04-BASEIMAGE-Midres.jpg' style='max-height: 400px' \/><img src='https:\/\/secure-static.anacapri.com.br\/medias\/sys_master\/anacapri\/anacapri\/h0f\/h56\/h00\/h00\/9889484865566\/3001401450006U-05-BASEIMAGE-Midres.jpg' style='max-height: 400px' \/><img src='https:\/\/secure-static.anacapri.com.br\/medias\/sys_master\/anacapri\/anacapri\/hb1\/hb9\/h00\/h00\/9889485193246\/3001401450006U-06-BASEIMAGE-Midres.jpg' style='max-height: 400px' \/><img src='https:\/\/secure-static.anacapri.com.br\/medias\/sys_master\/anacapri\/anacapri\/hbc\/hae\/h00\/h00\/9889485520926\/3001401450006U-07-BASEIMAGE-Midres.jpg' style='max-height: 400px' \/><img src='https:\/\/secure-static.anacapri.com.br\/medias\/sys_master\/anacapri\/anacapri\/h9f\/h0c\/h00\/h00\/9889485848606\/3001401450006U-08-BASEIMAGE-Midres.jpg' style='max-height: 400px' \/><img src='https:\/\/secure-static.anacapri.com.br\/medias\/sys_master\/anacapri\/anacapri\/h37\/he1\/h00\/h00\/9905837965342\/3001401450006U-10-BASEIMAGE-Midres.png' style='max-height: 400px' \/><img src='https:\/\/secure-static.anacapri.com.br\/medias\/sys_master\/anacapri\/anacapri\/h6b\/h90\/h00\/h00\/9901289472030\/3001401450006U-11-BASEIMAGE-Midres.png' style='max-height: 400px' \/><\/div>\n<p>* Entre em contato por WhatsApp para verificar a disponibilidade do produto. Ref.: C3001401450006<\/p>\n","protected":false},"excerpt":{"rendered":"<p>Estoque indispon\u00edvel.<br \/><small>atualizado em 18\/05\/2022.<\/p>\n","protected":false},"featured_media":856,"template":"","meta":[],"product_cat":[49],"product_tag":[21,22,23,24,25,26,27,28],"_links":{"self":[{"href":"https:\/\/comprenowhats.com.br\/anacaprimacae\/wp-json\/wp\/v2\/product\/857"}],"collection":[{"href":"https:\/\/comprenowhats.com.br\/anacaprimacae\/wp-json\/wp\/v2\/product"}],"about":[{"href":"https:\/\/comprenowhats.com.br\/anacaprimacae\/wp-json\/wp\/v2\/types\/product"}],"wp:featuredmedia":[{"embeddable":true,"href":"https:\/\/comprenowhats.com.br\/anacaprimacae\/wp-json\/wp\/v2\/media\/856"}],"wp:attachment":[{"href":"https:\/\/comprenowhats.com.br\/anacaprimacae\/wp-json\/wp\/v2\/media?parent=857"}],"wp:term":[{"taxonomy":"product_cat","embeddable":true,"href":"https:\/\/comprenowhats.com.br\/anacaprimacae\/wp-json\/wp\/v2\/product_cat?post=857"},{"taxonomy":"product_tag","embeddable":true,"href":"https:\/\/comprenowhats.com.br\/anacaprimacae\/wp-json\/wp\/v2\/product_tag?post=857"}],"curies":[{"name":"wp","href":"https:\/\/api.w.org\/{rel}","templated":true}]}}