{"id":855,"date":"2020-09-23T14:44:48","date_gmt":"2020-09-23T17:44:48","guid":{"rendered":"https:\/\/comprenowhats.com.br\/anacaprimacae\/produto\/rasteira-preta-couro-tiras-esferas\/"},"modified":"2023-03-14T16:27:17","modified_gmt":"2023-03-14T19:27:17","slug":"rasteira-preta-couro-tiras-esferas","status":"publish","type":"product","link":"https:\/\/comprenowhats.com.br\/anacaprimacae\/produto\/rasteira-preta-couro-tiras-esferas\/","title":{"rendered":"Rasteira Preta Couro Tiras Esferas"},"content":{"rendered":"<p>Sand\u00e1lia rasteira preta de couro. O modelo tem bico redondo e solado marrom. Traz duas tiras largas, espa\u00e7adas e cobertas por grandes esferas resinadas pretas, no cabedal. Aberta, deixa dedos, laterais e calcanhar \u00e0 mostra. <\/p>\n<p><b>Porque Apostar<\/b><\/br><\/br>Fofa, delicada e super divertida, tudo o que voc\u00ea queria, mana! A rasteirinha tem aplica\u00e7\u00e3o de esferas resinadas e insere um toque fun no look do dia a dia, al\u00e9m de ser mega confort\u00e1vel. Aposte em vestido, saia midi ou jeans e acess\u00f3rios coloridos. A cara da esta\u00e7\u00e3o, para ter uma de cor, n\u00e9?<\/p>\n<div style='text-align: center'><img src='https:\/\/secure-static.anacapri.com.br\/medias\/sys_master\/anacapri\/anacapri\/hc1\/h03\/h00\/h00\/9889487487006\/3001401450004U-04-BASEIMAGE-Midres.jpg' style='max-height: 400px' \/><img src='https:\/\/secure-static.anacapri.com.br\/medias\/sys_master\/anacapri\/anacapri\/h63\/h56\/h00\/h00\/9889487814686\/3001401450004U-05-BASEIMAGE-Midres.jpg' style='max-height: 400px' \/><img src='https:\/\/secure-static.anacapri.com.br\/medias\/sys_master\/anacapri\/anacapri\/h3f\/h0d\/h00\/h00\/9889488142366\/3001401450004U-06-BASEIMAGE-Midres.jpg' style='max-height: 400px' \/><\/div>\n<p>* Entre em contato por WhatsApp para verificar a disponibilidade do produto. Ref.: C3001401450004<\/p>\n","protected":false},"excerpt":{"rendered":"<p>Estoque dispon\u00edvel no tamanho: 33.<br \/><small>atualizado em 14\/03\/2023.<\/p>\n","protected":false},"featured_media":854,"template":"","meta":[],"product_cat":[49],"product_tag":[21],"_links":{"self":[{"href":"https:\/\/comprenowhats.com.br\/anacaprimacae\/wp-json\/wp\/v2\/product\/855"}],"collection":[{"href":"https:\/\/comprenowhats.com.br\/anacaprimacae\/wp-json\/wp\/v2\/product"}],"about":[{"href":"https:\/\/comprenowhats.com.br\/anacaprimacae\/wp-json\/wp\/v2\/types\/product"}],"wp:featuredmedia":[{"embeddable":true,"href":"https:\/\/comprenowhats.com.br\/anacaprimacae\/wp-json\/wp\/v2\/media\/854"}],"wp:attachment":[{"href":"https:\/\/comprenowhats.com.br\/anacaprimacae\/wp-json\/wp\/v2\/media?parent=855"}],"wp:term":[{"taxonomy":"product_cat","embeddable":true,"href":"https:\/\/comprenowhats.com.br\/anacaprimacae\/wp-json\/wp\/v2\/product_cat?post=855"},{"taxonomy":"product_tag","embeddable":true,"href":"https:\/\/comprenowhats.com.br\/anacaprimacae\/wp-json\/wp\/v2\/product_tag?post=855"}],"curies":[{"name":"wp","href":"https:\/\/api.w.org\/{rel}","templated":true}]}}