{"id":853,"date":"2020-09-23T14:44:47","date_gmt":"2020-09-23T17:44:47","guid":{"rendered":"https:\/\/comprenowhats.com.br\/anacaprimacae\/produto\/rasteira-amarelo-paprica-couro-tiras-entrelacadas\/"},"modified":"2022-05-18T11:33:06","modified_gmt":"2022-05-18T14:33:06","slug":"rasteira-amarelo-paprica-couro-tiras-entrelacadas","status":"publish","type":"product","link":"https:\/\/comprenowhats.com.br\/anacaprimacae\/produto\/rasteira-amarelo-paprica-couro-tiras-entrelacadas\/","title":{"rendered":"Rasteira Amarelo P\u00e1prica Couro Tiras Entrela\u00e7adas"},"content":{"rendered":"<p>A flat em couro com acabamento em laser tem ares r\u00fasticos e shape minimal. As tiras entrela\u00e7adas no peito do p\u00e9 tiram esse modelo atemporal do \u00f3bvio, o tornando perfeito para compor aquele look chic sem esfor\u00e7o com o nosso combo preferido jeans+camiseta e tamb\u00e9m produ\u00e7\u00f5es boho, com vestidos, saias e cal\u00e7as esvoa\u00e7antes. Amamos!<\/p>\n<div style='text-align: center'><img src='https:\/\/secure-static.anacapri.com.br\/medias\/sys_master\/anacapri\/anacapri\/h9d\/h44\/h00\/h00\/9623605739550\/3001401360010U-04-BASEIMAGE-Midres.jpg' style='max-height: 400px' \/><img src='https:\/\/secure-static.anacapri.com.br\/medias\/sys_master\/anacapri\/anacapri\/hf9\/hff\/h00\/h00\/9623605411870\/3001401360010U-05-BASEIMAGE-Midres.jpg' style='max-height: 400px' \/><img src='https:\/\/secure-static.anacapri.com.br\/medias\/sys_master\/anacapri\/anacapri\/h10\/hf5\/h00\/h00\/9623605084190\/3001401360010U-06-BASEIMAGE-Midres.jpg' style='max-height: 400px' \/><\/div>\n<p>* Entre em contato por WhatsApp para verificar a disponibilidade do produto. Ref.: C3001401360010<\/p>\n","protected":false},"excerpt":{"rendered":"<p>Estoque indispon\u00edvel.<br \/><small>atualizado em 18\/05\/2022.<\/p>\n","protected":false},"featured_media":852,"template":"","meta":[],"product_cat":[49],"product_tag":[24,25],"_links":{"self":[{"href":"https:\/\/comprenowhats.com.br\/anacaprimacae\/wp-json\/wp\/v2\/product\/853"}],"collection":[{"href":"https:\/\/comprenowhats.com.br\/anacaprimacae\/wp-json\/wp\/v2\/product"}],"about":[{"href":"https:\/\/comprenowhats.com.br\/anacaprimacae\/wp-json\/wp\/v2\/types\/product"}],"wp:featuredmedia":[{"embeddable":true,"href":"https:\/\/comprenowhats.com.br\/anacaprimacae\/wp-json\/wp\/v2\/media\/852"}],"wp:attachment":[{"href":"https:\/\/comprenowhats.com.br\/anacaprimacae\/wp-json\/wp\/v2\/media?parent=853"}],"wp:term":[{"taxonomy":"product_cat","embeddable":true,"href":"https:\/\/comprenowhats.com.br\/anacaprimacae\/wp-json\/wp\/v2\/product_cat?post=853"},{"taxonomy":"product_tag","embeddable":true,"href":"https:\/\/comprenowhats.com.br\/anacaprimacae\/wp-json\/wp\/v2\/product_tag?post=853"}],"curies":[{"name":"wp","href":"https:\/\/api.w.org\/{rel}","templated":true}]}}