{"id":851,"date":"2020-09-23T14:44:46","date_gmt":"2020-09-23T17:44:46","guid":{"rendered":"https:\/\/comprenowhats.com.br\/anacaprimacae\/produto\/rasteira-marrom-toffee-couro-tiras-entrelacadas\/"},"modified":"2022-05-18T11:32:58","modified_gmt":"2022-05-18T14:32:58","slug":"rasteira-marrom-toffee-couro-tiras-entrelacadas","status":"publish","type":"product","link":"https:\/\/comprenowhats.com.br\/anacaprimacae\/produto\/rasteira-marrom-toffee-couro-tiras-entrelacadas\/","title":{"rendered":"Rasteira Marrom Toffee Couro Tiras Entrela\u00e7adas"},"content":{"rendered":"<p>A flat em couro com acabamento em laser tem ares r\u00fasticos e shape minimal. As tiras entrela\u00e7adas no peito do p\u00e9 tiram esse modelo atemporal do \u00f3bvio, o tornando perfeito para compor aquele look chic sem esfor\u00e7o com o nosso combo preferido jeans+camiseta e tamb\u00e9m produ\u00e7\u00f5es boho, com vestidos, saias e cal\u00e7as esvoa\u00e7antes. Amamos!<\/p>\n<div style='text-align: center'><img src='https:\/\/secure-static.anacapri.com.br\/medias\/sys_master\/anacapri\/anacapri\/h22\/h28\/h00\/h00\/9623592697886\/3001401360009U-04-BASEIMAGE-Midres.jpg' style='max-height: 400px' \/><img src='https:\/\/secure-static.anacapri.com.br\/medias\/sys_master\/anacapri\/anacapri\/h10\/h27\/h00\/h00\/9623592370206\/3001401360009U-05-BASEIMAGE-Midres.jpg' style='max-height: 400px' \/><img src='https:\/\/secure-static.anacapri.com.br\/medias\/sys_master\/anacapri\/anacapri\/ha6\/h76\/h00\/h00\/9623592042526\/3001401360009U-06-BASEIMAGE-Midres.jpg' style='max-height: 400px' \/><\/div>\n<p>* Entre em contato por WhatsApp para verificar a disponibilidade do produto. Ref.: C3001401360009<\/p>\n","protected":false},"excerpt":{"rendered":"<p>Estoque indispon\u00edvel.<br \/><small>atualizado em 18\/05\/2022.<\/p>\n","protected":false},"featured_media":850,"template":"","meta":[],"product_cat":[49],"product_tag":[24,25],"_links":{"self":[{"href":"https:\/\/comprenowhats.com.br\/anacaprimacae\/wp-json\/wp\/v2\/product\/851"}],"collection":[{"href":"https:\/\/comprenowhats.com.br\/anacaprimacae\/wp-json\/wp\/v2\/product"}],"about":[{"href":"https:\/\/comprenowhats.com.br\/anacaprimacae\/wp-json\/wp\/v2\/types\/product"}],"wp:featuredmedia":[{"embeddable":true,"href":"https:\/\/comprenowhats.com.br\/anacaprimacae\/wp-json\/wp\/v2\/media\/850"}],"wp:attachment":[{"href":"https:\/\/comprenowhats.com.br\/anacaprimacae\/wp-json\/wp\/v2\/media?parent=851"}],"wp:term":[{"taxonomy":"product_cat","embeddable":true,"href":"https:\/\/comprenowhats.com.br\/anacaprimacae\/wp-json\/wp\/v2\/product_cat?post=851"},{"taxonomy":"product_tag","embeddable":true,"href":"https:\/\/comprenowhats.com.br\/anacaprimacae\/wp-json\/wp\/v2\/product_tag?post=851"}],"curies":[{"name":"wp","href":"https:\/\/api.w.org\/{rel}","templated":true}]}}