{"id":845,"date":"2020-09-23T14:44:41","date_gmt":"2020-09-23T17:44:41","guid":{"rendered":"https:\/\/comprenowhats.com.br\/anacaprimacae\/produto\/tenis-rosa-couro-monocolor\/"},"modified":"2022-05-18T11:32:59","modified_gmt":"2022-05-18T14:32:59","slug":"tenis-rosa-couro-monocolor","status":"publish","type":"product","link":"https:\/\/comprenowhats.com.br\/anacaprimacae\/produto\/tenis-rosa-couro-monocolor\/","title":{"rendered":"T\u00eanis Rosa Couro Monocolor"},"content":{"rendered":"<p>Com amarra\u00e7\u00e3o tradicional e solado baixo, esse t\u00eanis que \u00e9 TODINHO do mesmo tom chega roubando a cena, seja no conforto como na beleza! Al\u00e9m de mega pr\u00e1tico e f\u00e1cil de usar, combina com tudo que voc\u00ea tem em casa e garante um ar descolado pro look &#8211;  mesmo aquele mais basiquinho.<\/p>\n<div style='text-align: center'><img src='https:\/\/secure-static.anacapri.com.br\/medias\/sys_master\/anacapri\/anacapri\/h7a\/h4b\/h00\/h00\/9644431343646\/3000003350002U-05-BASEIMAGE-Midres.jpg' style='max-height: 400px' \/><img src='https:\/\/secure-static.anacapri.com.br\/medias\/sys_master\/anacapri\/anacapri\/h1b\/h04\/h00\/h00\/9644431015966\/3000003350002U-06-BASEIMAGE-Midres.jpg' style='max-height: 400px' \/><img src='https:\/\/secure-static.anacapri.com.br\/medias\/sys_master\/anacapri\/anacapri\/h32\/h0d\/h00\/h00\/9644430688286\/3000003350002U-07-BASEIMAGE-Midres.jpg' style='max-height: 400px' \/><\/div>\n<p>* Entre em contato por WhatsApp para verificar a disponibilidade do produto. Ref.: C3000003350002<\/p>\n","protected":false},"excerpt":{"rendered":"<p>Estoque dispon\u00edvel no tamanho: 38.<br \/><small>atualizado em 18\/05\/2022.<\/p>\n","protected":false},"featured_media":844,"template":"","meta":[],"product_cat":[50],"product_tag":[26],"_links":{"self":[{"href":"https:\/\/comprenowhats.com.br\/anacaprimacae\/wp-json\/wp\/v2\/product\/845"}],"collection":[{"href":"https:\/\/comprenowhats.com.br\/anacaprimacae\/wp-json\/wp\/v2\/product"}],"about":[{"href":"https:\/\/comprenowhats.com.br\/anacaprimacae\/wp-json\/wp\/v2\/types\/product"}],"wp:featuredmedia":[{"embeddable":true,"href":"https:\/\/comprenowhats.com.br\/anacaprimacae\/wp-json\/wp\/v2\/media\/844"}],"wp:attachment":[{"href":"https:\/\/comprenowhats.com.br\/anacaprimacae\/wp-json\/wp\/v2\/media?parent=845"}],"wp:term":[{"taxonomy":"product_cat","embeddable":true,"href":"https:\/\/comprenowhats.com.br\/anacaprimacae\/wp-json\/wp\/v2\/product_cat?post=845"},{"taxonomy":"product_tag","embeddable":true,"href":"https:\/\/comprenowhats.com.br\/anacaprimacae\/wp-json\/wp\/v2\/product_tag?post=845"}],"curies":[{"name":"wp","href":"https:\/\/api.w.org\/{rel}","templated":true}]}}