{"id":839,"date":"2020-09-23T14:44:35","date_gmt":"2020-09-23T17:44:35","guid":{"rendered":"https:\/\/comprenowhats.com.br\/anacaprimacae\/produto\/rasteira-azul-lona-laco\/"},"modified":"2022-05-18T11:45:32","modified_gmt":"2022-05-18T14:45:32","slug":"rasteira-azul-lona-laco","status":"publish","type":"product","link":"https:\/\/comprenowhats.com.br\/anacaprimacae\/produto\/rasteira-azul-lona-laco\/","title":{"rendered":"Rasteira Azul Lona La\u00e7o"},"content":{"rendered":"<p>O Minist\u00e9rio das Descomplicadas adverte: cal\u00e7ar uma flat pode causar obsess\u00e3o por looks fashionistas e uma vontade incontrol\u00e1vel de sair desfilando por a\u00ed! Com tiras largas e detalhe em amarra\u00e7\u00e3o diferentex, a rasteira com revestimento colorido \u00e9 \u00f3tima pra adicionar um ponto de cor a um look b\u00e1sico ou arrematar produ\u00e7\u00f5es monocrom\u00e1ticas &#8211; al\u00e9m de ser o suprassumo do conforto, n\u00e9? Ahaza, mana!<\/p>\n<div style='text-align: center'><img src='https:\/\/secure-static.anacapri.com.br\/medias\/sys_master\/anacapri\/anacapri\/h6d\/h77\/h00\/h00\/9771020484638\/0029504930003U-04-BASEIMAGE-Midres.jpg' style='max-height: 400px' \/><img src='https:\/\/secure-static.anacapri.com.br\/medias\/sys_master\/anacapri\/anacapri\/h03\/hc7\/h00\/h00\/9771020156958\/0029504930003U-05-BASEIMAGE-Midres.jpg' style='max-height: 400px' \/><img src='https:\/\/secure-static.anacapri.com.br\/medias\/sys_master\/anacapri\/anacapri\/h65\/hea\/h00\/h00\/9771019829278\/0029504930003U-06-BASEIMAGE-Midres.jpg' style='max-height: 400px' \/><\/div>\n<p>* Entre em contato por WhatsApp para verificar a disponibilidade do produto. Ref.: C0029504930003<\/p>\n","protected":false},"excerpt":{"rendered":"<p>Estoque indispon\u00edvel.<br \/><small>atualizado em 18\/05\/2022.<\/p>\n","protected":false},"featured_media":838,"template":"","meta":[],"product_cat":[49],"product_tag":[24,25,26,27],"_links":{"self":[{"href":"https:\/\/comprenowhats.com.br\/anacaprimacae\/wp-json\/wp\/v2\/product\/839"}],"collection":[{"href":"https:\/\/comprenowhats.com.br\/anacaprimacae\/wp-json\/wp\/v2\/product"}],"about":[{"href":"https:\/\/comprenowhats.com.br\/anacaprimacae\/wp-json\/wp\/v2\/types\/product"}],"wp:featuredmedia":[{"embeddable":true,"href":"https:\/\/comprenowhats.com.br\/anacaprimacae\/wp-json\/wp\/v2\/media\/838"}],"wp:attachment":[{"href":"https:\/\/comprenowhats.com.br\/anacaprimacae\/wp-json\/wp\/v2\/media?parent=839"}],"wp:term":[{"taxonomy":"product_cat","embeddable":true,"href":"https:\/\/comprenowhats.com.br\/anacaprimacae\/wp-json\/wp\/v2\/product_cat?post=839"},{"taxonomy":"product_tag","embeddable":true,"href":"https:\/\/comprenowhats.com.br\/anacaprimacae\/wp-json\/wp\/v2\/product_tag?post=839"}],"curies":[{"name":"wp","href":"https:\/\/api.w.org\/{rel}","templated":true}]}}